{"id":7019,"date":"2024-01-24T14:35:07","date_gmt":"2024-01-24T21:35:07","guid":{"rendered":"https:\/\/terreboreale.com\/?page_id=7019"},"modified":"2024-01-25T20:24:43","modified_gmt":"2024-01-26T03:24:43","slug":"10-ans-d-aventures-inoubliables-au-yukon","status":"publish","type":"page","link":"https:\/\/terreboreale.com\/fr\/10-ans-d-aventures-inoubliables-au-yukon\/","title":{"rendered":"C&rsquo;\u00e9tait il y a 10 ans !"},"content":{"rendered":"\t\t<div data-elementor-type=\"wp-page\" data-elementor-id=\"7019\" class=\"elementor elementor-7019 elementor-7018\" data-elementor-post-type=\"page\">\n\t\t\t\t\t\t<section class=\"elementor-section elementor-top-section elementor-element elementor-element-1dddde9 elementor-section-boxed elementor-section-height-default elementor-section-height-default\" data-id=\"1dddde9\" data-element_type=\"section\" data-e-type=\"section\">\n\t\t\t\t\t\t<div class=\"elementor-container elementor-column-gap-default\">\n\t\t\t\t\t<div class=\"elementor-column elementor-col-100 elementor-top-column elementor-element elementor-element-c8e2360\" data-id=\"c8e2360\" data-element_type=\"column\" data-e-type=\"column\">\n\t\t\t<div class=\"elementor-widget-wrap\">\n\t\t\t\t\t\t\t<\/div>\n\t\t<\/div>\n\t\t\t\t\t<\/div>\n\t\t<\/section>\n\t\t\t\t<section class=\"elementor-section elementor-top-section elementor-element elementor-element-2627d0d elementor-section-boxed elementor-section-height-default elementor-section-height-default\" data-id=\"2627d0d\" data-element_type=\"section\" data-e-type=\"section\">\n\t\t\t\t\t\t<div class=\"elementor-container elementor-column-gap-default\">\n\t\t\t\t\t<div class=\"elementor-column elementor-col-100 elementor-top-column elementor-element elementor-element-b9368ba\" data-id=\"b9368ba\" data-element_type=\"column\" data-e-type=\"column\">\n\t\t\t<div class=\"elementor-widget-wrap elementor-element-populated\">\n\t\t\t\t\t\t<div class=\"elementor-element elementor-element-7f985ed elementor-widget elementor-widget-spacer\" data-id=\"7f985ed\" data-element_type=\"widget\" data-e-type=\"widget\" data-widget_type=\"spacer.default\">\n\t\t\t\t<div class=\"elementor-widget-container\">\n\t\t\t\t\t\t\t<div class=\"elementor-spacer\">\n\t\t\t<div class=\"elementor-spacer-inner\"><\/div>\n\t\t<\/div>\n\t\t\t\t\t\t<\/div>\n\t\t\t\t<\/div>\n\t\t\t\t<div class=\"elementor-element elementor-element-a9ee6f7 elementor-widget elementor-widget-text-editor\" data-id=\"a9ee6f7\" data-element_type=\"widget\" data-e-type=\"widget\" id=\"covid-19\" data-widget_type=\"text-editor.default\">\n\t\t\t\t<div class=\"elementor-widget-container\">\n\t\t\t\t\t\t\t\t\t<p><span style=\"font-weight: 400;\">Voil\u00e0 10 ans que Terre Bor\u00e9ale a vu le jour avec le d\u00e9sir de vous faire vivre des aventures exceptionnelles dans l\u2019arri\u00e8re pays du Yukon, \u00e0 la d\u00e9couverte d\u2019un territoire et de vous-m\u00eame. 10 ans aussi que nous restons fid\u00e8les \u00e0 nos valeurs et mettons tout en \u0153uvre pour soutenir notre communaut\u00e9 et limiter au maximum notre impact sur ce territoire que nous ch\u00e9rissons. Mettre la nature avant le profit, un chemin souvent difficile mais auquel nous continuons \u00e0 croire et dont nous sommes fiers !<\/span><\/p>\t\t\t\t\t\t\t\t<\/div>\n\t\t\t\t<\/div>\n\t\t\t\t<div class=\"elementor-element elementor-element-fbd53ce elementor-widget elementor-widget-heading\" data-id=\"fbd53ce\" data-element_type=\"widget\" data-e-type=\"widget\" data-widget_type=\"heading.default\">\n\t\t\t\t<div class=\"elementor-widget-container\">\n\t\t\t\t\t<h2 class=\"elementor-heading-title elementor-size-default\">Concours anniversaire de Terre Bor\u00e9ale<\/h2>\t\t\t\t<\/div>\n\t\t\t\t<\/div>\n\t\t\t\t<div class=\"elementor-element elementor-element-0a1f7b9 elementor-widget elementor-widget-text-editor\" data-id=\"0a1f7b9\" data-element_type=\"widget\" data-e-type=\"widget\" data-widget_type=\"text-editor.default\">\n\t\t\t\t<div class=\"elementor-widget-container\">\n\t\t\t\t\t\t\t\t\t<p><span style=\"font-weight: 400;\">Pour c\u00e9l\u00e9brer notre anniversaire et vous remercier d\u2019avoir fait partie de l\u2019aventure, nous avons d\u00e9cid\u00e9 d\u2019organiser un CONCOURS ! Que vous ayez d\u00e9j\u00e0 voyag\u00e9 avec nous ou pas nous avons quelque chose pour vous ! <\/span><span style=\"font-weight: 400;\">Continuez \u00e0 lire pour les r\u00e8gles compl\u00e8tes du concours.<\/span><\/p>\t\t\t\t\t\t\t\t<\/div>\n\t\t\t\t<\/div>\n\t\t\t\t<div class=\"elementor-element elementor-element-1b879f7 elementor-widget elementor-widget-video\" data-id=\"1b879f7\" data-element_type=\"widget\" data-e-type=\"widget\" data-settings=\"{&quot;youtube_url&quot;:&quot;https:\\\/\\\/youtu.be\\\/es8QqKqD4to&quot;,&quot;video_type&quot;:&quot;youtube&quot;,&quot;controls&quot;:&quot;yes&quot;}\" data-widget_type=\"video.default\">\n\t\t\t\t<div class=\"elementor-widget-container\">\n\t\t\t\t\t\t\t<div class=\"elementor-wrapper elementor-open-inline\">\n\t\t\t<div class=\"elementor-video\"><\/div>\t\t<\/div>\n\t\t\t\t\t\t<\/div>\n\t\t\t\t<\/div>\n\t\t\t\t<div class=\"elementor-element elementor-element-c5e2a0d elementor-widget elementor-widget-html\" data-id=\"c5e2a0d\" data-element_type=\"widget\" data-e-type=\"widget\" data-widget_type=\"html.default\">\n\t\t\t\t<div class=\"elementor-widget-container\">\n\t\t\t\t\t<script>\r\njQuery(document).ready(function($) {\r\nvar delay = 100; setTimeout(function() {\r\n$('.elementor-tab-title').removeClass('elementor-active');\r\n $('.elementor-tab-content').css('display', 'none'); }, delay);\r\n});\r\n<\/script>\t\t\t\t<\/div>\n\t\t\t\t<\/div>\n\t\t\t\t<div class=\"elementor-element elementor-element-93515fc elementor-widget elementor-widget-toggle\" data-id=\"93515fc\" data-element_type=\"widget\" data-e-type=\"widget\" data-widget_type=\"toggle.default\">\n\t\t\t\t<div class=\"elementor-widget-container\">\n\t\t\t\t\t\t\t<div class=\"elementor-toggle\">\n\t\t\t\t\t\t\t<div class=\"elementor-toggle-item\">\n\t\t\t\t\t<div id=\"elementor-tab-title-1541\" class=\"elementor-tab-title\" data-tab=\"1\" role=\"button\" aria-controls=\"elementor-tab-content-1541\" aria-expanded=\"false\">\n\t\t\t\t\t\t\t\t\t\t\t\t<span class=\"elementor-toggle-icon elementor-toggle-icon-left\" aria-hidden=\"true\">\n\t\t\t\t\t\t\t\t\t\t\t\t\t\t\t<span class=\"elementor-toggle-icon-closed\"><i class=\"fas fa-caret-right\"><\/i><\/span>\n\t\t\t\t\t\t\t\t<span class=\"elementor-toggle-icon-opened\"><i class=\"elementor-toggle-icon-opened fas fa-caret-up\"><\/i><\/span>\n\t\t\t\t\t\t\t\t\t\t\t\t\t<\/span>\n\t\t\t\t\t\t\t\t\t\t\t\t<a class=\"elementor-toggle-title\" tabindex=\"0\">Anciens clients<\/a>\n\t\t\t\t\t<\/div>\n\n\t\t\t\t\t<div id=\"elementor-tab-content-1541\" class=\"elementor-tab-content elementor-clearfix\" data-tab=\"1\" role=\"region\" aria-labelledby=\"elementor-tab-title-1541\"><p><span style=\"font-weight: 400;\">En participant, vous pourriez <\/span><b>gagner en exclusivit\u00e9 notre tout nouveau livre <\/b><b><i>Le go\u00fbt de l\u2019aventure<\/i><\/b><span style=\"font-weight: 400;\">, un ouvrage in\u00e9dit qui pr\u00e9sente nos meilleures recettes ainsi qu\u2019une s\u00e9lection des plus belles photos de nos voyages des dix derni\u00e8res ann\u00e9es. Une merveilleuse fa\u00e7on de vous replonger dans vos souvenirs et de les partager avec vos proches !<\/span><\/p><p>\u00a0<\/p><p><img fetchpriority=\"high\" decoding=\"async\" class=\"aligncenter wp-image-7944\" src=\"https:\/\/terreboreale.com\/wp-content\/uploads\/2024\/01\/Livre-mockup-01-1500x1000.jpg\" alt=\"\" width=\"768\" height=\"512\" srcset=\"https:\/\/terreboreale.com\/wp-content\/uploads\/2024\/01\/Livre-mockup-01-1500x1000.jpg 1500w, https:\/\/terreboreale.com\/wp-content\/uploads\/2024\/01\/Livre-mockup-01-2000x1333.jpg 2000w, https:\/\/terreboreale.com\/wp-content\/uploads\/2024\/01\/Livre-mockup-01-768x512.jpg 768w, https:\/\/terreboreale.com\/wp-content\/uploads\/2024\/01\/Livre-mockup-01-1536x1024.jpg 1536w, https:\/\/terreboreale.com\/wp-content\/uploads\/2024\/01\/Livre-mockup-01-2048x1365.jpg 2048w\" sizes=\"(max-width: 768px) 100vw, 768px\" \/><\/p><p>\u00a0<\/p><p>Et ce n&rsquo;est pas tout ! L\u2019un(e) d\u2019entre vous aura aussi la chance d\u2019obtenir\u00a0<b>une remise de 20% sur sa prochaine aventure, si vous voyagez seul(e), ou une remise de 15% pour vous et votre compagnon de voyage !<\/b><\/p><p>\u00a0<\/p><h3>Comment participer ?<\/h3><p><span style=\"font-weight: 400;\">C\u2019est tr\u00e8s simple, nous aimerions vous entendre partager vos souvenirs \ud83d\ude42<\/span><\/p><p><span style=\"font-weight: 400;\">\u00c0 l\u2019aide de votre t\u00e9l\u00e9phone ou autre outil \u00e9quip\u00e9 d\u2019une cam\u00e9ra, r\u00e9alisez une courte vid\u00e9o de vous \u00e9voquant les points suivants :<\/span><\/p><ul><li style=\"font-weight: 400;\" aria-level=\"1\"><span style=\"font-weight: 400;\">Le voyage auquel vous avez particip\u00e9<\/span><\/li><li style=\"font-weight: 400;\" aria-level=\"1\"><span style=\"font-weight: 400;\">Votre exp\u00e9rience g\u00e9n\u00e9rale, pourquoi ce voyage a-t-il \u00e9t\u00e9 sp\u00e9cial pour vous<\/span><\/li><li style=\"font-weight: 400;\" aria-level=\"1\"><span style=\"font-weight: 400;\">Votre meilleur souvenir<\/span><\/li><li style=\"font-weight: 400;\" aria-level=\"1\"><span style=\"font-weight: 400;\">Ce qui vous a le plus surpris<\/span><\/li><li style=\"font-weight: 400;\" aria-level=\"1\"><span style=\"font-weight: 400;\">Ce que vous avez ressenti pendant et\/ou apr\u00e8s votre aventure<\/span><\/li><li style=\"font-weight: 400;\" aria-level=\"1\"><span style=\"font-weight: 400;\">Pourquoi vous le recommanderiez \u00e0 vos amis\/proches<\/span><\/li><\/ul><p>\u00a0<\/p><p><span style=\"font-weight: 400;\">\u27a1\ufe0f Envoyez votre vid\u00e9o avec votre nom complet, votre adresse, votre num\u00e9ro de t\u00e9l\u00e9phone et votre adresse e-mail, <\/span><span style=\"font-weight: 400;\">par <\/span><a href=\"https:\/\/wetransfer.com\/\" target=\"_blank\" rel=\"noopener\"><span style=\"font-weight: 400;\">we transfer<\/span><\/a><span style=\"font-weight: 400;\"> (gratuit) <\/span><span style=\"font-weight: 400;\">ou par email \u00e0 <a href=\"mailto:info@terreboreale.com\">info@terreboreale.com\u00a0<\/a><\/span><\/p><p><span style=\"font-weight: 400;\">Si vous rencontrez des probl\u00e8mes avec le t\u00e9l\u00e9chargement, veuillez nous contacter, nous serons ravis de vous aider!<\/span><\/p><p>\u00a0<\/p><h3>R\u00e8glements du concours<\/h3><p><span style=\"font-weight: 400;\">\ud83d\udccc <\/span><b>\u00c9ligibilit\u00e9 :<\/b><span style=\"font-weight: 400;\"> Anciens clients de Terre Bor\u00e9ale ayant particip\u00e9 \u00e0 un s\u00e9jour de plusieurs jours, \u00e2g\u00e9s de 18 ans ou plus au moment de l\u2019inscription au concours.<\/span><\/p><p><span style=\"font-weight: 400;\">\ud83d\udccc <\/span><b>Date limite :<\/b><span style=\"font-weight: 400;\"> Les vid\u00e9os doivent \u00eatre soumises avant le 25 f\u00e9vrier 2024, \u00e0 23h59 YT.<\/span><\/p><p><span style=\"font-weight: 400;\">\ud83d\udccc <\/span><b>Prix :\u00a0<\/b><\/p><ul><li style=\"font-weight: 400;\" aria-level=\"1\"><span style=\"font-weight: 400;\">1er prix : r\u00e9duction de 20%(voyageur seul) ou 15% (pour deux) <\/span><b>ET<\/b><span style=\"font-weight: 400;\"> le livre de cuisine Terre Bor\u00e9ale accompagn\u00e9 d\u2019un tablier estampill\u00e9 Terre bor\u00e9ale<\/span><\/li><li style=\"font-weight: 400;\" aria-level=\"1\"><span style=\"font-weight: 400;\">2\u00e8me au 10\u00e8me prix : le livre de cuisine Terre Bor\u00e9ale accompagn\u00e9 d\u2019un tablier estampill\u00e9 Terre bor\u00e9ale<\/span><\/li><\/ul><p><span style=\"font-weight: 400;\">\ud83d\udccc <\/span><b>Annonce des gagnants :<\/b><span style=\"font-weight: 400;\"> Le tirage au sort aura lieu le 26 f\u00e9vrier 2024. Les gagnants seront contact\u00e9s par t\u00e9l\u00e9phone et\/ou par e-mail le jour du tirage et auront 3 jours pour accepter le prix. Les gagnants seront annonc\u00e9s via nos r\u00e9seaux sociaux et notre infolettre dans les 7 jours suivant le tirage au sort.<\/span><\/p><p><span style=\"font-weight: 400;\">\ud83d\udccc <\/span><b>Droits d\u2019utilisation :<\/b><span style=\"font-weight: 400;\"> En entrant dans le concours, les participants autorisent Terre Bor\u00e9ale \u00e0 utiliser leur vid\u00e9o \u00e0 des fins de marketing sur leur site web, leurs r\u00e9seaux sociaux ou toute autre plateforme.<\/span><\/p><p><span style=\"font-weight: 400;\">\ud83d\udccc <\/span><b>Modalit\u00e9s de la remise :<\/b><span style=\"font-weight: 400;\"> Le prix r\u00e9duit s\u2019applique avant les taxes.<\/span><\/p><p><span style=\"font-weight: 400;\">\ud83d\udccc <\/span><b>D\u00e9tails de la remise : <\/b><span style=\"font-weight: 400;\">Le gagnant recevra une remise de 20% s\u2019il voyage seul ou une remise de 15% pour lui-m\u00eame et son compagnon de voyage. Le compagnon de voyage n\u2019a pas besoin d\u2019\u00eatre un ancien client.<\/span><\/p><p><span style=\"font-weight: 400;\">\ud83d\udccc <strong>Exclusions :<\/strong> Les circuits personnalis\u00e9s et hivernaux ne sont pas inclus dans les aventures \u00e9ligibles pour le gagnant.<\/span><\/p><p><span style=\"font-weight: 400;\">\ud83d\udccc <strong>P\u00e9riode de voyage :<\/strong> Le voyage choisi doit avoir lieu entre le 1er juin 2024 et le 30 septembre 2025.<\/span><\/p><p><span style=\"font-weight: 400;\">\ud83d\udccc <strong>Conditions g\u00e9n\u00e9rales :<\/strong> Les conditions g\u00e9n\u00e9rales de ventes de Terre Bor\u00e9ale s\u2019appliquent, y compris les politiques d\u2019inscription, d\u2019annulation et d\u2019autres directives indiqu\u00e9es sur notre site web.<\/span><\/p><p><span style=\"font-weight: 400;\">\ud83d\udccc <strong>S\u00e9lection de l\u2019aventure :<\/strong> Le choix de l\u2019aventure sera discut\u00e9 avec l\u2019\u00e9quipe de Terre Bor\u00e9ale pour garantir la pertinence des participants pour le voyage choisi.<\/span><\/p><p><span style=\"font-weight: 400;\">\ud83d\udccc <strong>Sous r\u00e9serve de disponibilit\u00e9 :<\/strong> La participation \u00e0 l\u2019aventure est soumise \u00e0 disponibilit\u00e9 au moment de la r\u00e9servation.<\/span><\/p><p><span style=\"font-weight: 400;\">\ud83d\udccc <strong>Responsabilit\u00e9s :<\/strong> Les participants sont responsables de toutes les d\u00e9penses pr\u00e9- et post-voyage, d\u2019avoir l\u2019\u00e9quipement appropri\u00e9 pour l\u2019aventure choisie et de toutes les d\u00e9penses non couvertes dans le forfait de l\u2019aventure choisie.<\/span><\/p><p><span style=\"font-weight: 400;\">\ud83d\udccc <strong>Nombre de participations :<\/strong> Une participation par ancien client.<\/span><\/p><p><span style=\"font-weight: 400;\">\ud83d\udccc Le prix ne peut pas \u00eatre transf\u00e9r\u00e9, substitu\u00e9 ou \u00e9chang\u00e9 contre de l\u2019argent.\u00a0<\/span><\/p><p><span style=\"font-weight: 400;\">Notes importantes : Aucun achat n\u2019est n\u00e9cessaire pour participer au concours.<\/span><\/p><\/div>\n\t\t\t\t<\/div>\n\t\t\t\t\t\t\t<div class=\"elementor-toggle-item\">\n\t\t\t\t\t<div id=\"elementor-tab-title-1542\" class=\"elementor-tab-title\" data-tab=\"2\" role=\"button\" aria-controls=\"elementor-tab-content-1542\" aria-expanded=\"false\">\n\t\t\t\t\t\t\t\t\t\t\t\t<span class=\"elementor-toggle-icon elementor-toggle-icon-left\" aria-hidden=\"true\">\n\t\t\t\t\t\t\t\t\t\t\t\t\t\t\t<span class=\"elementor-toggle-icon-closed\"><i class=\"fas fa-caret-right\"><\/i><\/span>\n\t\t\t\t\t\t\t\t<span class=\"elementor-toggle-icon-opened\"><i class=\"elementor-toggle-icon-opened fas fa-caret-up\"><\/i><\/span>\n\t\t\t\t\t\t\t\t\t\t\t\t\t<\/span>\n\t\t\t\t\t\t\t\t\t\t\t\t<a class=\"elementor-toggle-title\" tabindex=\"0\">Nouveaux clients<\/a>\n\t\t\t\t\t<\/div>\n\n\t\t\t\t\t<div id=\"elementor-tab-content-1542\" class=\"elementor-tab-content elementor-clearfix\" data-tab=\"2\" role=\"region\" aria-labelledby=\"elementor-tab-title-1542\"><p>Participez \u00e0 notre\u00a0<strong>CONCOURS<\/strong>\u00a0et courez une chance de gagner une remise de\u00a0<strong>10%<\/strong>\u00a0sur votre aventure estivale !<\/p><p>\u00a0<\/p><h3>Comment participer ?<\/h3><p>\u27a1\ufe0fS&rsquo;abonner \u00e0 notre\u00a0<a href=\"http:\/\/eepurl.com\/hwDSJP\" target=\"_blank\" rel=\"noopener\">infolettre<\/a>,<\/p><p>\u27a1\ufe0fSur Facebook : aimez notre page et partagez la publication du concours pour vous qualifier pour le tirage au sort.\u00a0<u>OU <\/u>sur Instagram : suivez notre page et enregistrez la publication du concours (petit marque page sous la publication) pour vous qualifier pour le tirage au sort.<\/p><p>\u00a0<\/p><h3>R\u00e8gles du concours :<\/h3><p>\ud83d\udccc <strong>\u00c9ligibilit\u00e9 :<\/strong> Les nouveaux clients \u00e2g\u00e9s de 18 ans ou plus au moment de l&rsquo;inscription au concours.<\/p><p>\ud83d\udccc <strong>Date limite :<\/strong> Le concours se termine le 25 f\u00e9vrier 2024, \u00e0 23h59 YT.<\/p><p>\ud83d\udccc <strong>Annonce du gagnant :<\/strong> Le tirage au sort aura lieu le 26 f\u00e9vrier 2024. Le gagnant sera contact\u00e9 par t\u00e9l\u00e9phone et\/ou par e-mail le jour du tirage et aura 3 jours pour accepter le prix. Le gagnant sera annonc\u00e9 via nos r\u00e9seaux sociaux et notre infolettre dans les 7 jours suivant le tirage au sort.<\/p><p>\ud83d\udccc <strong>Exclusions :<\/strong> Les circuits personnalis\u00e9s et hivernaux ne sont pas inclus dans les aventures \u00e9ligibles pour le gagnant.<\/p><p>\ud83d\udccc <strong>D\u00e9tails de la remise :<\/strong> Le prix r\u00e9duit de 10% s&rsquo;applique \u00e0 un seul participant et est appliqu\u00e9 avant les taxes.<\/p><p>\ud83d\udccc <strong>P\u00e9riode de voyage :<\/strong> Le voyage choisit doit avoir lieu entre le 1er juin 2024 et le 30 septembre 2025.<\/p><p>\ud83d\udccc<strong> Conditions g\u00e9n\u00e9rales :<\/strong>\u00a0<a href=\"https:\/\/terreboreale.com\/fr\/conditions-de-ventes\/\">Les conditions g\u00e9n\u00e9rales<\/a>\u00a0de ventes de Terre Bor\u00e9ale s&rsquo;appliquent, y compris les politiques d&rsquo;inscription, d&rsquo;annulation et d&rsquo;autres directives indiqu\u00e9es sur notre site web.<\/p><p>\ud83d\udccc <strong>S\u00e9lection de l&rsquo;aventure :<\/strong> Le choix de l&rsquo;aventure sera discut\u00e9 avec l&rsquo;\u00e9quipe de Terre Bor\u00e9ale pour garantir la pertinence des participants pour le voyage choisi.<\/p><p>\ud83d\udccc <strong>Sous r\u00e9serve de disponibilit\u00e9 :<\/strong> La participation \u00e0 l&rsquo;aventure est soumise \u00e0 disponibilit\u00e9 au moment de la r\u00e9servation.<\/p><p>\ud83d\udccc <strong>Responsabilit\u00e9s :<\/strong> Les participants sont responsables de toutes les d\u00e9penses pr\u00e9- et post-voyage, de l&rsquo;\u00e9quipement appropri\u00e9 pour l&rsquo;aventure choisie et de toutes les d\u00e9penses non couvertes dans le forfait de l&rsquo;aventure choisie.<\/p><p>\ud83d\udccc <strong>Nombre de participations :<\/strong> Une participation par nouveau client. Les anciens clients ne sont pas autoris\u00e9s \u00e0 participer au concours pour les nouveaux clients.<\/p><p>\ud83d\udccc Le prix ne peut pas \u00eatre transf\u00e9r\u00e9, substitu\u00e9 ou \u00e9chang\u00e9 contre de l&rsquo;argent.\u00a0<\/p><p><strong>Notes importantes :<\/strong>\u00a0Aucun achat n&rsquo;est n\u00e9cessaire pour participer au concours.<\/p><\/div>\n\t\t\t\t<\/div>\n\t\t\t\t\t\t\t\t<\/div>\n\t\t\t\t\t\t<\/div>\n\t\t\t\t<\/div>\n\t\t\t\t\t<\/div>\n\t\t<\/div>\n\t\t\t\t\t<\/div>\n\t\t<\/section>\n\t\t\t\t<section class=\"elementor-section elementor-top-section elementor-element elementor-element-18f066a elementor-section-boxed elementor-section-height-default elementor-section-height-default\" data-id=\"18f066a\" data-element_type=\"section\" data-e-type=\"section\">\n\t\t\t\t\t\t<div class=\"elementor-container elementor-column-gap-default\">\n\t\t\t\t\t<div class=\"elementor-column elementor-col-100 elementor-top-column elementor-element elementor-element-c5aeff5\" data-id=\"c5aeff5\" data-element_type=\"column\" data-e-type=\"column\">\n\t\t\t<div class=\"elementor-widget-wrap elementor-element-populated\">\n\t\t\t\t\t\t<div class=\"elementor-element elementor-element-b2dd46b elementor-widget elementor-widget-gallery\" data-id=\"b2dd46b\" data-element_type=\"widget\" data-e-type=\"widget\" data-settings=\"{&quot;lazyload&quot;:&quot;yes&quot;,&quot;gallery_layout&quot;:&quot;grid&quot;,&quot;columns&quot;:4,&quot;columns_tablet&quot;:2,&quot;columns_mobile&quot;:1,&quot;gap&quot;:{&quot;unit&quot;:&quot;px&quot;,&quot;size&quot;:10,&quot;sizes&quot;:[]},&quot;gap_tablet&quot;:{&quot;unit&quot;:&quot;px&quot;,&quot;size&quot;:10,&quot;sizes&quot;:[]},&quot;gap_mobile&quot;:{&quot;unit&quot;:&quot;px&quot;,&quot;size&quot;:10,&quot;sizes&quot;:[]},&quot;link_to&quot;:&quot;file&quot;,&quot;aspect_ratio&quot;:&quot;3:2&quot;,&quot;overlay_background&quot;:&quot;yes&quot;,&quot;content_hover_animation&quot;:&quot;fade-in&quot;}\" data-widget_type=\"gallery.default\">\n\t\t\t\t<div class=\"elementor-widget-container\">\n\t\t\t\t\t\t\t<div class=\"elementor-gallery__container\">\n\t\t\t\t\t\t\t<a class=\"e-gallery-item elementor-gallery-item elementor-animated-content\" href=\"https:\/\/terreboreale.com\/wp-content\/uploads\/2023\/12\/IMG_5435-scaled.jpg\" data-elementor-open-lightbox=\"yes\" data-elementor-lightbox-slideshow=\"b2dd46b\" data-elementor-lightbox-title=\"IMG_5435\" data-e-action-hash=\"#elementor-action%3Aaction%3Dlightbox%26settings%3DeyJpZCI6NzAyNiwidXJsIjoiaHR0cHM6XC9cL3RlcnJlYm9yZWFsZS5jb21cL3dwLWNvbnRlbnRcL3VwbG9hZHNcLzIwMjNcLzEyXC9JTUdfNTQzNS1zY2FsZWQuanBnIiwic2xpZGVzaG93IjoiYjJkZDQ2YiJ9\">\n\t\t\t\t\t<div class=\"e-gallery-image elementor-gallery-item__image\" data-thumbnail=\"https:\/\/terreboreale.com\/wp-content\/uploads\/2023\/12\/IMG_5435-1500x1125.jpg\" data-width=\"1500\" data-height=\"1125\" aria-label=\"Guests backpacking along the Donjek route with fireweeds and views of the glacier in the background\" role=\"img\" ><\/div>\n\t\t\t\t\t\t\t\t\t\t\t<div class=\"elementor-gallery-item__overlay\"><\/div>\n\t\t\t\t\t\t\t\t\t\t\t\t\t\t<\/a>\n\t\t\t\t\t\t\t<a class=\"e-gallery-item elementor-gallery-item elementor-animated-content\" href=\"https:\/\/terreboreale.com\/wp-content\/uploads\/2023\/12\/DJI_0022-scaled.jpg\" data-elementor-open-lightbox=\"yes\" data-elementor-lightbox-slideshow=\"b2dd46b\" data-elementor-lightbox-title=\"DJI_0022\" data-e-action-hash=\"#elementor-action%3Aaction%3Dlightbox%26settings%3DeyJpZCI6NzAyNCwidXJsIjoiaHR0cHM6XC9cL3RlcnJlYm9yZWFsZS5jb21cL3dwLWNvbnRlbnRcL3VwbG9hZHNcLzIwMjNcLzEyXC9ESklfMDAyMi1zY2FsZWQuanBnIiwic2xpZGVzaG93IjoiYjJkZDQ2YiJ9\">\n\t\t\t\t\t<div class=\"e-gallery-image elementor-gallery-item__image\" data-thumbnail=\"https:\/\/terreboreale.com\/wp-content\/uploads\/2023\/12\/DJI_0022-1500x1123.jpg\" data-width=\"1500\" data-height=\"1123\" aria-label=\"Views over a camp along the Upper Liard river\" role=\"img\" ><\/div>\n\t\t\t\t\t\t\t\t\t\t\t<div class=\"elementor-gallery-item__overlay\"><\/div>\n\t\t\t\t\t\t\t\t\t\t\t\t\t\t<\/a>\n\t\t\t\t\t\t\t<a class=\"e-gallery-item elementor-gallery-item elementor-animated-content\" href=\"https:\/\/terreboreale.com\/wp-content\/uploads\/2023\/12\/IMG_1318-scaled.jpg\" data-elementor-open-lightbox=\"yes\" data-elementor-lightbox-slideshow=\"b2dd46b\" data-elementor-lightbox-title=\"IMG_1318\" data-e-action-hash=\"#elementor-action%3Aaction%3Dlightbox%26settings%3DeyJpZCI6NzAyOCwidXJsIjoiaHR0cHM6XC9cL3RlcnJlYm9yZWFsZS5jb21cL3dwLWNvbnRlbnRcL3VwbG9hZHNcLzIwMjNcLzEyXC9JTUdfMTMxOC1zY2FsZWQuanBnIiwic2xpZGVzaG93IjoiYjJkZDQ2YiJ9\">\n\t\t\t\t\t<div class=\"e-gallery-image elementor-gallery-item__image\" data-thumbnail=\"https:\/\/terreboreale.com\/wp-content\/uploads\/2023\/12\/IMG_1318-1500x1125.jpg\" data-width=\"1500\" data-height=\"1125\" aria-label=\"Hikers along the ridge of Sheep mountain looking down at Kluane Lake \" role=\"img\" ><\/div>\n\t\t\t\t\t\t\t\t\t\t\t<div class=\"elementor-gallery-item__overlay\"><\/div>\n\t\t\t\t\t\t\t\t\t\t\t\t\t\t<\/a>\n\t\t\t\t\t\t\t<a class=\"e-gallery-item elementor-gallery-item elementor-animated-content\" href=\"https:\/\/terreboreale.com\/wp-content\/uploads\/2023\/12\/DJI_0229-scaled.jpg\" data-elementor-open-lightbox=\"yes\" data-elementor-lightbox-slideshow=\"b2dd46b\" data-elementor-lightbox-title=\"DJI_0229\" data-e-action-hash=\"#elementor-action%3Aaction%3Dlightbox%26settings%3DeyJpZCI6NzAyMiwidXJsIjoiaHR0cHM6XC9cL3RlcnJlYm9yZWFsZS5jb21cL3dwLWNvbnRlbnRcL3VwbG9hZHNcLzIwMjNcLzEyXC9ESklfMDIyOS1zY2FsZWQuanBnIiwic2xpZGVzaG93IjoiYjJkZDQ2YiJ9\">\n\t\t\t\t\t<div class=\"e-gallery-image elementor-gallery-item__image\" data-thumbnail=\"https:\/\/terreboreale.com\/wp-content\/uploads\/2023\/12\/DJI_0229-1500x1123.jpg\" data-width=\"1500\" data-height=\"1123\" aria-label=\"Couple of guests canoeing down the Upper Liard River in the Yukon\" role=\"img\" ><\/div>\n\t\t\t\t\t\t\t\t\t\t\t<div class=\"elementor-gallery-item__overlay\"><\/div>\n\t\t\t\t\t\t\t\t\t\t\t\t\t\t<\/a>\n\t\t\t\t\t<\/div>\n\t\t\t\t\t<\/div>\n\t\t\t\t<\/div>\n\t\t\t\t\t<\/div>\n\t\t<\/div>\n\t\t\t\t\t<\/div>\n\t\t<\/section>\n\t\t\t\t<\/div>\n\t\t","protected":false},"excerpt":{"rendered":"<p>Voil\u00e0 10 ans que Terre Bor\u00e9ale a vu le jour avec le d\u00e9sir de vous faire vivre des aventures exceptionnelles dans l\u2019arri\u00e8re pays du Yukon, \u00e0 la d\u00e9couverte d\u2019un territoire et de vous-m\u00eame. 10 ans aussi que nous restons fid\u00e8les \u00e0 nos valeurs et mettons tout en \u0153uvre pour soutenir notre communaut\u00e9 et limiter au&hellip;<\/p>\n","protected":false},"author":2,"featured_media":7930,"parent":0,"menu_order":99,"comment_status":"closed","ping_status":"closed","template":"","meta":{"footnotes":""},"class_list":["post-7019","page","type-page","status-publish","has-post-thumbnail","hentry"],"_links":{"self":[{"href":"https:\/\/terreboreale.com\/fr\/wp-json\/wp\/v2\/pages\/7019","targetHints":{"allow":["GET"]}}],"collection":[{"href":"https:\/\/terreboreale.com\/fr\/wp-json\/wp\/v2\/pages"}],"about":[{"href":"https:\/\/terreboreale.com\/fr\/wp-json\/wp\/v2\/types\/page"}],"author":[{"embeddable":true,"href":"https:\/\/terreboreale.com\/fr\/wp-json\/wp\/v2\/users\/2"}],"replies":[{"embeddable":true,"href":"https:\/\/terreboreale.com\/fr\/wp-json\/wp\/v2\/comments?post=7019"}],"version-history":[{"count":53,"href":"https:\/\/terreboreale.com\/fr\/wp-json\/wp\/v2\/pages\/7019\/revisions"}],"predecessor-version":[{"id":8034,"href":"https:\/\/terreboreale.com\/fr\/wp-json\/wp\/v2\/pages\/7019\/revisions\/8034"}],"wp:featuredmedia":[{"embeddable":true,"href":"https:\/\/terreboreale.com\/fr\/wp-json\/wp\/v2\/media\/7930"}],"wp:attachment":[{"href":"https:\/\/terreboreale.com\/fr\/wp-json\/wp\/v2\/media?parent=7019"}],"curies":[{"name":"wp","href":"https:\/\/api.w.org\/{rel}","templated":true}]}}