{"id":5380,"date":"2021-09-10T14:53:20","date_gmt":"2021-09-10T21:53:20","guid":{"rendered":"https:\/\/terreboreale.com\/?page_id=5380"},"modified":"2024-09-10T13:44:42","modified_gmt":"2024-09-10T20:44:42","slug":"notre-offre-de-randonnees","status":"publish","type":"page","link":"https:\/\/terreboreale.com\/fr\/notre-offre-de-randonnees\/","title":{"rendered":"Notre offre de randonn\u00e9es"},"content":{"rendered":"\t\t<div data-elementor-type=\"wp-page\" data-elementor-id=\"5380\" class=\"elementor elementor-5380 elementor-5379\" data-elementor-post-type=\"page\">\n\t\t\t\t\t\t<section class=\"elementor-section elementor-top-section elementor-element elementor-element-bcae055 elementor-section-boxed elementor-section-height-default elementor-section-height-default\" data-id=\"bcae055\" data-element_type=\"section\">\n\t\t\t\t\t\t<div class=\"elementor-container elementor-column-gap-default\">\n\t\t\t\t\t<div class=\"elementor-column elementor-col-16 elementor-top-column elementor-element elementor-element-e6c37a0\" data-id=\"e6c37a0\" data-element_type=\"column\">\n\t\t\t<div class=\"elementor-widget-wrap\">\n\t\t\t\t\t\t\t<\/div>\n\t\t<\/div>\n\t\t\t\t<div class=\"elementor-column elementor-col-66 elementor-top-column elementor-element elementor-element-df114df\" data-id=\"df114df\" data-element_type=\"column\">\n\t\t\t<div class=\"elementor-widget-wrap elementor-element-populated\">\n\t\t\t\t\t\t<div class=\"elementor-element elementor-element-5c52029 elementor-widget elementor-widget-spacer\" data-id=\"5c52029\" data-element_type=\"widget\" data-widget_type=\"spacer.default\">\n\t\t\t\t<div class=\"elementor-widget-container\">\n\t\t\t\t\t\t\t<div class=\"elementor-spacer\">\n\t\t\t<div class=\"elementor-spacer-inner\"><\/div>\n\t\t<\/div>\n\t\t\t\t\t\t<\/div>\n\t\t\t\t<\/div>\n\t\t\t\t<div class=\"elementor-element elementor-element-f8b69ef elementor-widget elementor-widget-heading\" data-id=\"f8b69ef\" data-element_type=\"widget\" data-widget_type=\"heading.default\">\n\t\t\t\t<div class=\"elementor-widget-container\">\n\t\t\t\t\t<h2 class=\"elementor-heading-title elementor-size-default\">Quelle aventure choisir ?<\/h2>\t\t\t\t<\/div>\n\t\t\t\t<\/div>\n\t\t\t\t\t<\/div>\n\t\t<\/div>\n\t\t\t\t<div class=\"elementor-column elementor-col-16 elementor-top-column elementor-element elementor-element-8e62d04\" data-id=\"8e62d04\" data-element_type=\"column\">\n\t\t\t<div class=\"elementor-widget-wrap\">\n\t\t\t\t\t\t\t<\/div>\n\t\t<\/div>\n\t\t\t\t\t<\/div>\n\t\t<\/section>\n\t\t\t\t<section class=\"elementor-section elementor-top-section elementor-element elementor-element-df5cc84 elementor-section-boxed elementor-section-height-default elementor-section-height-default\" data-id=\"df5cc84\" data-element_type=\"section\">\n\t\t\t\t\t\t<div class=\"elementor-container elementor-column-gap-default\">\n\t\t\t\t\t<div class=\"elementor-column elementor-col-100 elementor-top-column elementor-element elementor-element-47d121d\" data-id=\"47d121d\" data-element_type=\"column\">\n\t\t\t<div class=\"elementor-widget-wrap elementor-element-populated\">\n\t\t\t\t\t\t<section class=\"elementor-section elementor-inner-section elementor-element elementor-element-962d252 elementor-section-boxed elementor-section-height-default elementor-section-height-default\" data-id=\"962d252\" data-element_type=\"section\">\n\t\t\t\t\t\t<div class=\"elementor-container elementor-column-gap-default\">\n\t\t\t\t\t<div class=\"elementor-column elementor-col-33 elementor-inner-column elementor-element elementor-element-a5a09ae\" data-id=\"a5a09ae\" data-element_type=\"column\">\n\t\t\t<div class=\"elementor-widget-wrap\">\n\t\t\t\t\t\t\t<\/div>\n\t\t<\/div>\n\t\t\t\t<div class=\"elementor-column elementor-col-33 elementor-inner-column elementor-element elementor-element-ef2a540\" data-id=\"ef2a540\" data-element_type=\"column\">\n\t\t\t<div class=\"elementor-widget-wrap elementor-element-populated\">\n\t\t\t\t\t\t<div class=\"elementor-element elementor-element-8135bed elementor-widget elementor-widget-text-editor\" data-id=\"8135bed\" data-element_type=\"widget\" data-widget_type=\"text-editor.default\">\n\t\t\t\t<div class=\"elementor-widget-container\">\n\t\t\t\t\t\t\t\t\t<p>Le tableau ci-dessous fournit les informations cl\u00e9s de chacune de nos randonn\u00e9es pour vous aider \u00e0 trouver l&rsquo;aventure qui vous convient !<\/p><p>Lorsque nous parlons de sacs \u00e0 dos complets, nous parlons de sacs contenant tout votre \u00e9quipement personnel (sac de couchage, matelas de sol, tente, v\u00eatements, etc.) ainsi que votre part du mat\u00e9riel commun et de nourriture. Difficile de dire exactement combien de kilos de mat\u00e9riel commun vous devrez emporter car cela d\u00e9pendra de votre morphologie, du nombre de participants et du voyage que vous choisirez de r\u00e9aliser.<\/p><p>\u00c0 titre indicatif, vous pouvez vous attendre \u00e0 environ 7 \u00e0 9 kg d&rsquo;\u00e9quipement commun pour les voyages \u00ab Sur la route du glacier Donjek \u00bb et \u00ab Sur les cr\u00eates des Ogilvie Mountains\u00bb, entre 6 et 8 kg pour les s\u00e9jours \u00ab Couleurs de Kluane \u00bb et \u00ab Seuls dans les Hess Mountains \u00bb, et environ 4 ou 5 kg pour le voyage \u00ab Au coeur des Montagnes C\u00f4ti\u00e8res \u00bb.<\/p><p>La randonn\u00e9e hors sentier au Yukon est tr\u00e8s diff\u00e9rente de ce \u00e0 quoi la plupart des randonneurs sont habitu\u00e9s. Cela peut \u00eatre fatiguant et lent car nous devons faire plus attention et lever les pieds plus haut \u00e0 chaque pas. Une bonne journ\u00e9e de randonn\u00e9e hors sentier fera environ 12 \u00e0 15 km, \u00e9quivalent \u00e0 une journ\u00e9e de 20 ou 30 km en sentier. Cela signifie que m\u00eame si vous avez parcouru le Kilimandjaro,\u00a0 march\u00e9 jusqu&rsquo;aux camps de base de l&rsquo;Annapurna ou de l&rsquo;Everest, ou toute autre randonn\u00e9e de plusieurs jours sur des sentiers, votre aventure au Yukon sera une toute nouvelle exp\u00e9rience.<\/p><p>Pour vous donner une id\u00e9e de ce \u00e0 quoi pourrait ressembler une exp\u00e9rience Terre Bor\u00e9ale, nous vous invitons \u00e0 lire <a href=\"https:\/\/terreboreale.com\/fr\/2023\/02\/prets-pour-laventure\/\">cet article<\/a> r\u00e9dig\u00e9 par Dan, l&rsquo;un de nos guides.<\/p><p>Avec toutes ces informations, nous esp\u00e9rons que vous saurez quelle aventure choisir, mais si vous avez autre chose que vous aimeriez savoir ou demander, n&rsquo;h\u00e9sitez pas \u00e0 <a href=\"https:\/\/terreboreale.com\/fr\/contact\/\">nous contacter<\/a>.<\/p>\t\t\t\t\t\t\t\t<\/div>\n\t\t\t\t<\/div>\n\t\t\t\t\t<\/div>\n\t\t<\/div>\n\t\t\t\t<div class=\"elementor-column elementor-col-33 elementor-inner-column elementor-element elementor-element-a7ff768\" data-id=\"a7ff768\" data-element_type=\"column\">\n\t\t\t<div class=\"elementor-widget-wrap\">\n\t\t\t\t\t\t\t<\/div>\n\t\t<\/div>\n\t\t\t\t\t<\/div>\n\t\t<\/section>\n\t\t\t\t\t<\/div>\n\t\t<\/div>\n\t\t\t\t\t<\/div>\n\t\t<\/section>\n\t\t\t\t<section class=\"elementor-section elementor-top-section elementor-element elementor-element-abcfe2b elementor-section-boxed elementor-section-height-default elementor-section-height-default\" data-id=\"abcfe2b\" data-element_type=\"section\">\n\t\t\t\t\t\t<div class=\"elementor-container elementor-column-gap-default\">\n\t\t\t\t\t<div class=\"elementor-column elementor-col-100 elementor-top-column elementor-element elementor-element-a7f8b82\" data-id=\"a7f8b82\" data-element_type=\"column\">\n\t\t\t<div class=\"elementor-widget-wrap elementor-element-populated\">\n\t\t\t\t\t\t<div class=\"elementor-element elementor-element-aec2965 elementor-widget elementor-widget-shortcode\" data-id=\"aec2965\" data-element_type=\"widget\" data-widget_type=\"shortcode.default\">\n\t\t\t\t<div class=\"elementor-widget-container\">\n\t\t\t\t\t\t\t<div class=\"elementor-shortcode\"><div id=\"footable_parent_8651\"\n         class=\" footable_parent ninja_table_wrapper loading_ninja_table wp_table_data_press_parent semantic_ui \">\n                <table data-ninja_table_instance=\"ninja_table_instance_0\" data-footable_id=\"8651\" data-filter-delay=\"1000\" aria-label=\"Notre offre de randonn\u00e9es (Imported From Table Press)\"            id=\"footable_8651\"\n           data-unique_identifier=\"ninja_table_unique_id_4175955287_8651\"\n           class=\" foo-table ninja_footable foo_table_8651 ninja_table_unique_id_4175955287_8651 ui table  ninja_search_right nt_type_ajax_table selectable striped vertical_centered  footable-paging-right ninja_table_search_disabled\">\n                <colgroup>\n                            <col class=\"ninja_column_0 \">\n                            <col class=\"ninja_column_1 \">\n                            <col class=\"ninja_column_2 \">\n                            <col class=\"ninja_column_3 \">\n                            <col class=\"ninja_column_4 \">\n                            <col class=\"ninja_column_5 \">\n                            <col class=\"ninja_column_6 \">\n                    <\/colgroup>\n            <\/table>\n    \n    \n    \n<\/div>\n<\/div>\n\t\t\t\t\t\t<\/div>\n\t\t\t\t<\/div>\n\t\t\t\t<div class=\"elementor-element elementor-element-09fd7cd elementor-widget elementor-widget-spacer\" data-id=\"09fd7cd\" data-element_type=\"widget\" data-widget_type=\"spacer.default\">\n\t\t\t\t<div class=\"elementor-widget-container\">\n\t\t\t\t\t\t\t<div class=\"elementor-spacer\">\n\t\t\t<div class=\"elementor-spacer-inner\"><\/div>\n\t\t<\/div>\n\t\t\t\t\t\t<\/div>\n\t\t\t\t<\/div>\n\t\t\t\t\t<\/div>\n\t\t<\/div>\n\t\t\t\t\t<\/div>\n\t\t<\/section>\n\t\t\t\t<\/div>\n\t\t","protected":false},"excerpt":{"rendered":"<p>Quelle aventure choisir ? Le tableau ci-dessous fournit les informations cl\u00e9s de chacune de nos randonn\u00e9es pour vous aider \u00e0 trouver l&rsquo;aventure qui vous convient ! Lorsque nous parlons de sacs \u00e0 dos complets, nous parlons de sacs contenant tout votre \u00e9quipement personnel (sac de couchage, matelas de sol, tente, v\u00eatements, etc.) ainsi que votre&hellip;<\/p>\n","protected":false},"author":2,"featured_media":2048,"parent":0,"menu_order":12,"comment_status":"closed","ping_status":"closed","template":"","meta":{"footnotes":""},"class_list":["post-5380","page","type-page","status-publish","has-post-thumbnail","hentry"],"_links":{"self":[{"href":"https:\/\/terreboreale.com\/fr\/wp-json\/wp\/v2\/pages\/5380","targetHints":{"allow":["GET"]}}],"collection":[{"href":"https:\/\/terreboreale.com\/fr\/wp-json\/wp\/v2\/pages"}],"about":[{"href":"https:\/\/terreboreale.com\/fr\/wp-json\/wp\/v2\/types\/page"}],"author":[{"embeddable":true,"href":"https:\/\/terreboreale.com\/fr\/wp-json\/wp\/v2\/users\/2"}],"replies":[{"embeddable":true,"href":"https:\/\/terreboreale.com\/fr\/wp-json\/wp\/v2\/comments?post=5380"}],"version-history":[{"count":37,"href":"https:\/\/terreboreale.com\/fr\/wp-json\/wp\/v2\/pages\/5380\/revisions"}],"predecessor-version":[{"id":9110,"href":"https:\/\/terreboreale.com\/fr\/wp-json\/wp\/v2\/pages\/5380\/revisions\/9110"}],"wp:featuredmedia":[{"embeddable":true,"href":"https:\/\/terreboreale.com\/fr\/wp-json\/wp\/v2\/media\/2048"}],"wp:attachment":[{"href":"https:\/\/terreboreale.com\/fr\/wp-json\/wp\/v2\/media?parent=5380"}],"curies":[{"name":"wp","href":"https:\/\/api.w.org\/{rel}","templated":true}]}}