{"id":4742,"date":"2021-08-06T16:45:51","date_gmt":"2021-08-06T23:45:51","guid":{"rendered":"https:\/\/terreboreale.com\/?page_id=4742"},"modified":"2024-08-08T11:35:50","modified_gmt":"2024-08-08T18:35:50","slug":"hiver","status":"publish","type":"page","link":"https:\/\/terreboreale.com\/fr\/hiver\/","title":{"rendered":"Hiver"},"content":{"rendered":"\t\t<div data-elementor-type=\"wp-page\" data-elementor-id=\"4742\" class=\"elementor elementor-4742 elementor-4741\" data-elementor-post-type=\"page\">\n\t\t\t\t\t\t<section class=\"elementor-section elementor-top-section elementor-element elementor-element-609f3b1 elementor-section-boxed elementor-section-height-default elementor-section-height-default\" data-id=\"609f3b1\" data-element_type=\"section\">\n\t\t\t\t\t\t<div class=\"elementor-container elementor-column-gap-default\">\n\t\t\t\t\t<div class=\"elementor-column elementor-col-100 elementor-top-column elementor-element elementor-element-86119ca\" data-id=\"86119ca\" data-element_type=\"column\">\n\t\t\t<div class=\"elementor-widget-wrap elementor-element-populated\">\n\t\t\t\t\t\t<div class=\"elementor-element elementor-element-e9e3487 elementor-widget elementor-widget-spacer\" data-id=\"e9e3487\" data-element_type=\"widget\" data-widget_type=\"spacer.default\">\n\t\t\t\t<div class=\"elementor-widget-container\">\n\t\t\t\t\t\t\t<div class=\"elementor-spacer\">\n\t\t\t<div class=\"elementor-spacer-inner\"><\/div>\n\t\t<\/div>\n\t\t\t\t\t\t<\/div>\n\t\t\t\t<\/div>\n\t\t\t\t<section class=\"elementor-section elementor-inner-section elementor-element elementor-element-68e4884 elementor-section-boxed elementor-section-height-default elementor-section-height-default\" data-id=\"68e4884\" data-element_type=\"section\">\n\t\t\t\t\t\t<div class=\"elementor-container elementor-column-gap-default\">\n\t\t\t\t\t<div class=\"elementor-column elementor-col-33 elementor-inner-column elementor-element elementor-element-f199438\" data-id=\"f199438\" data-element_type=\"column\">\n\t\t\t<div class=\"elementor-widget-wrap\">\n\t\t\t\t\t\t\t<\/div>\n\t\t<\/div>\n\t\t\t\t<div class=\"elementor-column elementor-col-33 elementor-inner-column elementor-element elementor-element-bc5443f\" data-id=\"bc5443f\" data-element_type=\"column\">\n\t\t\t<div class=\"elementor-widget-wrap elementor-element-populated\">\n\t\t\t\t\t\t<div class=\"elementor-element elementor-element-aa6753d elementor-widget elementor-widget-text-editor\" data-id=\"aa6753d\" data-element_type=\"widget\" data-widget_type=\"text-editor.default\">\n\t\t\t\t<div class=\"elementor-widget-container\">\n\t\t\t\t\t\t\t\t\t<h2>D\u00e9couvrez le Yukon en hiver<\/h2><p>Le Yukon en hiver est un royaume de silence et de paix et une destination id\u00e9ale pour le voyageur souhaitant vivre une belle exp\u00e9rience dans le grand nord Canadien et esp\u00e9rer voir les aurores bor\u00e9ales illuminer le ciel nocturne. Contrairement \u00e0 nos s\u00e9jours estivals, notre s\u00e9jour hivernal est tr\u00e8s confortable et est bas\u00e9 sur la contemplation et la d\u00e9couverte des paysages de toundra, de ta\u00efga, de montagnes et de rivi\u00e8res dans leur manteau de neige.\u00a0<\/p><p>Lors de nos circuits hivernaux, vous avez l&rsquo;occasion d&rsquo;observer les aurores bor\u00e9ales. Chaque soir, vous sortez de votre cabine confortable pour profiter de l&rsquo;air frais du Yukon et guetter ce ph\u00e9nom\u00e8ne naturel. En attendant les aurores, vous pouvez vous familiariser avec les \u00e9toiles du ciel nordique. Le Yukon, sans pollution lumineuse, offre un cadre id\u00e9al pour observer les \u00e9toiles et les aurores. Vous pourrez \u00e9galement apprendre quelques conseils pratiques pour la photographie nocturne, afin de capturer la beaut\u00e9 des aurores bor\u00e9ales.<\/p><p>Vous \u00eates \u00e0 la recherche d\u2019un s\u00e9jour priv\u00e9 ? <a href=\"https:\/\/terreboreale.com\/fr\/contact\/\">Contactez-nous<\/a> pour personnaliser votre aventure.<\/p>\t\t\t\t\t\t\t\t<\/div>\n\t\t\t\t<\/div>\n\t\t\t\t\t<\/div>\n\t\t<\/div>\n\t\t\t\t<div class=\"elementor-column elementor-col-33 elementor-inner-column elementor-element elementor-element-6ada692\" data-id=\"6ada692\" data-element_type=\"column\">\n\t\t\t<div class=\"elementor-widget-wrap\">\n\t\t\t\t\t\t\t<\/div>\n\t\t<\/div>\n\t\t\t\t\t<\/div>\n\t\t<\/section>\n\t\t\t\t<div class=\"elementor-element elementor-element-2926867 elementor-widget elementor-widget-spacer\" data-id=\"2926867\" data-element_type=\"widget\" data-widget_type=\"spacer.default\">\n\t\t\t\t<div class=\"elementor-widget-container\">\n\t\t\t\t\t\t\t<div class=\"elementor-spacer\">\n\t\t\t<div class=\"elementor-spacer-inner\"><\/div>\n\t\t<\/div>\n\t\t\t\t\t\t<\/div>\n\t\t\t\t<\/div>\n\t\t\t\t<div class=\"elementor-element elementor-element-007dd27 elementor-widget elementor-widget-shortcode\" data-id=\"007dd27\" data-element_type=\"widget\" data-widget_type=\"shortcode.default\">\n\t\t\t\t<div class=\"elementor-widget-container\">\n\t\t\t\t\t\t\t<div class=\"elementor-shortcode\"><div class=\"tours-feed\">\n            <div class=\"tour-wrap\">\n                <a href=\"https:\/\/terreboreale.com\/fr\/tour\/un-hiver-epique-au-yukon\/\" class=\"cover-link\" title=\"Un hiver \u00e9pique au Yukon\">Un hiver \u00e9pique au Yukon<\/a>\n                <div class=\"image-wrap\" style=\"background:linear-gradient(to right, rgba(0,0,0,0.4) 0%, rgba(0,0,0,0) 40%), url(https:\/\/terreboreale.com\/wp-content\/uploads\/2021\/04\/Dempster-Highway-Arctic-Ocean-2017-10.jpg);\"><\/div>\n                <div class=\"overlay\"><\/div>\n                <div class=\"titles\">\n                    <h2>Un hiver \u00e9pique au Yukon<\/h2>\n                    <p>Rejoignez-nous pour cette aventure qui vous emm\u00e8nera jusqu&rsquo;\u00e0 Dawson City et au parc territorial de Tombstone, puis dans le sud du Yukon pour d\u00e9couvrir Carcross et le parc national de Kluane. Vous aurez la chance d&rsquo;essayer la motoneige, le tra\u00eeneau \u00e0 chiens et la raquette dans les endroits les plus magnifiques du territoire, ainsi que de survoler la plus grande calotte glaciaire d&rsquo;Am\u00e9rique du Nord ! Le soir, peut-\u00eatre aures-vous la chance d&rsquo;observer les aurores bor\u00e9ales !<\/p>\n\n                    <a href=\"https:\/\/terreboreale.com\/fr\/tour\/un-hiver-epique-au-yukon\/\" class=\"button\" title=\"Un hiver \u00e9pique au Yukon\">D\u00e9couvrir<\/a>\n                <\/div>\n                <div class=\"meta-details\">\n                    <div class=\"dates\"><img decoding=\"async\" src=\"\/wp-content\/uploads\/2021\/03\/ico-dates.svg\" alt=\"dates\"><p>Contactez-nous pour r\u00e9server votre date<\/p>\n<\/div>\n                    <div class=\"two-cols\" style=\"clear:both;\">\n                        <div class=\"col availability\"><img decoding=\"async\" src=\"\/wp-content\/uploads\/2021\/03\/ico-group-size.svg\" alt=\"availability\"><strong>Groupe <\/strong><br\/>2 \u00e0 6<\/div>\n                        <div class=\"col duration\"><img decoding=\"async\" src=\"\/wp-content\/uploads\/2021\/03\/ico-duration.svg\" alt=\"duration\"><strong>Dur\u00e9e <\/strong><br\/>7 jours<\/div>\n                    <\/div>\n                    <div class=\"two-cols\" style=\"clear:both;\">\n                        <div class=\"col difficulty\"><img decoding=\"async\" src=\"https:\/\/terreboreale.com\/wp-content\/uploads\/2021\/03\/ico-difficulty-1.svg\" alt=\"difficulty: Facile\"><strong>Difficult\u00e9 <\/strong><br\/>Facile<\/div>\n                        <div class=\"col price\"><img decoding=\"async\" src=\"\/wp-content\/uploads\/2021\/03\/ico-price.svg\" alt=\"price\"><strong>Prix <\/strong><br\/>\u00c0 partir de $6100 + 5% TPS<\/div>\n                    <\/div>\n                <\/div>\n            <\/div>\n            <div class=\"tour-wrap\">\n                <a href=\"https:\/\/terreboreale.com\/fr\/tour\/escapade-hivernale-au-yukon\/\" class=\"cover-link\" title=\"Escapade Hivernale au Yukon\">Escapade Hivernale au Yukon<\/a>\n                <div class=\"image-wrap\" style=\"background:linear-gradient(to right, rgba(0,0,0,0.4) 0%, rgba(0,0,0,0) 40%), url(https:\/\/terreboreale.com\/wp-content\/uploads\/2024\/05\/cabine-ile-scaled.jpg);\"><\/div>\n                <div class=\"overlay\"><\/div>\n                <div class=\"titles\">\n                    <h2>Escapade Hivernale au Yukon<\/h2>\n                    <p>\u00c9vadez-vous en avion \u00e0 ski avec votre famille ou vos amis dans ce chalet douillet. Passez trois jours \u00e0 explorer la r\u00e9gion avec votre guide. De la bonne cuisine, de nouvelles exp\u00e9riences et des ciels nocturnes incroyables en bonne compagnie. <\/p>\n\n                    <a href=\"https:\/\/terreboreale.com\/fr\/tour\/escapade-hivernale-au-yukon\/\" class=\"button\" title=\"Escapade Hivernale au Yukon\">D\u00e9couvrir<\/a>\n                <\/div>\n                <div class=\"meta-details\">\n                    <div class=\"dates\"><img decoding=\"async\" src=\"\/wp-content\/uploads\/2021\/03\/ico-dates.svg\" alt=\"dates\"><p>2 au 7 f\u00e9vrier 2026 &#8211; disponible<\/p>\n<p>5 au 10 f\u00e9vrier 2026 &#8211; disponible<\/p>\n<p>10 au 15 f\u00e9vrier 2026 &#8211; disponible<\/p>\n<\/div>\n                    <div class=\"two-cols\" style=\"clear:both;\">\n                        <div class=\"col availability\"><img decoding=\"async\" src=\"\/wp-content\/uploads\/2021\/03\/ico-group-size.svg\" alt=\"availability\"><strong>Groupe <\/strong><br\/>2 \u00e0 4<\/div>\n                        <div class=\"col duration\"><img decoding=\"async\" src=\"\/wp-content\/uploads\/2021\/03\/ico-duration.svg\" alt=\"duration\"><strong>Dur\u00e9e <\/strong><br\/>5 jours<\/div>\n                    <\/div>\n                    <div class=\"two-cols\" style=\"clear:both;\">\n                        <div class=\"col difficulty\"><img decoding=\"async\" src=\"https:\/\/terreboreale.com\/wp-content\/uploads\/2021\/03\/ico-difficulty-1.svg\" alt=\"difficulty: Facile\"><strong>Difficult\u00e9 <\/strong><br\/>Facile<\/div>\n                        <div class=\"col price\"><img decoding=\"async\" src=\"\/wp-content\/uploads\/2021\/03\/ico-price.svg\" alt=\"price\"><strong>Prix <\/strong><br\/>\u00c0 partir de $4180 + 5% TPS<\/div>\n                    <\/div>\n                <\/div>\n            <\/div>\n            <div class=\"tour-wrap\">\n                <a href=\"https:\/\/terreboreale.com\/fr\/tour\/au-dela-du-cercle\/\" class=\"cover-link\" title=\"Au del\u00e0 du cercle\">Au del\u00e0 du cercle<\/a>\n                <div class=\"image-wrap\" style=\"background:linear-gradient(to right, rgba(0,0,0,0.4) 0%, rgba(0,0,0,0) 40%), url(https:\/\/terreboreale.com\/wp-content\/uploads\/2021\/08\/Northern-lights-Dawson-city-yukon.jpg);\"><\/div>\n                <div class=\"overlay\"><\/div>\n                <div class=\"titles\">\n                    <h2>Au del\u00e0 du cercle<\/h2>\n                    <p>Partez pour 5 jours guid\u00e9s, plein nord, jusqu\u2019\u00e0 la fronti\u00e8re avec les Territoire du Nord-Ouest, au-del\u00e0 du cercle arctique, au pays des aurores bor\u00e9ales. Un s\u00e9jour de contemplation au c\u0153ur de l\u2019hiver Yukonnais adapt\u00e9 \u00e0 tous les amoureux de nature ! Tout au long du s\u00e9jour votre guide passionn\u00e9 d\u2019astronomie mettra toutes les chances de votre c\u00f4t\u00e9 pour vous faire d\u00e9couvrir la magie des aurores bor\u00e9ales.<\/p>\n\n                    <a href=\"https:\/\/terreboreale.com\/fr\/tour\/au-dela-du-cercle\/\" class=\"button\" title=\"Au del\u00e0 du cercle\">D\u00e9couvrir<\/a>\n                <\/div>\n                <div class=\"meta-details\">\n                    <div class=\"dates\"><img decoding=\"async\" src=\"\/wp-content\/uploads\/2021\/03\/ico-dates.svg\" alt=\"dates\"><p>23 f\u00e9vrier au 1er mars 2026 &#8211; 8 places restantes<\/p>\n<p>2 au 8 mars 2026 &#8211; 8 places restantes<\/p>\n<p>&nbsp;<\/p>\n<\/div>\n                    <div class=\"two-cols\" style=\"clear:both;\">\n                        <div class=\"col availability\"><img decoding=\"async\" src=\"\/wp-content\/uploads\/2021\/03\/ico-group-size.svg\" alt=\"availability\"><strong>Groupe <\/strong><br\/>2 \u00e0 8<\/div>\n                        <div class=\"col duration\"><img decoding=\"async\" src=\"\/wp-content\/uploads\/2021\/03\/ico-duration.svg\" alt=\"duration\"><strong>Dur\u00e9e <\/strong><br\/>6 jours<\/div>\n                    <\/div>\n                    <div class=\"two-cols\" style=\"clear:both;\">\n                        <div class=\"col difficulty\"><img decoding=\"async\" src=\"https:\/\/terreboreale.com\/wp-content\/uploads\/2021\/03\/ico-difficulty-1.svg\" alt=\"difficulty: Facile\"><strong>Difficult\u00e9 <\/strong><br\/>Facile<\/div>\n                        <div class=\"col price\"><img decoding=\"async\" src=\"\/wp-content\/uploads\/2021\/03\/ico-price.svg\" alt=\"price\"><strong>Prix <\/strong><br\/>\u00c0 partir de $3995 + 5% TPS<\/div>\n                    <\/div>\n                <\/div>\n            <\/div><\/div><\/div>\n\t\t\t\t\t\t<\/div>\n\t\t\t\t<\/div>\n\t\t\t\t<div class=\"elementor-element elementor-element-b1b0016 elementor-widget elementor-widget-spacer\" data-id=\"b1b0016\" data-element_type=\"widget\" data-widget_type=\"spacer.default\">\n\t\t\t\t<div class=\"elementor-widget-container\">\n\t\t\t\t\t\t\t<div class=\"elementor-spacer\">\n\t\t\t<div class=\"elementor-spacer-inner\"><\/div>\n\t\t<\/div>\n\t\t\t\t\t\t<\/div>\n\t\t\t\t<\/div>\n\t\t\t\t\t<\/div>\n\t\t<\/div>\n\t\t\t\t\t<\/div>\n\t\t<\/section>\n\t\t\t\t<section class=\"elementor-section elementor-top-section elementor-element elementor-element-7ac17c3b elementor-section-boxed elementor-section-height-default elementor-section-height-default\" data-id=\"7ac17c3b\" data-element_type=\"section\">\n\t\t\t\t\t\t<div class=\"elementor-container elementor-column-gap-default\">\n\t\t\t\t\t<div class=\"elementor-column elementor-col-33 elementor-top-column elementor-element elementor-element-55599689\" data-id=\"55599689\" data-element_type=\"column\">\n\t\t\t<div class=\"elementor-widget-wrap elementor-element-populated\">\n\t\t\t\t\t\t<div class=\"elementor-element elementor-element-50e73123 image-box-heading-over elementor-position-top elementor-widget elementor-widget-image-box\" data-id=\"50e73123\" data-element_type=\"widget\" data-widget_type=\"image-box.default\">\n\t\t\t\t<div class=\"elementor-widget-container\">\n\t\t\t\t\t<div class=\"elementor-image-box-wrapper\"><figure class=\"elementor-image-box-img\"><a href=\"https:\/\/terreboreale.com\/fr\/conditions-de-ventes\/\" tabindex=\"-1\"><img fetchpriority=\"high\" decoding=\"async\" width=\"1500\" height=\"1001\" src=\"https:\/\/terreboreale.com\/wp-content\/uploads\/2021\/03\/Yukon-ruby-range-ptarmigan-fireweed-1500x1001.jpg\" class=\"attachment-medium size-medium wp-image-1800\" alt=\"Yukon-ruby-range-ptarmigan-fireweed\" srcset=\"https:\/\/terreboreale.com\/wp-content\/uploads\/2021\/03\/Yukon-ruby-range-ptarmigan-fireweed-1500x1001.jpg 1500w, https:\/\/terreboreale.com\/wp-content\/uploads\/2021\/03\/Yukon-ruby-range-ptarmigan-fireweed-768x512.jpg 768w, https:\/\/terreboreale.com\/wp-content\/uploads\/2021\/03\/Yukon-ruby-range-ptarmigan-fireweed-1536x1025.jpg 1536w, https:\/\/terreboreale.com\/wp-content\/uploads\/2021\/03\/Yukon-ruby-range-ptarmigan-fireweed.jpg 2000w\" sizes=\"(max-width: 1500px) 100vw, 1500px\" \/><\/a><\/figure><div class=\"elementor-image-box-content\"><h3 class=\"elementor-image-box-title\"><a href=\"https:\/\/terreboreale.com\/fr\/conditions-de-ventes\/\">CONDITIONS DE VENTE<\/a><\/h3><\/div><\/div>\t\t\t\t<\/div>\n\t\t\t\t<\/div>\n\t\t\t\t\t<\/div>\n\t\t<\/div>\n\t\t\t\t<div class=\"elementor-column elementor-col-33 elementor-top-column elementor-element elementor-element-390ec32\" data-id=\"390ec32\" data-element_type=\"column\">\n\t\t\t<div class=\"elementor-widget-wrap elementor-element-populated\">\n\t\t\t\t\t\t<div class=\"elementor-element elementor-element-77581d39 image-box-heading-over elementor-position-top elementor-widget elementor-widget-image-box\" data-id=\"77581d39\" data-element_type=\"widget\" data-widget_type=\"image-box.default\">\n\t\t\t\t<div class=\"elementor-widget-container\">\n\t\t\t\t\t<div class=\"elementor-image-box-wrapper\"><figure class=\"elementor-image-box-img\"><a href=\"https:\/\/terreboreale.com\/fr\/a-propos\/\" tabindex=\"-1\"><img decoding=\"async\" width=\"1500\" height=\"1001\" src=\"https:\/\/terreboreale.com\/wp-content\/uploads\/2021\/03\/Milena-Max-Bocks-Lake-Yukon-1500x1001.jpg\" class=\"attachment-medium size-medium wp-image-1844\" alt=\"Mil\u00e9na-Max-Bocks-Lake-Yukon\" srcset=\"https:\/\/terreboreale.com\/wp-content\/uploads\/2021\/03\/Milena-Max-Bocks-Lake-Yukon-1500x1001.jpg 1500w, https:\/\/terreboreale.com\/wp-content\/uploads\/2021\/03\/Milena-Max-Bocks-Lake-Yukon-768x512.jpg 768w, https:\/\/terreboreale.com\/wp-content\/uploads\/2021\/03\/Milena-Max-Bocks-Lake-Yukon-1536x1025.jpg 1536w, https:\/\/terreboreale.com\/wp-content\/uploads\/2021\/03\/Milena-Max-Bocks-Lake-Yukon.jpg 2000w\" sizes=\"(max-width: 1500px) 100vw, 1500px\" \/><\/a><\/figure><div class=\"elementor-image-box-content\"><h3 class=\"elementor-image-box-title\"><a href=\"https:\/\/terreboreale.com\/fr\/a-propos\/\">NOTRE \u00c9QUIPE<\/a><\/h3><\/div><\/div>\t\t\t\t<\/div>\n\t\t\t\t<\/div>\n\t\t\t\t\t<\/div>\n\t\t<\/div>\n\t\t\t\t<div class=\"elementor-column elementor-col-33 elementor-top-column elementor-element elementor-element-3eb56f60\" data-id=\"3eb56f60\" data-element_type=\"column\">\n\t\t\t<div class=\"elementor-widget-wrap elementor-element-populated\">\n\t\t\t\t\t\t<div class=\"elementor-element elementor-element-2a98c62e image-box-heading-over elementor-position-top elementor-widget elementor-widget-image-box\" data-id=\"2a98c62e\" data-element_type=\"widget\" data-widget_type=\"image-box.default\">\n\t\t\t\t<div class=\"elementor-widget-container\">\n\t\t\t\t\t<div class=\"elementor-image-box-wrapper\"><figure class=\"elementor-image-box-img\"><a href=\"https:\/\/terreboreale.com\/fr\/securite-et-sensibilisation-aux-risques\/\" tabindex=\"-1\"><img decoding=\"async\" width=\"1500\" height=\"1001\" src=\"https:\/\/terreboreale.com\/wp-content\/uploads\/2021\/08\/Moose-orignal-demspter-highway-yukon-1500x1001.jpg\" class=\"attachment-medium size-medium wp-image-4797\" alt=\"\" srcset=\"https:\/\/terreboreale.com\/wp-content\/uploads\/2021\/08\/Moose-orignal-demspter-highway-yukon-1500x1001.jpg 1500w, https:\/\/terreboreale.com\/wp-content\/uploads\/2021\/08\/Moose-orignal-demspter-highway-yukon-768x513.jpg 768w, https:\/\/terreboreale.com\/wp-content\/uploads\/2021\/08\/Moose-orignal-demspter-highway-yukon-1536x1025.jpg 1536w, https:\/\/terreboreale.com\/wp-content\/uploads\/2021\/08\/Moose-orignal-demspter-highway-yukon.jpg 2000w\" sizes=\"(max-width: 1500px) 100vw, 1500px\" \/><\/a><\/figure><div class=\"elementor-image-box-content\"><h3 class=\"elementor-image-box-title\"><a href=\"https:\/\/terreboreale.com\/fr\/securite-et-sensibilisation-aux-risques\/\">S\u00c9CURIT\u00c9<\/a><\/h3><\/div><\/div>\t\t\t\t<\/div>\n\t\t\t\t<\/div>\n\t\t\t\t\t<\/div>\n\t\t<\/div>\n\t\t\t\t\t<\/div>\n\t\t<\/section>\n\t\t\t\t<\/div>\n\t\t","protected":false},"excerpt":{"rendered":"<p>D\u00e9couvrez le Yukon en hiver Le Yukon en hiver est un royaume de silence et de paix et une destination id\u00e9ale pour le voyageur souhaitant vivre une belle exp\u00e9rience dans le grand nord Canadien et esp\u00e9rer voir les aurores bor\u00e9ales illuminer le ciel nocturne. Contrairement \u00e0 nos s\u00e9jours estivals, notre s\u00e9jour hivernal est tr\u00e8s confortable&hellip;<\/p>\n","protected":false},"author":2,"featured_media":4756,"parent":0,"menu_order":11,"comment_status":"closed","ping_status":"closed","template":"","meta":{"footnotes":""},"class_list":["post-4742","page","type-page","status-publish","has-post-thumbnail","hentry"],"_links":{"self":[{"href":"https:\/\/terreboreale.com\/fr\/wp-json\/wp\/v2\/pages\/4742","targetHints":{"allow":["GET"]}}],"collection":[{"href":"https:\/\/terreboreale.com\/fr\/wp-json\/wp\/v2\/pages"}],"about":[{"href":"https:\/\/terreboreale.com\/fr\/wp-json\/wp\/v2\/types\/page"}],"author":[{"embeddable":true,"href":"https:\/\/terreboreale.com\/fr\/wp-json\/wp\/v2\/users\/2"}],"replies":[{"embeddable":true,"href":"https:\/\/terreboreale.com\/fr\/wp-json\/wp\/v2\/comments?post=4742"}],"version-history":[{"count":26,"href":"https:\/\/terreboreale.com\/fr\/wp-json\/wp\/v2\/pages\/4742\/revisions"}],"predecessor-version":[{"id":8528,"href":"https:\/\/terreboreale.com\/fr\/wp-json\/wp\/v2\/pages\/4742\/revisions\/8528"}],"wp:featuredmedia":[{"embeddable":true,"href":"https:\/\/terreboreale.com\/fr\/wp-json\/wp\/v2\/media\/4756"}],"wp:attachment":[{"href":"https:\/\/terreboreale.com\/fr\/wp-json\/wp\/v2\/media?parent=4742"}],"curies":[{"name":"wp","href":"https:\/\/api.w.org\/{rel}","templated":true}]}}