{"id":3946,"date":"2021-04-23T09:53:21","date_gmt":"2021-04-23T16:53:21","guid":{"rendered":"https:\/\/terreboreale.com\/?page_id=3946"},"modified":"2024-01-05T15:33:45","modified_gmt":"2024-01-05T22:33:45","slug":"securite-et-sensibilisation-aux-risques","status":"publish","type":"page","link":"https:\/\/terreboreale.com\/fr\/securite-et-sensibilisation-aux-risques\/","title":{"rendered":"S\u00e9curit\u00e9 et sensibilisation aux risques"},"content":{"rendered":"\t\t<div data-elementor-type=\"wp-page\" data-elementor-id=\"3946\" class=\"elementor elementor-3946 elementor-3945\" data-elementor-post-type=\"page\">\n\t\t\t\t\t\t<section class=\"elementor-section elementor-top-section elementor-element elementor-element-2627d0d elementor-section-boxed elementor-section-height-default elementor-section-height-default\" data-id=\"2627d0d\" data-element_type=\"section\">\n\t\t\t\t\t\t<div class=\"elementor-container elementor-column-gap-default\">\n\t\t\t\t\t<div class=\"elementor-column elementor-col-100 elementor-top-column elementor-element elementor-element-b9368ba\" data-id=\"b9368ba\" data-element_type=\"column\">\n\t\t\t<div class=\"elementor-widget-wrap elementor-element-populated\">\n\t\t\t\t\t\t<div class=\"elementor-element elementor-element-7f985ed elementor-widget elementor-widget-spacer\" data-id=\"7f985ed\" data-element_type=\"widget\" data-widget_type=\"spacer.default\">\n\t\t\t\t<div class=\"elementor-widget-container\">\n\t\t\t\t\t\t\t<div class=\"elementor-spacer\">\n\t\t\t<div class=\"elementor-spacer-inner\"><\/div>\n\t\t<\/div>\n\t\t\t\t\t\t<\/div>\n\t\t\t\t<\/div>\n\t\t\t\t<div class=\"elementor-element elementor-element-fbd53ce elementor-widget elementor-widget-heading\" data-id=\"fbd53ce\" data-element_type=\"widget\" data-widget_type=\"heading.default\">\n\t\t\t\t<div class=\"elementor-widget-container\">\n\t\t\t\t\t<h2 class=\"elementor-heading-title elementor-size-default\">Randonn\u00e9e et trekking<\/h2>\t\t\t\t<\/div>\n\t\t\t\t<\/div>\n\t\t\t\t<div class=\"elementor-element elementor-element-a9ee6f7 elementor-widget elementor-widget-text-editor\" data-id=\"a9ee6f7\" data-element_type=\"widget\" id=\"covid-19\" data-widget_type=\"text-editor.default\">\n\t\t\t\t<div class=\"elementor-widget-container\">\n\t\t\t\t\t\t\t\t\t<p>La participation \u00e0 une activit\u00e9 de randonn\u00e9e, de marche en raquettes \u00e0 neige, \u00a0de trekking et autres d\u00e9placements \u00e0 pied dans l&rsquo;arri\u00e8re-pays implique des risques suppl\u00e9mentaires et sp\u00e9cifiques, des dangers incluant mais ne se limitant pas \u00e0 :\u00a0des d\u00e9placements sur des itin\u00e9raires de montagnes et alpins o\u00f9 des troncs, branches, rochers pourraient \u00eatre tomb\u00e9s, des racines ou tout autres obstacles ou dangers, des d\u00e9vers et des sols instables pourraient entrainer des chutes ; des avalanches\u00a0; des d\u00e9placements sur ou \u00e0 c\u00f4t\u00e9 de n\u00e9v\u00e9s, glaciers, crevasses, ruisseaux, rivi\u00e8res, \u00e9tangs et lacs\u00a0; divers probl\u00e8mes de sant\u00e9 li\u00e9s \u00e0 la surexposition au soleil, \u00e0 la d\u00e9shydratation, un empoisonnement alimentaire, des piqures d\u2019insectes, la fatigue, le stress, l\u2019altitude et au manque d\u2019entrainement\u00a0; l\u2019immersion sous la neige\u00a0; \u00a0des interactions avec des animaux domestiques incluant des chiens, et des animaux sauvages, incluant des ours et des cougars\u00a0; des interactions avec des plantes ou des animaux dangereux ou toxiques\u00a0; se perdre ou se retrouver s\u00e9par\u00e9 du reste du groupe ou du guide\u00a0; glisser, tr\u00e9bucher et tomber\u00a0; de la n\u00e9gligence de la part d\u2019autres personnes\u00a0; des premiers soins n\u00e9glig\u00e9s.<\/p>\t\t\t\t\t\t\t\t<\/div>\n\t\t\t\t<\/div>\n\t\t\t\t<div class=\"elementor-element elementor-element-d3e05d1 elementor-widget elementor-widget-image-gallery\" data-id=\"d3e05d1\" data-element_type=\"widget\" data-widget_type=\"image-gallery.default\">\n\t\t\t\t<div class=\"elementor-widget-container\">\n\t\t\t\t\t\t\t<div class=\"elementor-image-gallery\">\n\t\t\t\n\t\t\t<style type='text\/css'>\n\t\t\t\t#gallery-1 {\n\t\t\t\t\tmargin: auto;\n\t\t\t\t}\n\t\t\t\t#gallery-1 .gallery-item {\n\t\t\t\t\tfloat: left;\n\t\t\t\t\tmargin-top: 10px;\n\t\t\t\t\ttext-align: center;\n\t\t\t\t\twidth: 25%;\n\t\t\t\t}\n\t\t\t\t#gallery-1 img {\n\t\t\t\t\tborder: 2px solid #cfcfcf;\n\t\t\t\t}\n\t\t\t\t#gallery-1 .gallery-caption {\n\t\t\t\t\tmargin-left: 0;\n\t\t\t\t}\n\t\t\t\t\/* see gallery_shortcode() in wp-includes\/media.php *\/\n\t\t\t<\/style>\n\t\t<div id='gallery-1' class='dt-gallery-container gallery galleryid-3946 gallery-columns-4 gallery-size-thumbnail'><dl class='gallery-item'>\n\t\t\t\t<dt class='gallery-icon landscape'>\n\t\t\t\t\t<a class=\"rollover rollover-zoom\" title=\"\"data-elementor-open-lightbox=\"yes\" data-elementor-lightbox-slideshow=\"d3e05d1\" data-elementor-lightbox-title=\"Coast-Mountains-Yukon-hiking-randonn\u00e9e\" data-e-action-hash=\"#elementor-action%3Aaction%3Dlightbox%26settings%3DeyJpZCI6Mzk1NiwidXJsIjoiaHR0cHM6XC9cL3RlcnJlYm9yZWFsZS5jb21cL3dwLWNvbnRlbnRcL3VwbG9hZHNcLzIwMjFcLzA0XC9Db2FzdC1Nb3VudGFpbnMtWXVrb24taGlraW5nLXJhbmRvbm5lZS5qcGciLCJzbGlkZXNob3ciOiJkM2UwNWQxIn0%3D\" href='https:\/\/terreboreale.com\/wp-content\/uploads\/2021\/04\/Coast-Mountains-Yukon-hiking-randonnee.jpg'><img fetchpriority=\"high\" width=\"300\" height=\"300\" src=\"https:\/\/terreboreale.com\/wp-content\/uploads\/2021\/04\/Coast-Mountains-Yukon-hiking-randonnee-300x300.jpg\" class=\"attachment-thumbnail size-thumbnail\" alt=\"Coast-Mountains-Yukon-hiking-randonn\u00e9e\" decoding=\"async\" srcset=\"https:\/\/terreboreale.com\/wp-content\/uploads\/2021\/04\/Coast-Mountains-Yukon-hiking-randonnee-300x300.jpg 300w, https:\/\/terreboreale.com\/wp-content\/uploads\/2021\/04\/Coast-Mountains-Yukon-hiking-randonnee-80x80.jpg 80w\" sizes=\"(max-width: 300px) 100vw, 300px\" \/><\/a>\n\t\t\t\t<\/dt><\/dl><dl class='gallery-item'>\n\t\t\t\t<dt class='gallery-icon landscape'>\n\t\t\t\t\t<a class=\"rollover rollover-zoom\" title=\"\"data-elementor-open-lightbox=\"yes\" data-elementor-lightbox-slideshow=\"d3e05d1\" data-elementor-lightbox-title=\"Scree-slope-hiking-yukon-Kluane\" data-e-action-hash=\"#elementor-action%3Aaction%3Dlightbox%26settings%3DeyJpZCI6Mzk2MCwidXJsIjoiaHR0cHM6XC9cL3RlcnJlYm9yZWFsZS5jb21cL3dwLWNvbnRlbnRcL3VwbG9hZHNcLzIwMjFcLzA0XC9TY3JlZS1zbG9wZS1oaWtpbmcteXVrb24tS2x1YW5lLmpwZyIsInNsaWRlc2hvdyI6ImQzZTA1ZDEifQ%3D%3D\" href='https:\/\/terreboreale.com\/wp-content\/uploads\/2021\/04\/Scree-slope-hiking-yukon-Kluane.jpg'><img width=\"300\" height=\"300\" src=\"https:\/\/terreboreale.com\/wp-content\/uploads\/2021\/04\/Scree-slope-hiking-yukon-Kluane-300x300.jpg\" class=\"attachment-thumbnail size-thumbnail\" alt=\"Scree-slope-hiking-yukon-Kluane\" decoding=\"async\" srcset=\"https:\/\/terreboreale.com\/wp-content\/uploads\/2021\/04\/Scree-slope-hiking-yukon-Kluane-300x300.jpg 300w, https:\/\/terreboreale.com\/wp-content\/uploads\/2021\/04\/Scree-slope-hiking-yukon-Kluane-80x80.jpg 80w\" sizes=\"(max-width: 300px) 100vw, 300px\" \/><\/a>\n\t\t\t\t<\/dt><\/dl><dl class='gallery-item'>\n\t\t\t\t<dt class='gallery-icon landscape'>\n\t\t\t\t\t<a class=\"rollover rollover-zoom\" title=\"\"data-elementor-open-lightbox=\"yes\" data-elementor-lightbox-slideshow=\"d3e05d1\" data-elementor-lightbox-title=\"River-crossing-kluane-trekking-backpacking-yukon\" data-e-action-hash=\"#elementor-action%3Aaction%3Dlightbox%26settings%3DeyJpZCI6Mzk1OCwidXJsIjoiaHR0cHM6XC9cL3RlcnJlYm9yZWFsZS5jb21cL3dwLWNvbnRlbnRcL3VwbG9hZHNcLzIwMjFcLzA0XC9SaXZlci1jcm9zc2luZy1rbHVhbmUtdHJla2tpbmctYmFja3BhY2tpbmcteXVrb24uanBnIiwic2xpZGVzaG93IjoiZDNlMDVkMSJ9\" href='https:\/\/terreboreale.com\/wp-content\/uploads\/2021\/04\/River-crossing-kluane-trekking-backpacking-yukon.jpg'><img width=\"300\" height=\"300\" src=\"https:\/\/terreboreale.com\/wp-content\/uploads\/2021\/04\/River-crossing-kluane-trekking-backpacking-yukon-300x300.jpg\" class=\"attachment-thumbnail size-thumbnail\" alt=\"River-crossing-kluane-trekking-backpacking-yukon\" decoding=\"async\" srcset=\"https:\/\/terreboreale.com\/wp-content\/uploads\/2021\/04\/River-crossing-kluane-trekking-backpacking-yukon-300x300.jpg 300w, https:\/\/terreboreale.com\/wp-content\/uploads\/2021\/04\/River-crossing-kluane-trekking-backpacking-yukon-80x80.jpg 80w\" sizes=\"(max-width: 300px) 100vw, 300px\" \/><\/a>\n\t\t\t\t<\/dt><\/dl><dl class='gallery-item'>\n\t\t\t\t<dt class='gallery-icon landscape'>\n\t\t\t\t\t<a class=\"rollover rollover-zoom\" title=\"\"data-elementor-open-lightbox=\"yes\" data-elementor-lightbox-slideshow=\"d3e05d1\" data-elementor-lightbox-title=\"Yukon-backpacking-trekking-in-the-fog\" data-e-action-hash=\"#elementor-action%3Aaction%3Dlightbox%26settings%3DeyJpZCI6Mzk2MiwidXJsIjoiaHR0cHM6XC9cL3RlcnJlYm9yZWFsZS5jb21cL3dwLWNvbnRlbnRcL3VwbG9hZHNcLzIwMjFcLzA0XC9ZdWtvbi1iYWNrcGFja2luZy10cmVra2luZy1pbi10aGUtZm9nLmpwZyIsInNsaWRlc2hvdyI6ImQzZTA1ZDEifQ%3D%3D\" href='https:\/\/terreboreale.com\/wp-content\/uploads\/2021\/04\/Yukon-backpacking-trekking-in-the-fog.jpg'><img loading=\"lazy\" width=\"300\" height=\"300\" src=\"https:\/\/terreboreale.com\/wp-content\/uploads\/2021\/04\/Yukon-backpacking-trekking-in-the-fog-300x300.jpg\" class=\"attachment-thumbnail size-thumbnail\" alt=\"Yukon-backpacking-trekking-in-the-fog\" decoding=\"async\" srcset=\"https:\/\/terreboreale.com\/wp-content\/uploads\/2021\/04\/Yukon-backpacking-trekking-in-the-fog-300x300.jpg 300w, https:\/\/terreboreale.com\/wp-content\/uploads\/2021\/04\/Yukon-backpacking-trekking-in-the-fog-80x80.jpg 80w\" sizes=\"(max-width: 300px) 100vw, 300px\" \/><\/a>\n\t\t\t\t<\/dt><\/dl><br style=\"clear: both\" \/>\n\t\t\t<\/div>\n\t\t<\/div>\n\t\t\t\t\t\t<\/div>\n\t\t\t\t<\/div>\n\t\t\t\t<div class=\"elementor-element elementor-element-46492a2 elementor-widget elementor-widget-heading\" data-id=\"46492a2\" data-element_type=\"widget\" data-widget_type=\"heading.default\">\n\t\t\t\t<div class=\"elementor-widget-container\">\n\t\t\t\t\t<h2 class=\"elementor-heading-title elementor-size-default\">Cano\u00eb<\/h2>\t\t\t\t<\/div>\n\t\t\t\t<\/div>\n\t\t\t\t<div class=\"elementor-element elementor-element-708aac7 elementor-widget elementor-widget-text-editor\" data-id=\"708aac7\" data-element_type=\"widget\" data-widget_type=\"text-editor.default\">\n\t\t\t\t<div class=\"elementor-widget-container\">\n\t\t\t\t\t\t\t\t\t<p>La participation \u00e0 des activit\u00e9s aquatiques implique des risques suppl\u00e9mentaires et sp\u00e9cifiques, des dangers incluant mais ne se limitant pas \u00e0 :\u00a0glisser, tr\u00e9bucher et tomber\u00a0; tomber d\u2019un kayak, cano\u00eb ou une planche de paddle\u00a0; des fluctuations m\u00e9t\u00e9orologiques\u00a0; des vents forts\u00a0; des \u00e9clairs\u00a0; des impactes ou collisions avec d\u2019autres embarcations ou des objets dans l\u2019eau, rochers, arbres, troncs, chablis, pontons ou digues\u00a0; entorses et blessures musculaires, articulaires ou osseuses\u00a0; basculer ou renverser un kayak, cano\u00eb ou planche de paddle\u00a0; \u00eatre coinc\u00e9 par des arbres, des troncs ou de l\u2019\u00e9quipement\u00a0; se noyer\u00a0; hypothermie\u00a0; l\u2019exposition \u00e0 l\u2019eau et au soleil\u00a0; l\u2019exposition \u00e0 des maladies infectieuses li\u00e9es \u00e0 des virus, bact\u00e9ries, parasites et champignons qui peuvent \u00eatre transmisses par contact direct ou indirect\u00a0; la n\u00e9gligence d\u2019autres personnes.<\/p>\t\t\t\t\t\t\t\t<\/div>\n\t\t\t\t<\/div>\n\t\t\t\t<div class=\"elementor-element elementor-element-35b09d1 elementor-widget elementor-widget-image-gallery\" data-id=\"35b09d1\" data-element_type=\"widget\" data-widget_type=\"image-gallery.default\">\n\t\t\t\t<div class=\"elementor-widget-container\">\n\t\t\t\t\t\t\t<div class=\"elementor-image-gallery\">\n\t\t\t\n\t\t\t<style type='text\/css'>\n\t\t\t\t#gallery-2 {\n\t\t\t\t\tmargin: auto;\n\t\t\t\t}\n\t\t\t\t#gallery-2 .gallery-item {\n\t\t\t\t\tfloat: left;\n\t\t\t\t\tmargin-top: 10px;\n\t\t\t\t\ttext-align: center;\n\t\t\t\t\twidth: 25%;\n\t\t\t\t}\n\t\t\t\t#gallery-2 img {\n\t\t\t\t\tborder: 2px solid #cfcfcf;\n\t\t\t\t}\n\t\t\t\t#gallery-2 .gallery-caption {\n\t\t\t\t\tmargin-left: 0;\n\t\t\t\t}\n\t\t\t\t\/* see gallery_shortcode() in wp-includes\/media.php *\/\n\t\t\t<\/style>\n\t\t<div id='gallery-2' class='dt-gallery-container gallery galleryid-3946 gallery-columns-4 gallery-size-thumbnail'><dl class='gallery-item'>\n\t\t\t\t<dt class='gallery-icon landscape'>\n\t\t\t\t\t<a class=\"rollover rollover-zoom\" title=\"\"data-elementor-open-lightbox=\"yes\" data-elementor-lightbox-slideshow=\"35b09d1\" data-elementor-lightbox-title=\"sous-la-pluie-rainy-day-yukon\" data-e-action-hash=\"#elementor-action%3Aaction%3Dlightbox%26settings%3DeyJpZCI6Mzk3NywidXJsIjoiaHR0cHM6XC9cL3RlcnJlYm9yZWFsZS5jb21cL3dwLWNvbnRlbnRcL3VwbG9hZHNcLzIwMjFcLzA0XC9zb3VzLWxhLXBsdWllLXJhaW55LWRheS15dWtvbi5qcGciLCJzbGlkZXNob3ciOiIzNWIwOWQxIn0%3D\" href='https:\/\/terreboreale.com\/wp-content\/uploads\/2021\/04\/sous-la-pluie-rainy-day-yukon.jpg'><img loading=\"lazy\" width=\"300\" height=\"300\" src=\"https:\/\/terreboreale.com\/wp-content\/uploads\/2021\/04\/sous-la-pluie-rainy-day-yukon-300x300.jpg\" class=\"attachment-thumbnail size-thumbnail\" alt=\"sous-la-pluie-rainy-day-yukon\" decoding=\"async\" srcset=\"https:\/\/terreboreale.com\/wp-content\/uploads\/2021\/04\/sous-la-pluie-rainy-day-yukon-300x300.jpg 300w, https:\/\/terreboreale.com\/wp-content\/uploads\/2021\/04\/sous-la-pluie-rainy-day-yukon-80x80.jpg 80w\" sizes=\"(max-width: 300px) 100vw, 300px\" \/><\/a>\n\t\t\t\t<\/dt><\/dl><dl class='gallery-item'>\n\t\t\t\t<dt class='gallery-icon landscape'>\n\t\t\t\t\t<a class=\"rollover rollover-zoom\" title=\"\"data-elementor-open-lightbox=\"yes\" data-elementor-lightbox-slideshow=\"35b09d1\" data-elementor-lightbox-title=\"Yukon-river-ours-bear\" data-e-action-hash=\"#elementor-action%3Aaction%3Dlightbox%26settings%3DeyJpZCI6Mzk3MywidXJsIjoiaHR0cHM6XC9cL3RlcnJlYm9yZWFsZS5jb21cL3dwLWNvbnRlbnRcL3VwbG9hZHNcLzIwMjFcLzA0XC9ZdWtvbi1yaXZlci1vdXJzLWJlYXIuanBnIiwic2xpZGVzaG93IjoiMzViMDlkMSJ9\" href='https:\/\/terreboreale.com\/wp-content\/uploads\/2021\/04\/Yukon-river-ours-bear.jpg'><img loading=\"lazy\" width=\"300\" height=\"300\" src=\"https:\/\/terreboreale.com\/wp-content\/uploads\/2021\/04\/Yukon-river-ours-bear-300x300.jpg\" class=\"attachment-thumbnail size-thumbnail\" alt=\"Yukon-river-ours-bear\" decoding=\"async\" srcset=\"https:\/\/terreboreale.com\/wp-content\/uploads\/2021\/04\/Yukon-river-ours-bear-300x300.jpg 300w, https:\/\/terreboreale.com\/wp-content\/uploads\/2021\/04\/Yukon-river-ours-bear-80x80.jpg 80w\" sizes=\"(max-width: 300px) 100vw, 300px\" \/><\/a>\n\t\t\t\t<\/dt><\/dl><dl class='gallery-item'>\n\t\t\t\t<dt class='gallery-icon landscape'>\n\t\t\t\t\t<a class=\"rollover rollover-zoom\" title=\"\"data-elementor-open-lightbox=\"yes\" data-elementor-lightbox-slideshow=\"35b09d1\" data-elementor-lightbox-title=\"Big-salmon-river-yukon-sweeper\" data-e-action-hash=\"#elementor-action%3Aaction%3Dlightbox%26settings%3DeyJpZCI6Mzk3NSwidXJsIjoiaHR0cHM6XC9cL3RlcnJlYm9yZWFsZS5jb21cL3dwLWNvbnRlbnRcL3VwbG9hZHNcLzIwMjFcLzA0XC9CaWctc2FsbW9uLXJpdmVyLXl1a29uLXN3ZWVwZXIuanBnIiwic2xpZGVzaG93IjoiMzViMDlkMSJ9\" href='https:\/\/terreboreale.com\/wp-content\/uploads\/2021\/04\/Big-salmon-river-yukon-sweeper.jpg'><img loading=\"lazy\" width=\"300\" height=\"300\" src=\"https:\/\/terreboreale.com\/wp-content\/uploads\/2021\/04\/Big-salmon-river-yukon-sweeper-300x300.jpg\" class=\"attachment-thumbnail size-thumbnail\" alt=\"Big-salmon-river-yukon-sweeper\" decoding=\"async\" srcset=\"https:\/\/terreboreale.com\/wp-content\/uploads\/2021\/04\/Big-salmon-river-yukon-sweeper-300x300.jpg 300w, https:\/\/terreboreale.com\/wp-content\/uploads\/2021\/04\/Big-salmon-river-yukon-sweeper-80x80.jpg 80w\" sizes=\"(max-width: 300px) 100vw, 300px\" \/><\/a>\n\t\t\t\t<\/dt><\/dl><dl class='gallery-item'>\n\t\t\t\t<dt class='gallery-icon landscape'>\n\t\t\t\t\t<a class=\"rollover rollover-zoom\" title=\"\"data-elementor-open-lightbox=\"yes\" data-elementor-lightbox-slideshow=\"35b09d1\" data-elementor-lightbox-title=\"Float-plane-canoeing-adventure-canoe-yukon\" data-e-action-hash=\"#elementor-action%3Aaction%3Dlightbox%26settings%3DeyJpZCI6Mzk3MSwidXJsIjoiaHR0cHM6XC9cL3RlcnJlYm9yZWFsZS5jb21cL3dwLWNvbnRlbnRcL3VwbG9hZHNcLzIwMjFcLzA0XC9GbG9hdC1wbGFuZS1jYW5vZWluZy1hZHZlbnR1cmUtY2Fub2UteXVrb24uanBnIiwic2xpZGVzaG93IjoiMzViMDlkMSJ9\" href='https:\/\/terreboreale.com\/wp-content\/uploads\/2021\/04\/Float-plane-canoeing-adventure-canoe-yukon.jpg'><img loading=\"lazy\" width=\"300\" height=\"300\" src=\"https:\/\/terreboreale.com\/wp-content\/uploads\/2021\/04\/Float-plane-canoeing-adventure-canoe-yukon-300x300.jpg\" class=\"attachment-thumbnail size-thumbnail\" alt=\"Float-plane-canoeing-adventure-canoe-yukon\" decoding=\"async\" srcset=\"https:\/\/terreboreale.com\/wp-content\/uploads\/2021\/04\/Float-plane-canoeing-adventure-canoe-yukon-300x300.jpg 300w, https:\/\/terreboreale.com\/wp-content\/uploads\/2021\/04\/Float-plane-canoeing-adventure-canoe-yukon-80x80.jpg 80w\" sizes=\"(max-width: 300px) 100vw, 300px\" \/><\/a>\n\t\t\t\t<\/dt><\/dl><br style=\"clear: both\" \/>\n\t\t\t<\/div>\n\t\t<\/div>\n\t\t\t\t\t\t<\/div>\n\t\t\t\t<\/div>\n\t\t\t\t<div class=\"elementor-element elementor-element-097d0f1 elementor-widget elementor-widget-spacer\" data-id=\"097d0f1\" data-element_type=\"widget\" data-widget_type=\"spacer.default\">\n\t\t\t\t<div class=\"elementor-widget-container\">\n\t\t\t\t\t\t\t<div class=\"elementor-spacer\">\n\t\t\t<div class=\"elementor-spacer-inner\"><\/div>\n\t\t<\/div>\n\t\t\t\t\t\t<\/div>\n\t\t\t\t<\/div>\n\t\t\t\t<div class=\"elementor-element elementor-element-76ba7d8 elementor-widget elementor-widget-heading\" data-id=\"76ba7d8\" data-element_type=\"widget\" data-widget_type=\"heading.default\">\n\t\t\t\t<div class=\"elementor-widget-container\">\n\t\t\t\t\t<h2 class=\"elementor-heading-title elementor-size-default\">Lettre de d\u00e9charge de responsabilit\u00e9 de Terre Bor\u00e9ale<\/h2>\t\t\t\t<\/div>\n\t\t\t\t<\/div>\n\t\t\t\t<div class=\"elementor-element elementor-element-1292198 elementor-widget elementor-widget-image\" data-id=\"1292198\" data-element_type=\"widget\" data-widget_type=\"image.default\">\n\t\t\t\t<div class=\"elementor-widget-container\">\n\t\t\t\t\t\t\t\t\t\t\t\t\t\t\t\t<a href=\"https:\/\/waiver.smartwaiver.com\/w\/608c50050c63b\/web\/\" target=\"_blank\" rel=\"noopener\">\n\t\t\t\t\t\t\t<img decoding=\"async\" src=\"https:\/\/terreboreale.com\/wp-content\/uploads\/elementor\/thumbs\/Terre-Boreale-Decharge-de-responsabilite-2021_1-p6ho8vkup43uuwm2h0gdv40pwge5k4c5trmw21ooss.jpg\" title=\"Terre Bor\u00e9ale-D\u00e9charge de responsabilit\u00e9 2021_1\" alt=\"Terre Bor\u00e9ale-D\u00e9charge de responsabilit\u00e9 2021_1\" loading=\"lazy\" \/>\t\t\t\t\t\t\t\t<\/a>\n\t\t\t\t\t\t\t\t\t\t\t\t\t\t\t<\/div>\n\t\t\t\t<\/div>\n\t\t\t\t<div class=\"elementor-element elementor-element-270bd8a elementor-widget elementor-widget-image\" data-id=\"270bd8a\" data-element_type=\"widget\" data-widget_type=\"image.default\">\n\t\t\t\t<div class=\"elementor-widget-container\">\n\t\t\t\t\t\t\t\t\t\t\t\t\t\t\t\t<a href=\"https:\/\/waiver.smartwaiver.com\/w\/608c50050c63b\/web\/\" target=\"_blank\" rel=\"noopener\">\n\t\t\t\t\t\t\t<img decoding=\"async\" src=\"https:\/\/terreboreale.com\/wp-content\/uploads\/elementor\/thumbs\/Terre-Boreale-Decharge-de-responsabilite-2021_2-p6ho9pnort916fedldgg2wfgws9wefnklwifewg39o.jpg\" title=\"Terre Bor\u00e9ale-D\u00e9charge de responsabilit\u00e9 2021_2\" alt=\"Terre Bor\u00e9ale-D\u00e9charge de responsabilit\u00e9 2021_2\" loading=\"lazy\" \/>\t\t\t\t\t\t\t\t<\/a>\n\t\t\t\t\t\t\t\t\t\t\t\t\t\t\t<\/div>\n\t\t\t\t<\/div>\n\t\t\t\t\t<\/div>\n\t\t<\/div>\n\t\t\t\t\t<\/div>\n\t\t<\/section>\n\t\t\t\t<section class=\"elementor-section elementor-top-section elementor-element elementor-element-6d5c2df2 elementor-section-boxed elementor-section-height-default elementor-section-height-default\" data-id=\"6d5c2df2\" data-element_type=\"section\">\n\t\t\t\t\t\t<div class=\"elementor-container elementor-column-gap-default\">\n\t\t\t\t\t<div class=\"elementor-column elementor-col-33 elementor-top-column elementor-element elementor-element-ccdd982\" data-id=\"ccdd982\" data-element_type=\"column\">\n\t\t\t<div class=\"elementor-widget-wrap elementor-element-populated\">\n\t\t\t\t\t\t<div class=\"elementor-element elementor-element-3774eecf image-box-heading-over elementor-position-top elementor-widget elementor-widget-image-box\" data-id=\"3774eecf\" data-element_type=\"widget\" data-widget_type=\"image-box.default\">\n\t\t\t\t<div class=\"elementor-widget-container\">\n\t\t\t\t\t<div class=\"elementor-image-box-wrapper\"><figure class=\"elementor-image-box-img\"><a href=\"https:\/\/terreboreale.com\/fr\/conditions-de-ventes\/\" tabindex=\"-1\"><img loading=\"lazy\" decoding=\"async\" width=\"1500\" height=\"1001\" src=\"https:\/\/terreboreale.com\/wp-content\/uploads\/2021\/03\/Yukon-ruby-range-ptarmigan-fireweed-1500x1001.jpg\" class=\"attachment-medium size-medium wp-image-1800\" alt=\"Yukon-ruby-range-ptarmigan-fireweed\" srcset=\"https:\/\/terreboreale.com\/wp-content\/uploads\/2021\/03\/Yukon-ruby-range-ptarmigan-fireweed-1500x1001.jpg 1500w, https:\/\/terreboreale.com\/wp-content\/uploads\/2021\/03\/Yukon-ruby-range-ptarmigan-fireweed-768x512.jpg 768w, https:\/\/terreboreale.com\/wp-content\/uploads\/2021\/03\/Yukon-ruby-range-ptarmigan-fireweed-1536x1025.jpg 1536w, https:\/\/terreboreale.com\/wp-content\/uploads\/2021\/03\/Yukon-ruby-range-ptarmigan-fireweed.jpg 2000w\" sizes=\"(max-width: 1500px) 100vw, 1500px\" \/><\/a><\/figure><div class=\"elementor-image-box-content\"><h3 class=\"elementor-image-box-title\"><a href=\"https:\/\/terreboreale.com\/fr\/conditions-de-ventes\/\">CONDITIONS DE VENTE<\/a><\/h3><\/div><\/div>\t\t\t\t<\/div>\n\t\t\t\t<\/div>\n\t\t\t\t\t<\/div>\n\t\t<\/div>\n\t\t\t\t<div class=\"elementor-column elementor-col-33 elementor-top-column elementor-element elementor-element-57affbd\" data-id=\"57affbd\" data-element_type=\"column\">\n\t\t\t<div class=\"elementor-widget-wrap elementor-element-populated\">\n\t\t\t\t\t\t<div class=\"elementor-element elementor-element-2afd4a01 image-box-heading-over elementor-position-top elementor-widget elementor-widget-image-box\" data-id=\"2afd4a01\" data-element_type=\"widget\" data-widget_type=\"image-box.default\">\n\t\t\t\t<div class=\"elementor-widget-container\">\n\t\t\t\t\t<div class=\"elementor-image-box-wrapper\"><figure class=\"elementor-image-box-img\"><a href=\"https:\/\/terreboreale.com\/fr\/a-propos\/\" tabindex=\"-1\"><img loading=\"lazy\" decoding=\"async\" width=\"1500\" height=\"1001\" src=\"https:\/\/terreboreale.com\/wp-content\/uploads\/2021\/03\/Milena-Max-Bocks-Lake-Yukon-1500x1001.jpg\" class=\"attachment-medium size-medium wp-image-1844\" alt=\"Mil\u00e9na-Max-Bocks-Lake-Yukon\" srcset=\"https:\/\/terreboreale.com\/wp-content\/uploads\/2021\/03\/Milena-Max-Bocks-Lake-Yukon-1500x1001.jpg 1500w, https:\/\/terreboreale.com\/wp-content\/uploads\/2021\/03\/Milena-Max-Bocks-Lake-Yukon-768x512.jpg 768w, https:\/\/terreboreale.com\/wp-content\/uploads\/2021\/03\/Milena-Max-Bocks-Lake-Yukon-1536x1025.jpg 1536w, https:\/\/terreboreale.com\/wp-content\/uploads\/2021\/03\/Milena-Max-Bocks-Lake-Yukon.jpg 2000w\" sizes=\"(max-width: 1500px) 100vw, 1500px\" \/><\/a><\/figure><div class=\"elementor-image-box-content\"><h3 class=\"elementor-image-box-title\"><a href=\"https:\/\/terreboreale.com\/fr\/a-propos\/\">NOTRE \u00c9QUIPE<\/a><\/h3><\/div><\/div>\t\t\t\t<\/div>\n\t\t\t\t<\/div>\n\t\t\t\t\t<\/div>\n\t\t<\/div>\n\t\t\t\t<div class=\"elementor-column elementor-col-33 elementor-top-column elementor-element elementor-element-3e947a59\" data-id=\"3e947a59\" data-element_type=\"column\">\n\t\t\t<div class=\"elementor-widget-wrap elementor-element-populated\">\n\t\t\t\t\t\t<div class=\"elementor-element elementor-element-28db5b75 image-box-heading-over elementor-position-top elementor-widget elementor-widget-image-box\" data-id=\"28db5b75\" data-element_type=\"widget\" data-widget_type=\"image-box.default\">\n\t\t\t\t<div class=\"elementor-widget-container\">\n\t\t\t\t\t<div class=\"elementor-image-box-wrapper\"><figure class=\"elementor-image-box-img\"><a href=\"https:\/\/terreboreale.com\/fr\/notre-cuisine\/\" tabindex=\"-1\"><img loading=\"lazy\" decoding=\"async\" width=\"1500\" height=\"1125\" src=\"https:\/\/terreboreale.com\/wp-content\/uploads\/2021\/03\/dehydrated-fresh-lasagna-1500x1125.jpg\" class=\"attachment-medium size-medium wp-image-1822\" alt=\"dehydrated-fresh-lasagna\" srcset=\"https:\/\/terreboreale.com\/wp-content\/uploads\/2021\/03\/dehydrated-fresh-lasagna-1500x1125.jpg 1500w, https:\/\/terreboreale.com\/wp-content\/uploads\/2021\/03\/dehydrated-fresh-lasagna-768x576.jpg 768w, https:\/\/terreboreale.com\/wp-content\/uploads\/2021\/03\/dehydrated-fresh-lasagna-1536x1152.jpg 1536w, https:\/\/terreboreale.com\/wp-content\/uploads\/2021\/03\/dehydrated-fresh-lasagna.jpg 2000w\" sizes=\"(max-width: 1500px) 100vw, 1500px\" \/><\/a><\/figure><div class=\"elementor-image-box-content\"><h3 class=\"elementor-image-box-title\"><a href=\"https:\/\/terreboreale.com\/fr\/notre-cuisine\/\">NOTRE CUISINE<\/a><\/h3><\/div><\/div>\t\t\t\t<\/div>\n\t\t\t\t<\/div>\n\t\t\t\t\t<\/div>\n\t\t<\/div>\n\t\t\t\t\t<\/div>\n\t\t<\/section>\n\t\t\t\t<\/div>\n\t\t","protected":false},"excerpt":{"rendered":"<p>Randonn\u00e9e et trekking La participation \u00e0 une activit\u00e9 de randonn\u00e9e, de marche en raquettes \u00e0 neige, \u00a0de trekking et autres d\u00e9placements \u00e0 pied dans l&rsquo;arri\u00e8re-pays implique des risques suppl\u00e9mentaires et sp\u00e9cifiques, des dangers incluant mais ne se limitant pas \u00e0 :\u00a0des d\u00e9placements sur des itin\u00e9raires de montagnes et alpins o\u00f9 des troncs, branches, rochers pourraient&hellip;<\/p>\n","protected":false},"author":2,"featured_media":2007,"parent":0,"menu_order":99,"comment_status":"closed","ping_status":"closed","template":"","meta":{"footnotes":""},"class_list":["post-3946","page","type-page","status-publish","has-post-thumbnail","hentry"],"_links":{"self":[{"href":"https:\/\/terreboreale.com\/fr\/wp-json\/wp\/v2\/pages\/3946","targetHints":{"allow":["GET"]}}],"collection":[{"href":"https:\/\/terreboreale.com\/fr\/wp-json\/wp\/v2\/pages"}],"about":[{"href":"https:\/\/terreboreale.com\/fr\/wp-json\/wp\/v2\/types\/page"}],"author":[{"embeddable":true,"href":"https:\/\/terreboreale.com\/fr\/wp-json\/wp\/v2\/users\/2"}],"replies":[{"embeddable":true,"href":"https:\/\/terreboreale.com\/fr\/wp-json\/wp\/v2\/comments?post=3946"}],"version-history":[{"count":64,"href":"https:\/\/terreboreale.com\/fr\/wp-json\/wp\/v2\/pages\/3946\/revisions"}],"predecessor-version":[{"id":7923,"href":"https:\/\/terreboreale.com\/fr\/wp-json\/wp\/v2\/pages\/3946\/revisions\/7923"}],"wp:featuredmedia":[{"embeddable":true,"href":"https:\/\/terreboreale.com\/fr\/wp-json\/wp\/v2\/media\/2007"}],"wp:attachment":[{"href":"https:\/\/terreboreale.com\/fr\/wp-json\/wp\/v2\/media?parent=3946"}],"curies":[{"name":"wp","href":"https:\/\/api.w.org\/{rel}","templated":true}]}}