{"id":2809,"date":"2021-03-15T17:04:46","date_gmt":"2021-03-15T17:04:46","guid":{"rendered":"https:\/\/terreboreale.com\/guaranteed-departures\/"},"modified":"2021-04-30T18:24:33","modified_gmt":"2021-05-01T01:24:33","slug":"departs-garantis","status":"publish","type":"page","link":"https:\/\/terreboreale.com\/fr\/departs-garantis\/","title":{"rendered":"D\u00e9parts garantis"},"content":{"rendered":"\t\t<div data-elementor-type=\"wp-page\" data-elementor-id=\"2809\" class=\"elementor elementor-2809 elementor-1225\" data-elementor-post-type=\"page\">\n\t\t\t\t\t\t<section class=\"elementor-section elementor-top-section elementor-element elementor-element-86afd4f elementor-section-boxed elementor-section-height-default elementor-section-height-default\" data-id=\"86afd4f\" data-element_type=\"section\">\n\t\t\t\t\t\t<div class=\"elementor-container elementor-column-gap-default\">\n\t\t\t\t\t<div class=\"elementor-column elementor-col-100 elementor-top-column elementor-element elementor-element-c000d91\" data-id=\"c000d91\" data-element_type=\"column\">\n\t\t\t<div class=\"elementor-widget-wrap elementor-element-populated\">\n\t\t\t\t\t\t<div class=\"elementor-element elementor-element-bd070e8 elementor-widget elementor-widget-spacer\" data-id=\"bd070e8\" data-element_type=\"widget\" data-widget_type=\"spacer.default\">\n\t\t\t\t<div class=\"elementor-widget-container\">\n\t\t\t\t\t\t\t<div class=\"elementor-spacer\">\n\t\t\t<div class=\"elementor-spacer-inner\"><\/div>\n\t\t<\/div>\n\t\t\t\t\t\t<\/div>\n\t\t\t\t<\/div>\n\t\t\t\t<section class=\"elementor-section elementor-inner-section elementor-element elementor-element-2160183 elementor-section-boxed elementor-section-height-default elementor-section-height-default\" data-id=\"2160183\" data-element_type=\"section\">\n\t\t\t\t\t\t<div class=\"elementor-container elementor-column-gap-default\">\n\t\t\t\t\t<div class=\"elementor-column elementor-col-33 elementor-inner-column elementor-element elementor-element-cb70f19\" data-id=\"cb70f19\" data-element_type=\"column\">\n\t\t\t<div class=\"elementor-widget-wrap\">\n\t\t\t\t\t\t\t<\/div>\n\t\t<\/div>\n\t\t\t\t<div class=\"elementor-column elementor-col-33 elementor-inner-column elementor-element elementor-element-023c466\" data-id=\"023c466\" data-element_type=\"column\">\n\t\t\t<div class=\"elementor-widget-wrap\">\n\t\t\t\t\t\t\t<\/div>\n\t\t<\/div>\n\t\t\t\t<div class=\"elementor-column elementor-col-33 elementor-inner-column elementor-element elementor-element-70bd1fb\" data-id=\"70bd1fb\" data-element_type=\"column\">\n\t\t\t<div class=\"elementor-widget-wrap\">\n\t\t\t\t\t\t\t<\/div>\n\t\t<\/div>\n\t\t\t\t\t<\/div>\n\t\t<\/section>\n\t\t\t\t<div class=\"elementor-element elementor-element-ada2df0 elementor-widget elementor-widget-spacer\" data-id=\"ada2df0\" data-element_type=\"widget\" data-widget_type=\"spacer.default\">\n\t\t\t\t<div class=\"elementor-widget-container\">\n\t\t\t\t\t\t\t<div class=\"elementor-spacer\">\n\t\t\t<div class=\"elementor-spacer-inner\"><\/div>\n\t\t<\/div>\n\t\t\t\t\t\t<\/div>\n\t\t\t\t<\/div>\n\t\t\t\t<div class=\"elementor-element elementor-element-799ba3f elementor-widget elementor-widget-shortcode\" data-id=\"799ba3f\" data-element_type=\"widget\" data-widget_type=\"shortcode.default\">\n\t\t\t\t<div class=\"elementor-widget-container\">\n\t\t\t\t\t\t\t<div class=\"elementor-shortcode\"><div class=\"tours-feed\">\n            <div class=\"tour-wrap\">\n                <a href=\"https:\/\/terreboreale.com\/fr\/tour\/au-fil-de-la-yukon-river-laberge-carmacks\/\" class=\"cover-link\" title=\"Au fil de la Yukon River, Laberge-Carmacks\">Au fil de la Yukon River, Laberge-Carmacks<\/a>\n                <div class=\"image-wrap\" style=\"background:linear-gradient(to right, rgba(0,0,0,0.4) 0%, rgba(0,0,0,0) 40%), url(https:\/\/terreboreale.com\/wp-content\/uploads\/2021\/03\/Yukon-River-Big-Salmon-Canoes.jpg);\"><\/div>\n                <div class=\"overlay\"><\/div>\n                <div class=\"titles\">\n                    <h2>Au fil de la Yukon River, Laberge-Carmacks<\/h2>\n                    <p>Une version courte de la descente de la Yukon River en cano\u00eb, ce s\u00e9jour est id\u00e9al pour ceux qui souhaitent s\u2019essayer au cano\u00eb tout en d\u00e9couvrant l\u2019histoire de cette rivi\u00e8re fameuse depuis la ru\u00e9e vers l\u2019or des ann\u00e9es 1890. <\/p>\n\n                    <a href=\"https:\/\/terreboreale.com\/fr\/tour\/au-fil-de-la-yukon-river-laberge-carmacks\/\" class=\"button\" title=\"Au fil de la Yukon River, Laberge-Carmacks\">D\u00e9couvrir<\/a>\n                <\/div>\n                <div class=\"meta-details\">\n                    <div class=\"dates\"><img decoding=\"async\" src=\"\/wp-content\/uploads\/2021\/03\/ico-dates.svg\" alt=\"dates\"><p>Du 25 juin au 2 juillet 2026 &#8211; 7 places restantes<\/p>\n<p>Autres dates nous contacter<\/p>\n<\/div>\n                    <div class=\"two-cols\" style=\"clear:both;\">\n                        <div class=\"col availability\"><img decoding=\"async\" src=\"\/wp-content\/uploads\/2021\/03\/ico-group-size.svg\" alt=\"availability\"><strong>Groupe <\/strong><br\/>2 \u00e0 8<\/div>\n                        <div class=\"col duration\"><img decoding=\"async\" src=\"\/wp-content\/uploads\/2021\/03\/ico-duration.svg\" alt=\"duration\"><strong>Dur\u00e9e <\/strong><br\/>7 jours<\/div>\n                    <\/div>\n                    <div class=\"two-cols\" style=\"clear:both;\">\n                        <div class=\"col difficulty\"><img decoding=\"async\" src=\"https:\/\/terreboreale.com\/wp-content\/uploads\/2021\/03\/ico-difficulty-1.svg\" alt=\"difficulty: Facile\"><strong>Difficult\u00e9 <\/strong><br\/>Facile<\/div>\n                        <div class=\"col price\"><img decoding=\"async\" src=\"\/wp-content\/uploads\/2021\/03\/ico-price.svg\" alt=\"price\"><strong>Prix <\/strong><br\/>$3515 CAD + 5% TPS<\/div>\n                    <\/div>\n                <\/div>\n            <\/div>\n            <div class=\"tour-wrap\">\n                <a href=\"https:\/\/terreboreale.com\/fr\/tour\/au-fil-de-la-yukon-river-carmacks-dawson\/\" class=\"cover-link\" title=\"Au fil de la Yukon River, Carmacks-Dawson\">Au fil de la Yukon River, Carmacks-Dawson<\/a>\n                <div class=\"image-wrap\" style=\"background:linear-gradient(to right, rgba(0,0,0,0.4) 0%, rgba(0,0,0,0) 40%), url(https:\/\/terreboreale.com\/wp-content\/uploads\/2021\/03\/Yukon-River-fall-colours.jpg);\"><\/div>\n                <div class=\"overlay\"><\/div>\n                <div class=\"titles\">\n                    <h2>Au fil de la Yukon River, Carmacks-Dawson<\/h2>\n                    <p>Partez pour une aventure en cano\u00eb de Carmacks \u00e0 Dawson City et laissez le fleuve Yukon vous guider \u00e0 travers sa nature sauvage et pr\u00e9serv\u00e9e. Campez sous les ciels \u00e9toil\u00e9s, observez la faune et impr\u00e9gnez-vous de la beaut\u00e9 des lieux \u00e0 chaque instant.<\/p>\n\n                    <a href=\"https:\/\/terreboreale.com\/fr\/tour\/au-fil-de-la-yukon-river-carmacks-dawson\/\" class=\"button\" title=\"Au fil de la Yukon River, Carmacks-Dawson\">D\u00e9couvrir<\/a>\n                <\/div>\n                <div class=\"meta-details\">\n                    <div class=\"dates\"><img decoding=\"async\" src=\"\/wp-content\/uploads\/2021\/03\/ico-dates.svg\" alt=\"dates\"><p>20 au 31 juillet 2026 &#8211; 6 places restantes<\/p>\n<p>Autres dates nous contacter<\/p>\n<\/div>\n                    <div class=\"two-cols\" style=\"clear:both;\">\n                        <div class=\"col availability\"><img decoding=\"async\" src=\"\/wp-content\/uploads\/2021\/03\/ico-group-size.svg\" alt=\"availability\"><strong>Groupe <\/strong><br\/>3 \u00e0 8<\/div>\n                        <div class=\"col duration\"><img decoding=\"async\" src=\"\/wp-content\/uploads\/2021\/03\/ico-duration.svg\" alt=\"duration\"><strong>Dur\u00e9e <\/strong><br\/>11 jours<\/div>\n                    <\/div>\n                    <div class=\"two-cols\" style=\"clear:both;\">\n                        <div class=\"col difficulty\"><img decoding=\"async\" src=\"https:\/\/terreboreale.com\/wp-content\/uploads\/2021\/03\/ico-difficulty-2.svg\" alt=\"difficulty: Mod\u00e9r\u00e9\"><strong>Difficult\u00e9 <\/strong><br\/>Mod\u00e9r\u00e9<\/div>\n                        <div class=\"col price\"><img decoding=\"async\" src=\"\/wp-content\/uploads\/2021\/03\/ico-price.svg\" alt=\"price\"><strong>Prix <\/strong><br\/>$4880 CAD + 5% TPS<\/div>\n                    <\/div>\n                <\/div>\n            <\/div>\n            <div class=\"tour-wrap\">\n                <a href=\"https:\/\/terreboreale.com\/fr\/tour\/randonnee-parc-territorial-de-tombstone\/\" class=\"cover-link\" title=\"Randonn\u00e9e parc territorial de Tombstone\">Randonn\u00e9e parc territorial de Tombstone<\/a>\n                <div class=\"image-wrap\" style=\"background:linear-gradient(to right, rgba(0,0,0,0.4) 0%, rgba(0,0,0,0) 40%), url(https:\/\/terreboreale.com\/wp-content\/uploads\/2025\/10\/IMG_2147-scaled.jpg);\"><\/div>\n                <div class=\"overlay\"><\/div>\n                <div class=\"titles\">\n                    <h2>Randonn\u00e9e parc territorial de Tombstone<\/h2>\n                    <p>Partez en randonn\u00e9e guid\u00e9e dans le parc territorial de Tombstone au Yukon. Cette aventure vous permet d\u2019explorer les plus belles randonn\u00e9es du parc depuis un camp de base confortable le long de la Dempster Highway, avec des journ\u00e9es d\u2019exploration et des soir\u00e9es paisibles autour du feu.<\/p>\n\n                    <a href=\"https:\/\/terreboreale.com\/fr\/tour\/randonnee-parc-territorial-de-tombstone\/\" class=\"button\" title=\"Randonn\u00e9e parc territorial de Tombstone\">D\u00e9couvrir<\/a>\n                <\/div>\n                <div class=\"meta-details\">\n                    <div class=\"dates\"><img decoding=\"async\" src=\"\/wp-content\/uploads\/2021\/03\/ico-dates.svg\" alt=\"dates\"><p>Du 28 ao\u00fbt au 4 septembre 2026 &#8211; 7 places disponibles<\/p>\n<p>Autres dates nous contacter<\/p>\n<\/div>\n                    <div class=\"two-cols\" style=\"clear:both;\">\n                        <div class=\"col availability\"><img decoding=\"async\" src=\"\/wp-content\/uploads\/2021\/03\/ico-group-size.svg\" alt=\"availability\"><strong>Groupe <\/strong><br\/>3 \u00e0 8<\/div>\n                        <div class=\"col duration\"><img decoding=\"async\" src=\"\/wp-content\/uploads\/2021\/03\/ico-duration.svg\" alt=\"duration\"><strong>Dur\u00e9e <\/strong><br\/>7 jours<\/div>\n                    <\/div>\n                    <div class=\"two-cols\" style=\"clear:both;\">\n                        <div class=\"col difficulty\"><img decoding=\"async\" src=\"https:\/\/terreboreale.com\/wp-content\/uploads\/2021\/03\/ico-difficulty-4.svg\" alt=\"difficulty: Hard\"><strong>Difficult\u00e9 <\/strong><br\/>Hard<\/div>\n                        <div class=\"col price\"><img decoding=\"async\" src=\"\/wp-content\/uploads\/2021\/03\/ico-price.svg\" alt=\"price\"><strong>Prix <\/strong><br\/>$3995 CAD + 5% TPS<\/div>\n                    <\/div>\n                <\/div>\n            <\/div>\n            <div class=\"tour-wrap\">\n                <a href=\"https:\/\/terreboreale.com\/fr\/tour\/yukon-river-dans-le-sillage-des-chercheurs-dor\/\" class=\"cover-link\" title=\"Yukon river &#8211; Dans le sillage des chercheurs d\u2019or\">Yukon river &#8211; Dans le sillage des chercheurs d\u2019or<\/a>\n                <div class=\"image-wrap\" style=\"background:linear-gradient(to right, rgba(0,0,0,0.4) 0%, rgba(0,0,0,0) 40%), url(https:\/\/terreboreale.com\/wp-content\/uploads\/2021\/03\/Yukon-river-paddlers-canoeing.jpg);\"><\/div>\n                <div class=\"overlay\"><\/div>\n                <div class=\"titles\">\n                    <h2>Yukon river &#8211; Dans le sillage des chercheurs d\u2019or<\/h2>\n                    <p>Aussi bien historique que sauvage, la descente en cano\u00eb de la Yukon River entre le lac Laberge et Dawson City est un grand classique de l\u2019aventure yukonnaise. Laissez-vous transporter au c\u0153ur des paysages bor\u00e9als et d\u00e9couvrez les ruines encore pr\u00e9sentes de l\u2019\u00e9poque de la ru\u00e9e vers l\u2019or \u00e0 travers ce s\u00e9jour au fil de l&rsquo;eau.<\/p>\n\n                    <a href=\"https:\/\/terreboreale.com\/fr\/tour\/yukon-river-dans-le-sillage-des-chercheurs-dor\/\" class=\"button\" title=\"Yukon river &#8211; Dans le sillage des chercheurs d\u2019or\">D\u00e9couvrir<\/a>\n                <\/div>\n                <div class=\"meta-details\">\n                    <div class=\"dates\"><img decoding=\"async\" src=\"\/wp-content\/uploads\/2021\/03\/ico-dates.svg\" alt=\"dates\"><p>30 ao\u00fbt au 14 septembre 2026 &#8211; 6 places disponibles<\/p>\n<p>Autres dates, nous contacter<\/p>\n<p>&nbsp;<\/p>\n<\/div>\n                    <div class=\"two-cols\" style=\"clear:both;\">\n                        <div class=\"col availability\"><img decoding=\"async\" src=\"\/wp-content\/uploads\/2021\/03\/ico-group-size.svg\" alt=\"availability\"><strong>Groupe <\/strong><br\/>3 \u00e0 8<\/div>\n                        <div class=\"col duration\"><img decoding=\"async\" src=\"\/wp-content\/uploads\/2021\/03\/ico-duration.svg\" alt=\"duration\"><strong>Dur\u00e9e <\/strong><br\/>15 jours<\/div>\n                    <\/div>\n                    <div class=\"two-cols\" style=\"clear:both;\">\n                        <div class=\"col difficulty\"><img decoding=\"async\" src=\"https:\/\/terreboreale.com\/wp-content\/uploads\/2021\/03\/ico-difficulty-2.svg\" alt=\"difficulty: Mod\u00e9r\u00e9\"><strong>Difficult\u00e9 <\/strong><br\/>Mod\u00e9r\u00e9<\/div>\n                        <div class=\"col price\"><img decoding=\"async\" src=\"\/wp-content\/uploads\/2021\/03\/ico-price.svg\" alt=\"price\"><strong>Prix <\/strong><br\/>$5785 CAD + 5% TPS<\/div>\n                    <\/div>\n                <\/div>\n            <\/div>\n            <div class=\"tour-wrap\">\n                <a href=\"https:\/\/terreboreale.com\/fr\/tour\/sur-la-piste-des-bisons\/\" class=\"cover-link\" title=\"Sur la piste des bisons\">Sur la piste des bisons<\/a>\n                <div class=\"image-wrap\" style=\"background:linear-gradient(to right, rgba(0,0,0,0.4) 0%, rgba(0,0,0,0) 40%), url(https:\/\/terreboreale.com\/wp-content\/uploads\/2021\/03\/Guide-hike-Ruby-Range-Yukon-Terre-Boreale-scaled.jpg);\"><\/div>\n                <div class=\"overlay\"><\/div>\n                <div class=\"titles\">\n                    <h2>Sur la piste des bisons<\/h2>\n                    <p>Envolez-vous au coeur du Ruby Range pour randonner parmis les bisons. Ce trek de 6 jours sans gros sac-\u00e0-dos saura vous \u00e9merveiller avec ses vues sur le parc national de Kluane.<\/p>\n\n                    <a href=\"https:\/\/terreboreale.com\/fr\/tour\/sur-la-piste-des-bisons\/\" class=\"button\" title=\"Sur la piste des bisons\">D\u00e9couvrir<\/a>\n                <\/div>\n                <div class=\"meta-details\">\n                    <div class=\"dates\"><img decoding=\"async\" src=\"\/wp-content\/uploads\/2021\/03\/ico-dates.svg\" alt=\"dates\"><p>Du 29 ao\u00fbt au 5 septembre 2026 &#8211; 6 places restantes<\/p>\n<p>Autres dates, nous contacter<\/p>\n<\/div>\n                    <div class=\"two-cols\" style=\"clear:both;\">\n                        <div class=\"col availability\"><img decoding=\"async\" src=\"\/wp-content\/uploads\/2021\/03\/ico-group-size.svg\" alt=\"availability\"><strong>Groupe <\/strong><br\/>2 \u00e0 8<\/div>\n                        <div class=\"col duration\"><img decoding=\"async\" src=\"\/wp-content\/uploads\/2021\/03\/ico-duration.svg\" alt=\"duration\"><strong>Dur\u00e9e <\/strong><br\/>7 jours<\/div>\n                    <\/div>\n                    <div class=\"two-cols\" style=\"clear:both;\">\n                        <div class=\"col difficulty\"><img decoding=\"async\" src=\"https:\/\/terreboreale.com\/wp-content\/uploads\/2021\/03\/ico-difficulty-2.svg\" alt=\"difficulty: Mod\u00e9r\u00e9\"><strong>Difficult\u00e9 <\/strong><br\/>Mod\u00e9r\u00e9<\/div>\n                        <div class=\"col price\"><img decoding=\"async\" src=\"\/wp-content\/uploads\/2021\/03\/ico-price.svg\" alt=\"price\"><strong>Prix <\/strong><br\/>$4995 CAD + 5% GST<\/div>\n                    <\/div>\n                <\/div>\n            <\/div>\n            <div class=\"tour-wrap\">\n                <a href=\"https:\/\/terreboreale.com\/fr\/tour\/au-coeur-des-montagnes-cotieres\/\" class=\"cover-link\" title=\"Au coeur des Montagnes C\u00f4ti\u00e8res\">Au coeur des Montagnes C\u00f4ti\u00e8res<\/a>\n                <div class=\"image-wrap\" style=\"background:linear-gradient(to right, rgba(0,0,0,0.4) 0%, rgba(0,0,0,0) 40%), url(https:\/\/terreboreale.com\/wp-content\/uploads\/2021\/03\/Floatplane-Primrose-Lake-Yukon.jpg);\"><\/div>\n                <div class=\"overlay\"><\/div>\n                <div class=\"titles\">\n                    <h2>Au coeur des Montagnes C\u00f4ti\u00e8res<\/h2>\n                    <p>Un h\u00e9licopt\u00e8re nous d\u00e9pose au c\u0153ur des Montagnes C\u00f4ti\u00e8res, et chaque jour nous \u00e9voluons \u00e0 pied le long de cr\u00eates alpines, dans des vall\u00e9es verdoyantes en dormant chaque soir sous tente. Les repas sont simples, faits maison, et chaque instant est d\u00e9di\u00e9 \u00e0 la nature sauvage.<\/p>\n\n                    <a href=\"https:\/\/terreboreale.com\/fr\/tour\/au-coeur-des-montagnes-cotieres\/\" class=\"button\" title=\"Au coeur des Montagnes C\u00f4ti\u00e8res\">D\u00e9couvrir<\/a>\n                <\/div>\n                <div class=\"meta-details\">\n                    <div class=\"dates\"><img decoding=\"async\" src=\"\/wp-content\/uploads\/2021\/03\/ico-dates.svg\" alt=\"dates\"><p>Du 3 au 10 juillet 2026 &#8211; 3 places restantes<\/p>\n<p>Du 6 au 13 septembre 2026 &#8211; 6 places restantes<\/p>\n<p>Autres dates nous contacter<\/p>\n<\/div>\n                    <div class=\"two-cols\" style=\"clear:both;\">\n                        <div class=\"col availability\"><img decoding=\"async\" src=\"\/wp-content\/uploads\/2021\/03\/ico-group-size.svg\" alt=\"availability\"><strong>Groupe <\/strong><br\/>2 \u00e0 8<\/div>\n                        <div class=\"col duration\"><img decoding=\"async\" src=\"\/wp-content\/uploads\/2021\/03\/ico-duration.svg\" alt=\"duration\"><strong>Dur\u00e9e <\/strong><br\/>7 jours<\/div>\n                    <\/div>\n                    <div class=\"two-cols\" style=\"clear:both;\">\n                        <div class=\"col difficulty\"><img decoding=\"async\" src=\"https:\/\/terreboreale.com\/wp-content\/uploads\/2021\/03\/ico-difficulty-3.svg\" alt=\"difficulty: Difficile\"><strong>Difficult\u00e9 <\/strong><br\/>Difficile<\/div>\n                        <div class=\"col price\"><img decoding=\"async\" src=\"\/wp-content\/uploads\/2021\/03\/ico-price.svg\" alt=\"price\"><strong>Prix <\/strong><br\/>$4875 CAD + 5% TPS<\/div>\n                    <\/div>\n                <\/div>\n            <\/div>\n            <div class=\"tour-wrap\">\n                <a href=\"https:\/\/terreboreale.com\/fr\/tour\/couleurs-de-kluane\/\" class=\"cover-link\" title=\"Couleurs de Kluane\">Couleurs de Kluane<\/a>\n                <div class=\"image-wrap\" style=\"background:linear-gradient(to right, rgba(0,0,0,0.4) 0%, rgba(0,0,0,0) 40%), url(https:\/\/terreboreale.com\/wp-content\/uploads\/2021\/03\/Duke-River-viewpoint-Kluane-sunrise.jpg);\"><\/div>\n                <div class=\"overlay\"><\/div>\n                <div class=\"titles\">\n                    <h2>Couleurs de Kluane<\/h2>\n                    <p>Explorez le parc national de Kluane en suivant un parcours unique, o\u00f9 Terre Bor\u00e9ale est le seul op\u00e9rateur \u00e0 s\u2019aventurer ! Cet itin\u00e9raire, plus accessible que celui du Donjek, avec deux journ\u00e9es de marche sans sacs, est une invitation \u00e0 la contemplation et la d\u00e9couverte de la faune, la flore et de la g\u00e9ologie du parc.<\/p>\n\n                    <a href=\"https:\/\/terreboreale.com\/fr\/tour\/couleurs-de-kluane\/\" class=\"button\" title=\"Couleurs de Kluane\">D\u00e9couvrir<\/a>\n                <\/div>\n                <div class=\"meta-details\">\n                    <div class=\"dates\"><img decoding=\"async\" src=\"\/wp-content\/uploads\/2021\/03\/ico-dates.svg\" alt=\"dates\"><p>Du 4 au 13 juillet 2026 &#8211; 4 places restantes<\/p>\n<p>Du 21 au 30 juillet 2026 &#8211; 7 places restantes<\/p>\n<p>Autres dates, nous contacter<\/p>\n<\/div>\n                    <div class=\"two-cols\" style=\"clear:both;\">\n                        <div class=\"col availability\"><img decoding=\"async\" src=\"\/wp-content\/uploads\/2021\/03\/ico-group-size.svg\" alt=\"availability\"><strong>Groupe <\/strong><br\/>2 \u00e0 8<\/div>\n                        <div class=\"col duration\"><img decoding=\"async\" src=\"\/wp-content\/uploads\/2021\/03\/ico-duration.svg\" alt=\"duration\"><strong>Dur\u00e9e <\/strong><br\/>9 jours<\/div>\n                    <\/div>\n                    <div class=\"two-cols\" style=\"clear:both;\">\n                        <div class=\"col difficulty\"><img decoding=\"async\" src=\"https:\/\/terreboreale.com\/wp-content\/uploads\/2021\/03\/ico-difficulty-4.svg\" alt=\"difficulty: Tr\u00e8s Difficile\"><strong>Difficult\u00e9 <\/strong><br\/>Tr\u00e8s Difficile<\/div>\n                        <div class=\"col price\"><img decoding=\"async\" src=\"\/wp-content\/uploads\/2021\/03\/ico-price.svg\" alt=\"price\"><strong>Prix <\/strong><br\/>$4275 + 5% TPS<\/div>\n                    <\/div>\n                <\/div>\n            <\/div>\n            <div class=\"tour-wrap\">\n                <a href=\"https:\/\/terreboreale.com\/fr\/tour\/sur-les-cretes-des-ogilvie-mountains\/\" class=\"cover-link\" title=\"Sur les cr\u00eates des Ogilvie Mountains\">Sur les cr\u00eates des Ogilvie Mountains<\/a>\n                <div class=\"image-wrap\" style=\"background:linear-gradient(to right, rgba(0,0,0,0.4) 0%, rgba(0,0,0,0) 40%), url(https:\/\/terreboreale.com\/wp-content\/uploads\/2021\/03\/Ogilvie-Mountains-on-the-ridgeline.jpg);\"><\/div>\n                <div class=\"overlay\"><\/div>\n                <div class=\"titles\">\n                    <h2>Sur les cr\u00eates des Ogilvie Mountains<\/h2>\n                    <p>Partez pour une exp\u00e9dition de 10 jours \u00e0 travers les Ogilvie Mountains, entre sommets escarp\u00e9s, vall\u00e9es alpines et paysages sauvages intacts. Chaque soir, installez votre campement et profitez pleinement de la nature isol\u00e9e du Yukon.<\/p>\n\n                    <a href=\"https:\/\/terreboreale.com\/fr\/tour\/sur-les-cretes-des-ogilvie-mountains\/\" class=\"button\" title=\"Sur les cr\u00eates des Ogilvie Mountains\">D\u00e9couvrir<\/a>\n                <\/div>\n                <div class=\"meta-details\">\n                    <div class=\"dates\"><img decoding=\"async\" src=\"\/wp-content\/uploads\/2021\/03\/ico-dates.svg\" alt=\"dates\"><p>Du 22 juillet au 1er ao\u00fbt 2026 &#8211; 7 places restantes<\/p>\n<p>Autres dates, nous contacter<\/p>\n<\/div>\n                    <div class=\"two-cols\" style=\"clear:both;\">\n                        <div class=\"col availability\"><img decoding=\"async\" src=\"\/wp-content\/uploads\/2021\/03\/ico-group-size.svg\" alt=\"availability\"><strong>Groupe <\/strong><br\/>3 \u00e0 8<\/div>\n                        <div class=\"col duration\"><img decoding=\"async\" src=\"\/wp-content\/uploads\/2021\/03\/ico-duration.svg\" alt=\"duration\"><strong>Dur\u00e9e <\/strong><br\/>10 jours<\/div>\n                    <\/div>\n                    <div class=\"two-cols\" style=\"clear:both;\">\n                        <div class=\"col difficulty\"><img decoding=\"async\" src=\"https:\/\/terreboreale.com\/wp-content\/uploads\/2024\/01\/ico-difficulty-5.svg\" alt=\"difficulty: Extr\u00eame\"><strong>Difficult\u00e9 <\/strong><br\/>Extr\u00eame<\/div>\n                        <div class=\"col price\"><img decoding=\"async\" src=\"\/wp-content\/uploads\/2021\/03\/ico-price.svg\" alt=\"price\"><strong>Prix <\/strong><br\/>$6145 CAD + 5% TPS<\/div>\n                    <\/div>\n                <\/div>\n            <\/div><\/div><\/div>\n\t\t\t\t\t\t<\/div>\n\t\t\t\t<\/div>\n\t\t\t\t\t<\/div>\n\t\t<\/div>\n\t\t\t\t\t<\/div>\n\t\t<\/section>\n\t\t\t\t<\/div>\n\t\t","protected":false},"excerpt":{"rendered":"<p>Au fil de la Yukon River, Laberge-Carmacks Au fil de la Yukon River, Laberge-Carmacks Une version courte de la descente de la Yukon River en cano\u00eb, ce s\u00e9jour est id\u00e9al pour ceux qui souhaitent s\u2019essayer au cano\u00eb tout en d\u00e9couvrant l\u2019histoire de cette rivi\u00e8re fameuse depuis la ru\u00e9e vers l\u2019or des ann\u00e9es 1890. D\u00e9couvrir Du&hellip;<\/p>\n","protected":false},"author":1,"featured_media":1792,"parent":0,"menu_order":10,"comment_status":"closed","ping_status":"closed","template":"","meta":{"footnotes":""},"class_list":["post-2809","page","type-page","status-publish","has-post-thumbnail","hentry"],"_links":{"self":[{"href":"https:\/\/terreboreale.com\/fr\/wp-json\/wp\/v2\/pages\/2809","targetHints":{"allow":["GET"]}}],"collection":[{"href":"https:\/\/terreboreale.com\/fr\/wp-json\/wp\/v2\/pages"}],"about":[{"href":"https:\/\/terreboreale.com\/fr\/wp-json\/wp\/v2\/types\/page"}],"author":[{"embeddable":true,"href":"https:\/\/terreboreale.com\/fr\/wp-json\/wp\/v2\/users\/1"}],"replies":[{"embeddable":true,"href":"https:\/\/terreboreale.com\/fr\/wp-json\/wp\/v2\/comments?post=2809"}],"version-history":[{"count":7,"href":"https:\/\/terreboreale.com\/fr\/wp-json\/wp\/v2\/pages\/2809\/revisions"}],"predecessor-version":[{"id":3236,"href":"https:\/\/terreboreale.com\/fr\/wp-json\/wp\/v2\/pages\/2809\/revisions\/3236"}],"wp:featuredmedia":[{"embeddable":true,"href":"https:\/\/terreboreale.com\/fr\/wp-json\/wp\/v2\/media\/1792"}],"wp:attachment":[{"href":"https:\/\/terreboreale.com\/fr\/wp-json\/wp\/v2\/media?parent=2809"}],"curies":[{"name":"wp","href":"https:\/\/api.w.org\/{rel}","templated":true}]}}