{"id":2804,"date":"2021-03-10T21:57:19","date_gmt":"2021-03-10T21:57:19","guid":{"rendered":"https:\/\/terreboreale.com\/blog\/"},"modified":"2026-05-11T04:51:17","modified_gmt":"2026-05-11T11:51:17","slug":"blog","status":"publish","type":"page","link":"https:\/\/terreboreale.com\/fr\/blog\/","title":{"rendered":"Blog"},"content":{"rendered":"\t\t<div data-elementor-type=\"wp-page\" data-elementor-id=\"2804\" class=\"elementor elementor-2804 elementor-888\" data-elementor-post-type=\"page\">\n\t\t\t\t\t\t<section class=\"elementor-section elementor-top-section elementor-element elementor-element-667a874 elementor-section-boxed elementor-section-height-default elementor-section-height-default\" data-id=\"667a874\" data-element_type=\"section\" data-e-type=\"section\">\n\t\t\t\t\t\t<div class=\"elementor-container elementor-column-gap-default\">\n\t\t\t\t\t<div class=\"elementor-column elementor-col-100 elementor-top-column elementor-element elementor-element-2528756\" data-id=\"2528756\" data-element_type=\"column\" data-e-type=\"column\">\n\t\t\t<div class=\"elementor-widget-wrap elementor-element-populated\">\n\t\t\t\t\t\t<div class=\"elementor-element elementor-element-c882981 elementor-widget elementor-widget-spacer\" data-id=\"c882981\" data-element_type=\"widget\" data-e-type=\"widget\" data-widget_type=\"spacer.default\">\n\t\t\t\t<div class=\"elementor-widget-container\">\n\t\t\t\t\t\t\t<div class=\"elementor-spacer\">\n\t\t\t<div class=\"elementor-spacer-inner\"><\/div>\n\t\t<\/div>\n\t\t\t\t\t\t<\/div>\n\t\t\t\t<\/div>\n\t\t\t\t<div class=\"elementor-element elementor-element-5f514f9 elementor-widget elementor-widget-spacer\" data-id=\"5f514f9\" data-element_type=\"widget\" data-e-type=\"widget\" data-widget_type=\"spacer.default\">\n\t\t\t\t<div class=\"elementor-widget-container\">\n\t\t\t\t\t\t\t<div class=\"elementor-spacer\">\n\t\t\t<div class=\"elementor-spacer-inner\"><\/div>\n\t\t<\/div>\n\t\t\t\t\t\t<\/div>\n\t\t\t\t<\/div>\n\t\t\t\t\t<\/div>\n\t\t<\/div>\n\t\t\t\t\t<\/div>\n\t\t<\/section>\n\t\t<div class=\"elementor-element elementor-element-56941bd e-flex e-con-boxed e-con e-parent\" data-id=\"56941bd\" data-element_type=\"container\" data-e-type=\"container\">\n\t\t\t\t\t<div class=\"e-con-inner\">\n\t\t\t\t<div class=\"elementor-element elementor-element-70abb82 elementor-grid-3 elementor-grid-tablet-2 elementor-grid-mobile-1 elementor-posts--thumbnail-top elementor-card-shadow-yes elementor-posts__hover-gradient load-more-align-center elementor-widget elementor-widget-posts\" data-id=\"70abb82\" data-element_type=\"widget\" data-e-type=\"widget\" data-settings=\"{&quot;pagination_type&quot;:&quot;load_more_on_click&quot;,&quot;cards_columns&quot;:&quot;3&quot;,&quot;cards_columns_tablet&quot;:&quot;2&quot;,&quot;cards_columns_mobile&quot;:&quot;1&quot;,&quot;cards_row_gap&quot;:{&quot;unit&quot;:&quot;px&quot;,&quot;size&quot;:35,&quot;sizes&quot;:[]},&quot;cards_row_gap_tablet&quot;:{&quot;unit&quot;:&quot;px&quot;,&quot;size&quot;:&quot;&quot;,&quot;sizes&quot;:[]},&quot;cards_row_gap_mobile&quot;:{&quot;unit&quot;:&quot;px&quot;,&quot;size&quot;:&quot;&quot;,&quot;sizes&quot;:[]},&quot;load_more_spinner&quot;:{&quot;value&quot;:&quot;fas fa-spinner&quot;,&quot;library&quot;:&quot;fa-solid&quot;}}\" data-widget_type=\"posts.cards\">\n\t\t\t\t<div class=\"elementor-widget-container\">\n\t\t\t\t\t\t\t<div class=\"elementor-posts-container elementor-posts elementor-posts--skin-cards elementor-grid\" role=\"list\">\n\t\t\t\t<article class=\"elementor-post elementor-grid-item post-10120 post type-post status-publish format-standard has-post-thumbnail hentry category-non-classifiee\" role=\"listitem\">\n\t\t\t<div class=\"elementor-post__card\">\n\t\t\t\t<a class=\"elementor-post__thumbnail__link\" href=\"https:\/\/terreboreale.com\/fr\/2026\/04\/pourquoi-pagayer-sur-le-fleuve-yukon-au-moins-une-fois-dans-sa-vie\/\" tabindex=\"-1\"><div class=\"elementor-post__thumbnail\"><img fetchpriority=\"high\" decoding=\"async\" width=\"1500\" height=\"1000\" src=\"https:\/\/terreboreale.com\/wp-content\/uploads\/2021\/03\/Yukon-river-paddlers-canoeing-1500x1000.jpg\" class=\"attachment-medium size-medium wp-image-2370\" alt=\"Yukon-river-paddlers-canoeing\" srcset=\"https:\/\/terreboreale.com\/wp-content\/uploads\/2021\/03\/Yukon-river-paddlers-canoeing-1500x1000.jpg 1500w, https:\/\/terreboreale.com\/wp-content\/uploads\/2021\/03\/Yukon-river-paddlers-canoeing-768x512.jpg 768w, https:\/\/terreboreale.com\/wp-content\/uploads\/2021\/03\/Yukon-river-paddlers-canoeing-1536x1024.jpg 1536w, https:\/\/terreboreale.com\/wp-content\/uploads\/2021\/03\/Yukon-river-paddlers-canoeing.jpg 2000w\" sizes=\"(max-width: 1500px) 100vw, 1500px\" \/><\/div><\/a>\n\t\t\t\t<div class=\"elementor-post__text\">\n\t\t\t\t<h3 class=\"elementor-post__title\">\n\t\t\t<a href=\"https:\/\/terreboreale.com\/fr\/2026\/04\/pourquoi-pagayer-sur-le-fleuve-yukon-au-moins-une-fois-dans-sa-vie\/\">\n\t\t\t\tPourquoi pagayer sur le fleuve Yukon au moins une fois dans sa vie ?\t\t\t<\/a>\n\t\t<\/h3>\n\t\t\t\t<div class=\"elementor-post__excerpt\">\n\t\t\t<p>Le nom Yukon vient du mot gwich\u2019in Yuk-un-ah, qui signifie \u00ab Grand fleuve \u00bb, un nom parfaitement adapt\u00e9 \u00e0 ce cours d\u2019eau qui fa\u00e7onne les<\/p>\n\t\t<\/div>\n\t\t\n\t\t<a class=\"elementor-post__read-more\" href=\"https:\/\/terreboreale.com\/fr\/2026\/04\/pourquoi-pagayer-sur-le-fleuve-yukon-au-moins-une-fois-dans-sa-vie\/\" aria-label=\"En savoir plus sur Pourquoi pagayer sur le fleuve Yukon au moins une fois dans sa vie ?\" tabindex=\"-1\">\n\t\t\tRead More \u00bb\t\t<\/a>\n\n\t\t\t\t<\/div>\n\t\t\t\t\t<\/div>\n\t\t<\/article>\n\t\t\t\t<article class=\"elementor-post elementor-grid-item post-10021 post type-post status-publish format-standard has-post-thumbnail hentry category-non-classifiee\" role=\"listitem\">\n\t\t\t<div class=\"elementor-post__card\">\n\t\t\t\t<a class=\"elementor-post__thumbnail__link\" href=\"https:\/\/terreboreale.com\/fr\/2026\/02\/voyager-durablement-au-yukon-notre-approche-chez-terre-boreale\/\" tabindex=\"-1\"><div class=\"elementor-post__thumbnail\"><img decoding=\"async\" width=\"1500\" height=\"1123\" src=\"https:\/\/terreboreale.com\/wp-content\/uploads\/2026\/02\/DJI_0928-1-1500x1123.jpg\" class=\"attachment-medium size-medium wp-image-10035\" alt=\"campsite along the Upper Liard river\" srcset=\"https:\/\/terreboreale.com\/wp-content\/uploads\/2026\/02\/DJI_0928-1-1500x1123.jpg 1500w, https:\/\/terreboreale.com\/wp-content\/uploads\/2026\/02\/DJI_0928-1-2000x1498.jpg 2000w, https:\/\/terreboreale.com\/wp-content\/uploads\/2026\/02\/DJI_0928-1-768x575.jpg 768w, https:\/\/terreboreale.com\/wp-content\/uploads\/2026\/02\/DJI_0928-1-1536x1150.jpg 1536w, https:\/\/terreboreale.com\/wp-content\/uploads\/2026\/02\/DJI_0928-1-2048x1534.jpg 2048w\" sizes=\"(max-width: 1500px) 100vw, 1500px\" \/><\/div><\/a>\n\t\t\t\t<div class=\"elementor-post__text\">\n\t\t\t\t<h3 class=\"elementor-post__title\">\n\t\t\t<a href=\"https:\/\/terreboreale.com\/fr\/2026\/02\/voyager-durablement-au-yukon-notre-approche-chez-terre-boreale\/\">\n\t\t\t\tVoyager durablement au Yukon : notre approche chez Terre Bor\u00e9ale\t\t\t<\/a>\n\t\t<\/h3>\n\t\t\t\t<div class=\"elementor-post__excerpt\">\n\t\t\t<p>Pour nous, le voyage durable n\u2019a jamais \u00e9t\u00e9 une strat\u00e9gie ni une tendance \u00e0 suivre. C\u2019est une mani\u00e8re de vivre. Terre Bor\u00e9ale s\u2019est construite autour<\/p>\n\t\t<\/div>\n\t\t\n\t\t<a class=\"elementor-post__read-more\" href=\"https:\/\/terreboreale.com\/fr\/2026\/02\/voyager-durablement-au-yukon-notre-approche-chez-terre-boreale\/\" aria-label=\"En savoir plus sur Voyager durablement au Yukon : notre approche chez Terre Bor\u00e9ale\" tabindex=\"-1\">\n\t\t\tRead More \u00bb\t\t<\/a>\n\n\t\t\t\t<\/div>\n\t\t\t\t\t<\/div>\n\t\t<\/article>\n\t\t\t\t<article class=\"elementor-post elementor-grid-item post-9926 post type-post status-publish format-standard has-post-thumbnail hentry category-non-classifiee\" role=\"listitem\">\n\t\t\t<div class=\"elementor-post__card\">\n\t\t\t\t<a class=\"elementor-post__thumbnail__link\" href=\"https:\/\/terreboreale.com\/fr\/2026\/01\/vivre-lhiver-au-yukon-simmerger-dans-le-froid-et-lobscurite\/\" tabindex=\"-1\"><div class=\"elementor-post__thumbnail\"><img decoding=\"async\" width=\"1500\" height=\"1129\" src=\"https:\/\/terreboreale.com\/wp-content\/uploads\/2026\/01\/WhatsApp-Image-2025-12-10-at-2.39.47-PM-1500x1129.jpeg\" class=\"attachment-medium size-medium wp-image-9932\" alt=\"sun above snowy trees in Whitehorse Yukon\" srcset=\"https:\/\/terreboreale.com\/wp-content\/uploads\/2026\/01\/WhatsApp-Image-2025-12-10-at-2.39.47-PM-1500x1129.jpeg 1500w, https:\/\/terreboreale.com\/wp-content\/uploads\/2026\/01\/WhatsApp-Image-2025-12-10-at-2.39.47-PM-2000x1506.jpeg 2000w, https:\/\/terreboreale.com\/wp-content\/uploads\/2026\/01\/WhatsApp-Image-2025-12-10-at-2.39.47-PM-768x578.jpeg 768w, https:\/\/terreboreale.com\/wp-content\/uploads\/2026\/01\/WhatsApp-Image-2025-12-10-at-2.39.47-PM-1536x1157.jpeg 1536w, https:\/\/terreboreale.com\/wp-content\/uploads\/2026\/01\/WhatsApp-Image-2025-12-10-at-2.39.47-PM.jpeg 2040w\" sizes=\"(max-width: 1500px) 100vw, 1500px\" \/><\/div><\/a>\n\t\t\t\t<div class=\"elementor-post__text\">\n\t\t\t\t<h3 class=\"elementor-post__title\">\n\t\t\t<a href=\"https:\/\/terreboreale.com\/fr\/2026\/01\/vivre-lhiver-au-yukon-simmerger-dans-le-froid-et-lobscurite\/\">\n\t\t\t\tVivre l\u2019hiver au Yukon : s\u2019immerger dans le froid et l\u2019obscurit\u00e9\t\t\t<\/a>\n\t\t<\/h3>\n\t\t\t\t<div class=\"elementor-post__excerpt\">\n\t\t\t<p>Lorsque je suis arriv\u00e9e \u00e0 Whitehorse, c\u2019\u00e9tait le 12 janvier 2012. Alors qu\u2019\u00e0 peine 24h avant, je profitais du soleil et de +30\u202f\u00b0C au Laos\u2026<\/p>\n\t\t<\/div>\n\t\t\n\t\t<a class=\"elementor-post__read-more\" href=\"https:\/\/terreboreale.com\/fr\/2026\/01\/vivre-lhiver-au-yukon-simmerger-dans-le-froid-et-lobscurite\/\" aria-label=\"En savoir plus sur Vivre l\u2019hiver au Yukon : s\u2019immerger dans le froid et l\u2019obscurit\u00e9\" tabindex=\"-1\">\n\t\t\tRead More \u00bb\t\t<\/a>\n\n\t\t\t\t<\/div>\n\t\t\t\t\t<\/div>\n\t\t<\/article>\n\t\t\t\t<article class=\"elementor-post elementor-grid-item post-8733 post type-post status-publish format-standard has-post-thumbnail hentry category-non-classifiee\" role=\"listitem\">\n\t\t\t<div class=\"elementor-post__card\">\n\t\t\t\t<a class=\"elementor-post__thumbnail__link\" href=\"https:\/\/terreboreale.com\/fr\/2025\/02\/observation-des-aurores-boreales-au-yukon\/\" tabindex=\"-1\"><div class=\"elementor-post__thumbnail\"><img loading=\"lazy\" decoding=\"async\" width=\"1500\" height=\"1001\" src=\"https:\/\/terreboreale.com\/wp-content\/uploads\/2021\/08\/moo-northern-light-yukon-1500x1001.jpg\" class=\"attachment-medium size-medium wp-image-4772\" alt=\"moon-northern-light-yukon\" srcset=\"https:\/\/terreboreale.com\/wp-content\/uploads\/2021\/08\/moo-northern-light-yukon-1500x1001.jpg 1500w, https:\/\/terreboreale.com\/wp-content\/uploads\/2021\/08\/moo-northern-light-yukon-768x512.jpg 768w, https:\/\/terreboreale.com\/wp-content\/uploads\/2021\/08\/moo-northern-light-yukon-1536x1025.jpg 1536w, https:\/\/terreboreale.com\/wp-content\/uploads\/2021\/08\/moo-northern-light-yukon.jpg 2000w\" sizes=\"(max-width: 1500px) 100vw, 1500px\" \/><\/div><\/a>\n\t\t\t\t<div class=\"elementor-post__text\">\n\t\t\t\t<h3 class=\"elementor-post__title\">\n\t\t\t<a href=\"https:\/\/terreboreale.com\/fr\/2025\/02\/observation-des-aurores-boreales-au-yukon\/\">\n\t\t\t\tLes aurores bor\u00e9ales et l&rsquo;observation des \u00e9toiles au Yukon\t\t\t<\/a>\n\t\t<\/h3>\n\t\t\t\t<div class=\"elementor-post__excerpt\">\n\t\t\t<p>Le Yukon offre un ciel nocturne magnifique, des paysages \u00e9poustouflants et une faible pollution lumineuse, ce qui en fait un endroit id\u00e9al pour admirer les<\/p>\n\t\t<\/div>\n\t\t\n\t\t<a class=\"elementor-post__read-more\" href=\"https:\/\/terreboreale.com\/fr\/2025\/02\/observation-des-aurores-boreales-au-yukon\/\" aria-label=\"En savoir plus sur Les aurores bor\u00e9ales et l&rsquo;observation des \u00e9toiles au Yukon\" tabindex=\"-1\">\n\t\t\tRead More \u00bb\t\t<\/a>\n\n\t\t\t\t<\/div>\n\t\t\t\t\t<\/div>\n\t\t<\/article>\n\t\t\t\t<article class=\"elementor-post elementor-grid-item post-6210 post type-post status-publish format-standard has-post-thumbnail hentry category-non-classifiee\" role=\"listitem\">\n\t\t\t<div class=\"elementor-post__card\">\n\t\t\t\t<a class=\"elementor-post__thumbnail__link\" href=\"https:\/\/terreboreale.com\/fr\/2023\/02\/prets-pour-laventure\/\" tabindex=\"-1\"><div class=\"elementor-post__thumbnail\"><img loading=\"lazy\" decoding=\"async\" width=\"1500\" height=\"1125\" src=\"https:\/\/terreboreale.com\/wp-content\/uploads\/2023\/02\/Ogilvie-Mountains-ridgewalk-1500x1125.jpg\" class=\"attachment-medium size-medium wp-image-6215\" alt=\"hiking ogilvie mountains ridge\" srcset=\"https:\/\/terreboreale.com\/wp-content\/uploads\/2023\/02\/Ogilvie-Mountains-ridgewalk-1500x1125.jpg 1500w, https:\/\/terreboreale.com\/wp-content\/uploads\/2023\/02\/Ogilvie-Mountains-ridgewalk-2000x1500.jpg 2000w, https:\/\/terreboreale.com\/wp-content\/uploads\/2023\/02\/Ogilvie-Mountains-ridgewalk-768x576.jpg 768w, https:\/\/terreboreale.com\/wp-content\/uploads\/2023\/02\/Ogilvie-Mountains-ridgewalk-1536x1152.jpg 1536w, https:\/\/terreboreale.com\/wp-content\/uploads\/2023\/02\/Ogilvie-Mountains-ridgewalk-2048x1536.jpg 2048w\" sizes=\"(max-width: 1500px) 100vw, 1500px\" \/><\/div><\/a>\n\t\t\t\t<div class=\"elementor-post__text\">\n\t\t\t\t<h3 class=\"elementor-post__title\">\n\t\t\t<a href=\"https:\/\/terreboreale.com\/fr\/2023\/02\/prets-pour-laventure\/\">\n\t\t\t\tPr\u00eats pour l\u2019aventure ?\t\t\t<\/a>\n\t\t<\/h3>\n\t\t\t\t<div class=\"elementor-post__excerpt\">\n\t\t\t<p>Par Daniel Savouyaud, guide pour Terre Bor\u00e9ale depuis 2021 Apr\u00e8s deux ann\u00e9es \u00e0 guider pour Terre Bor\u00e9ale, je r\u00e9alise \u00e0 quel point il est d\u00e9licat<\/p>\n\t\t<\/div>\n\t\t\n\t\t<a class=\"elementor-post__read-more\" href=\"https:\/\/terreboreale.com\/fr\/2023\/02\/prets-pour-laventure\/\" aria-label=\"En savoir plus sur Pr\u00eats pour l\u2019aventure ?\" tabindex=\"-1\">\n\t\t\tRead More \u00bb\t\t<\/a>\n\n\t\t\t\t<\/div>\n\t\t\t\t\t<\/div>\n\t\t<\/article>\n\t\t\t\t<article class=\"elementor-post elementor-grid-item post-3674 post type-post status-publish format-standard has-post-thumbnail hentry category-non-classifiee\" role=\"listitem\">\n\t\t\t<div class=\"elementor-post__card\">\n\t\t\t\t<a class=\"elementor-post__thumbnail__link\" href=\"https:\/\/terreboreale.com\/fr\/2021\/03\/descente-de-la-riviere-big-salmon\/\" tabindex=\"-1\"><div class=\"elementor-post__thumbnail\"><img loading=\"lazy\" decoding=\"async\" width=\"1500\" height=\"1000\" src=\"https:\/\/terreboreale.com\/wp-content\/uploads\/2021\/04\/Big-Salmon-River-Yukon-6-1500x1000.jpg\" class=\"attachment-medium size-medium wp-image-3374\" alt=\"\" srcset=\"https:\/\/terreboreale.com\/wp-content\/uploads\/2021\/04\/Big-Salmon-River-Yukon-6-1500x1000.jpg 1500w, https:\/\/terreboreale.com\/wp-content\/uploads\/2021\/04\/Big-Salmon-River-Yukon-6-768x512.jpg 768w, https:\/\/terreboreale.com\/wp-content\/uploads\/2021\/04\/Big-Salmon-River-Yukon-6-1536x1024.jpg 1536w, https:\/\/terreboreale.com\/wp-content\/uploads\/2021\/04\/Big-Salmon-River-Yukon-6.jpg 2000w\" sizes=\"(max-width: 1500px) 100vw, 1500px\" \/><\/div><\/a>\n\t\t\t\t<div class=\"elementor-post__text\">\n\t\t\t\t<h3 class=\"elementor-post__title\">\n\t\t\t<a href=\"https:\/\/terreboreale.com\/fr\/2021\/03\/descente-de-la-riviere-big-salmon\/\">\n\t\t\t\tDescente de la rivi\u00e8re Big Salmon\t\t\t<\/a>\n\t\t<\/h3>\n\t\t\t\t<div class=\"elementor-post__excerpt\">\n\t\t\t<p>Voil\u00e0 quelques semaines nous avons profit\u00e9 d\u2019une semaine de libre dans notre calendrier pour nous offrir un interm\u00e8de dans notre saison estivale. Cette fois-ci ce<\/p>\n\t\t<\/div>\n\t\t\n\t\t<a class=\"elementor-post__read-more\" href=\"https:\/\/terreboreale.com\/fr\/2021\/03\/descente-de-la-riviere-big-salmon\/\" aria-label=\"En savoir plus sur Descente de la rivi\u00e8re Big Salmon\" tabindex=\"-1\">\n\t\t\tRead More \u00bb\t\t<\/a>\n\n\t\t\t\t<\/div>\n\t\t\t\t\t<\/div>\n\t\t<\/article>\n\t\t\t\t<\/div>\n\t\t\t\t\t<span class=\"e-load-more-spinner\">\n\t\t\t\t<i aria-hidden=\"true\" class=\"fas fa-spinner\"><\/i>\t\t\t<\/span>\n\t\t\n\t\t\t\t<div class=\"e-load-more-anchor\" data-page=\"1\" data-max-page=\"6\" data-next-page=\"https:\/\/terreboreale.com\/fr\/wp-json\/wp\/v2\/pages\/2804\/page\/2\/\"><\/div>\n\t\t\t\t<div class=\"elementor-button-wrapper\">\n\t\t\t<a class=\"elementor-button elementor-size-sm\" role=\"button\">\n\t\t\t\t\t\t<span class=\"elementor-button-content-wrapper\">\n\t\t\t\t\t\t\t\t\t<span class=\"elementor-button-text\">Load More<\/span>\n\t\t\t\t\t<\/span>\n\t\t\t\t\t<\/a>\n\t\t<\/div>\n\t\t\t\t<div class=\"e-load-more-message\"><\/div>\n\t\t\t\t\t\t<\/div>\n\t\t\t\t<\/div>\n\t\t\t\t\t<\/div>\n\t\t\t\t<\/div>\n\t\t\t\t<\/div>\n\t\t","protected":false},"excerpt":{"rendered":"<p>Voil\u00e0 quelques semaines nous avons profit\u00e9 d\u2019une semaine de libre dans notre calendrier pour nous offrir un interm\u00e8de dans notre saison estivale. Cette fois-ci ce n\u2019est pas un trek mais une descente en cano\u00eb que nous avons voulu tester. Nous avons parcouru 240km sur la Big Salmon River. Cette rivi\u00e8re qui prend sa source \u00e0&hellip;<\/p>\n","protected":false},"author":1,"featured_media":1780,"parent":0,"menu_order":72,"comment_status":"closed","ping_status":"closed","template":"","meta":{"footnotes":""},"class_list":["post-2804","page","type-page","status-publish","has-post-thumbnail","hentry"],"_links":{"self":[{"href":"https:\/\/terreboreale.com\/fr\/wp-json\/wp\/v2\/pages\/2804","targetHints":{"allow":["GET"]}}],"collection":[{"href":"https:\/\/terreboreale.com\/fr\/wp-json\/wp\/v2\/pages"}],"about":[{"href":"https:\/\/terreboreale.com\/fr\/wp-json\/wp\/v2\/types\/page"}],"author":[{"embeddable":true,"href":"https:\/\/terreboreale.com\/fr\/wp-json\/wp\/v2\/users\/1"}],"replies":[{"embeddable":true,"href":"https:\/\/terreboreale.com\/fr\/wp-json\/wp\/v2\/comments?post=2804"}],"version-history":[{"count":11,"href":"https:\/\/terreboreale.com\/fr\/wp-json\/wp\/v2\/pages\/2804\/revisions"}],"predecessor-version":[{"id":10197,"href":"https:\/\/terreboreale.com\/fr\/wp-json\/wp\/v2\/pages\/2804\/revisions\/10197"}],"wp:featuredmedia":[{"embeddable":true,"href":"https:\/\/terreboreale.com\/fr\/wp-json\/wp\/v2\/media\/1780"}],"wp:attachment":[{"href":"https:\/\/terreboreale.com\/fr\/wp-json\/wp\/v2\/media?parent=2804"}],"curies":[{"name":"wp","href":"https:\/\/api.w.org\/{rel}","templated":true}]}}