{"id":2764,"date":"2021-03-10T22:01:24","date_gmt":"2021-03-10T22:01:24","guid":{"rendered":"https:\/\/terreboreale.com\/canoeing\/"},"modified":"2026-02-25T15:20:40","modified_gmt":"2026-02-25T22:20:40","slug":"canoe","status":"publish","type":"page","link":"https:\/\/terreboreale.com\/fr\/canoe\/","title":{"rendered":"Cano\u00eb"},"content":{"rendered":"\t\t<div data-elementor-type=\"wp-page\" data-elementor-id=\"2764\" class=\"elementor elementor-2764 elementor-891\" data-elementor-post-type=\"page\">\n\t\t\t\t\t\t<section class=\"elementor-section elementor-top-section elementor-element elementor-element-609f3b1 elementor-section-boxed elementor-section-height-default elementor-section-height-default\" data-id=\"609f3b1\" data-element_type=\"section\">\n\t\t\t\t\t\t<div class=\"elementor-container elementor-column-gap-default\">\n\t\t\t\t\t<div class=\"elementor-column elementor-col-100 elementor-top-column elementor-element elementor-element-86119ca\" data-id=\"86119ca\" data-element_type=\"column\">\n\t\t\t<div class=\"elementor-widget-wrap elementor-element-populated\">\n\t\t\t\t\t\t<div class=\"elementor-element elementor-element-e9e3487 elementor-widget elementor-widget-spacer\" data-id=\"e9e3487\" data-element_type=\"widget\" data-widget_type=\"spacer.default\">\n\t\t\t\t<div class=\"elementor-widget-container\">\n\t\t\t\t\t\t\t<div class=\"elementor-spacer\">\n\t\t\t<div class=\"elementor-spacer-inner\"><\/div>\n\t\t<\/div>\n\t\t\t\t\t\t<\/div>\n\t\t\t\t<\/div>\n\t\t\t\t<section class=\"elementor-section elementor-inner-section elementor-element elementor-element-68e4884 elementor-section-boxed elementor-section-height-default elementor-section-height-default\" data-id=\"68e4884\" data-element_type=\"section\">\n\t\t\t\t\t\t<div class=\"elementor-container elementor-column-gap-default\">\n\t\t\t\t\t<div class=\"elementor-column elementor-col-33 elementor-inner-column elementor-element elementor-element-f199438\" data-id=\"f199438\" data-element_type=\"column\">\n\t\t\t<div class=\"elementor-widget-wrap\">\n\t\t\t\t\t\t\t<\/div>\n\t\t<\/div>\n\t\t\t\t<div class=\"elementor-column elementor-col-33 elementor-inner-column elementor-element elementor-element-bc5443f\" data-id=\"bc5443f\" data-element_type=\"column\">\n\t\t\t<div class=\"elementor-widget-wrap elementor-element-populated\">\n\t\t\t\t\t\t<div class=\"elementor-element elementor-element-86530a7 elementor-widget elementor-widget-heading\" data-id=\"86530a7\" data-element_type=\"widget\" data-widget_type=\"heading.default\">\n\t\t\t\t<div class=\"elementor-widget-container\">\n\t\t\t\t\t<h2 class=\"elementor-heading-title elementor-size-default\">Cano\u00eb au Yukon \u2013 Circuits Guid\u00e9s &amp; Descentes en Rivi\u00e8re<\/h2>\t\t\t\t<\/div>\n\t\t\t\t<\/div>\n\t\t\t\t<div class=\"elementor-element elementor-element-aa6753d elementor-widget elementor-widget-text-editor\" data-id=\"aa6753d\" data-element_type=\"widget\" data-widget_type=\"text-editor.default\">\n\t\t\t\t<div class=\"elementor-widget-container\">\n\t\t\t\t\t\t\t\t\t<p data-start=\"484\" data-end=\"843\">Terre Bor\u00e9ale propose des circuits guid\u00e9s en cano\u00eb au Yukon et des descentes en rivi\u00e8re qui vous emm\u00e8nent au c\u0153ur de la nature sauvage.<\/p><p data-start=\"484\" data-end=\"843\">Bas\u00e9s \u00e0 Whitehorse, nous organisons des aventures en cano\u00eb au Yukon en petit groupe sur des rivi\u00e8res embl\u00e9matiques comme la <span class=\"hover:entity-accent entity-underline inline cursor-pointer align-baseline\"><span class=\"whitespace-normal\">Yukon River<\/span><\/span>\u00a0et d\u2019autres cours d\u2019eau pr\u00e9serv\u00e9s.<\/p><p data-start=\"845\" data-end=\"1094\">Nos circuits guid\u00e9s combinent s\u00e9curit\u00e9, expertise locale et immersion en pleine nature. Une mani\u00e8re unique de d\u00e9couvrir le territoire au fil de l\u2019eau.<\/p>\t\t\t\t\t\t\t\t<\/div>\n\t\t\t\t<\/div>\n\t\t\t\t<div class=\"elementor-element elementor-element-bfba7e7 elementor-widget elementor-widget-heading\" data-id=\"bfba7e7\" data-element_type=\"widget\" data-widget_type=\"heading.default\">\n\t\t\t\t<div class=\"elementor-widget-container\">\n\t\t\t\t\t<h2 class=\"elementor-heading-title elementor-size-default\">Pourquoi choisir un circuit guid\u00e9 en cano\u00eb au Yukon avec Terre Bor\u00e9ale ?<\/h2>\t\t\t\t<\/div>\n\t\t\t\t<\/div>\n\t\t\t\t<div class=\"elementor-element elementor-element-03234c2 elementor-widget elementor-widget-text-editor\" data-id=\"03234c2\" data-element_type=\"widget\" data-widget_type=\"text-editor.default\">\n\t\t\t\t<div class=\"elementor-widget-container\">\n\t\t\t\t\t\t\t\t\t<p data-start=\"1176\" data-end=\"1433\">Naviguez sur les rivi\u00e8res du Yukon avec des guides exp\u00e9riment\u00e9s qui assurent \u00e0 la fois s\u00e9curit\u00e9 et qualit\u00e9 d\u2019exp\u00e9rience. Pagayez \u00e0 travers des paysages grandioses, observez la faune dans son habitat naturel et profitez du calme des voies navigables isol\u00e9es.<\/p><p data-start=\"1435\" data-end=\"1686\">Chaque soir, un moment inattendu vous attend : des <a href=\"https:\/\/terreboreale.com\/fr\/notre-cuisine\/\">repas<\/a> gourmands que l\u2019on n\u2019imagine pas toujours lors d\u2019une aventure en cano\u00eb au Yukon. Lasagnes maison, risotto aux morilles, coq au vin\u2026 quelques exemples des plats que vous pourrez d\u00e9guster au camp.<\/p><p data-start=\"1688\" data-end=\"1858\">Nos circuits guid\u00e9s en cano\u00eb au Yukon offrent un \u00e9quilibre entre exploration encadr\u00e9e et libert\u00e9 sur l\u2019eau, pour une descente \u00e0 la fois s\u00e9curitaire et m\u00e9morable.<\/p>\t\t\t\t\t\t\t\t<\/div>\n\t\t\t\t<\/div>\n\t\t\t\t<div class=\"elementor-element elementor-element-4542260 elementor-widget elementor-widget-heading\" data-id=\"4542260\" data-element_type=\"widget\" data-widget_type=\"heading.default\">\n\t\t\t\t<div class=\"elementor-widget-container\">\n\t\t\t\t\t<h2 class=\"elementor-heading-title elementor-size-default\">Petits groupes et immersion authentique en nature<\/h2>\t\t\t\t<\/div>\n\t\t\t\t<\/div>\n\t\t\t\t<div class=\"elementor-element elementor-element-2b93673 elementor-widget elementor-widget-text-editor\" data-id=\"2b93673\" data-element_type=\"widget\" data-widget_type=\"text-editor.default\">\n\t\t\t\t<div class=\"elementor-widget-container\">\n\t\t\t\t\t\t\t\t\t<p data-start=\"1919\" data-end=\"2049\">Nos petits groupes nous permettent de r\u00e9duire notre <a href=\"https:\/\/terreboreale.com\/fr\/tourisme-responsable\/\">impact<\/a> environnemental tout en offrant une exp\u00e9rience personnalis\u00e9e sur l\u2019eau.<\/p><p data-start=\"2051\" data-end=\"2237\">Chaque descente en cano\u00eb au Yukon est adapt\u00e9e \u00e0 votre niveau, votre rythme et vos objectifs. D\u00e9butants comme pagayeurs exp\u00e9riment\u00e9s peuvent ainsi vivre une aventure fluide et accessible.<\/p><p data-start=\"2239\" data-end=\"2587\">Tout au long du s\u00e9jour, vous apprendrez des gestes simples pour limiter votre empreinte sur les territoires que nous traversons. Chez Terre Bor\u00e9ale, le respect du territoire et la pr\u00e9servation des milieux naturels guident chacune de nos aventures en cano\u00eb afin que ces lieux conservent leur caract\u00e8re sauvage pour les g\u00e9n\u00e9rations futures.<\/p><p data-start=\"2594\" data-end=\"2718\">D\u00e9couvrez nos itin\u00e9raires d\u00e9taill\u00e9s jour apr\u00e8s jour ci-dessous et <a href=\"https:\/\/terreboreale.com\/fr\/contact\/\">contactez-nous<\/a> si vous souhaitez davantage d\u2019informations. Si vous souhaitez prolonger votre voyage au Yukon, nous proposons \u00e9galement des aventures en <a href=\"https:\/\/terreboreale.com\/fr\/treks-guides-yukon\/\">randonn\u00e9e.<\/a><\/p>\t\t\t\t\t\t\t\t<\/div>\n\t\t\t\t<\/div>\n\t\t\t\t\t<\/div>\n\t\t<\/div>\n\t\t\t\t<div class=\"elementor-column elementor-col-33 elementor-inner-column elementor-element elementor-element-6ada692\" data-id=\"6ada692\" data-element_type=\"column\">\n\t\t\t<div class=\"elementor-widget-wrap\">\n\t\t\t\t\t\t\t<\/div>\n\t\t<\/div>\n\t\t\t\t\t<\/div>\n\t\t<\/section>\n\t\t\t\t<div class=\"elementor-element elementor-element-2926867 elementor-widget elementor-widget-spacer\" data-id=\"2926867\" data-element_type=\"widget\" data-widget_type=\"spacer.default\">\n\t\t\t\t<div class=\"elementor-widget-container\">\n\t\t\t\t\t\t\t<div class=\"elementor-spacer\">\n\t\t\t<div class=\"elementor-spacer-inner\"><\/div>\n\t\t<\/div>\n\t\t\t\t\t\t<\/div>\n\t\t\t\t<\/div>\n\t\t\t\t<div class=\"elementor-element elementor-element-3d89b84 elementor-widget elementor-widget-heading\" data-id=\"3d89b84\" data-element_type=\"widget\" data-widget_type=\"heading.default\">\n\t\t\t\t<div class=\"elementor-widget-container\">\n\t\t\t\t\t<h2 class=\"elementor-heading-title elementor-size-default\">D\u00e9couvrez nos aventures en cano\u00eb<\/h2>\t\t\t\t<\/div>\n\t\t\t\t<\/div>\n\t\t\t\t<div class=\"elementor-element elementor-element-007dd27 elementor-widget elementor-widget-shortcode\" data-id=\"007dd27\" data-element_type=\"widget\" data-widget_type=\"shortcode.default\">\n\t\t\t\t<div class=\"elementor-widget-container\">\n\t\t\t\t\t\t\t<div class=\"elementor-shortcode\"><div class=\"tours-feed\">\n            <div class=\"tour-wrap\">\n                <a href=\"https:\/\/terreboreale.com\/fr\/tour\/au-fil-de-la-yukon-river-laberge-carmacks\/\" class=\"cover-link\" title=\"Au fil de la Yukon River, Laberge-Carmacks\">Au fil de la Yukon River, Laberge-Carmacks<\/a>\n                <div class=\"image-wrap\" style=\"background:linear-gradient(to right, rgba(0,0,0,0.4) 0%, rgba(0,0,0,0) 40%), url(https:\/\/terreboreale.com\/wp-content\/uploads\/2021\/03\/Yukon-River-Big-Salmon-Canoes.jpg);\"><\/div>\n                <div class=\"overlay\"><\/div>\n                <div class=\"titles\">\n                    <h2>Au fil de la Yukon River, Laberge-Carmacks<\/h2>\n                    <p>Une version courte de la descente de la Yukon River en cano\u00eb, ce s\u00e9jour est id\u00e9al pour ceux qui souhaitent s\u2019essayer au cano\u00eb tout en d\u00e9couvrant l\u2019histoire de cette rivi\u00e8re fameuse depuis la ru\u00e9e vers l\u2019or des ann\u00e9es 1890. <\/p>\n\n                    <a href=\"https:\/\/terreboreale.com\/fr\/tour\/au-fil-de-la-yukon-river-laberge-carmacks\/\" class=\"button\" title=\"Au fil de la Yukon River, Laberge-Carmacks\">D\u00e9couvrir<\/a>\n                <\/div>\n                <div class=\"meta-details\">\n                    <div class=\"dates\"><img decoding=\"async\" src=\"\/wp-content\/uploads\/2021\/03\/ico-dates.svg\" alt=\"dates\"><p>Du 25 juin au 2 juillet 2026 &#8211; 7 places restantes<\/p>\n<p>Autres dates nous contacter<\/p>\n<\/div>\n                    <div class=\"two-cols\" style=\"clear:both;\">\n                        <div class=\"col availability\"><img decoding=\"async\" src=\"\/wp-content\/uploads\/2021\/03\/ico-group-size.svg\" alt=\"availability\"><strong>Groupe <\/strong><br\/>2 \u00e0 8<\/div>\n                        <div class=\"col duration\"><img decoding=\"async\" src=\"\/wp-content\/uploads\/2021\/03\/ico-duration.svg\" alt=\"duration\"><strong>Dur\u00e9e <\/strong><br\/>7 jours<\/div>\n                    <\/div>\n                    <div class=\"two-cols\" style=\"clear:both;\">\n                        <div class=\"col difficulty\"><img decoding=\"async\" src=\"https:\/\/terreboreale.com\/wp-content\/uploads\/2021\/03\/ico-difficulty-1.svg\" alt=\"difficulty: Facile\"><strong>Difficult\u00e9 <\/strong><br\/>Facile<\/div>\n                        <div class=\"col price\"><img decoding=\"async\" src=\"\/wp-content\/uploads\/2021\/03\/ico-price.svg\" alt=\"price\"><strong>Prix <\/strong><br\/>$3515 CAD + 5% TPS<\/div>\n                    <\/div>\n                <\/div>\n            <\/div>\n            <div class=\"tour-wrap\">\n                <a href=\"https:\/\/terreboreale.com\/fr\/tour\/au-fil-de-la-yukon-river-carmacks-dawson\/\" class=\"cover-link\" title=\"Au fil de la Yukon River, Carmacks-Dawson\">Au fil de la Yukon River, Carmacks-Dawson<\/a>\n                <div class=\"image-wrap\" style=\"background:linear-gradient(to right, rgba(0,0,0,0.4) 0%, rgba(0,0,0,0) 40%), url(https:\/\/terreboreale.com\/wp-content\/uploads\/2021\/03\/Yukon-River-fall-colours.jpg);\"><\/div>\n                <div class=\"overlay\"><\/div>\n                <div class=\"titles\">\n                    <h2>Au fil de la Yukon River, Carmacks-Dawson<\/h2>\n                    <p>Partez pour une aventure en cano\u00eb de Carmacks \u00e0 Dawson City et laissez le fleuve Yukon vous guider \u00e0 travers sa nature sauvage et pr\u00e9serv\u00e9e. Campez sous les ciels \u00e9toil\u00e9s, observez la faune et impr\u00e9gnez-vous de la beaut\u00e9 des lieux \u00e0 chaque instant.<\/p>\n\n                    <a href=\"https:\/\/terreboreale.com\/fr\/tour\/au-fil-de-la-yukon-river-carmacks-dawson\/\" class=\"button\" title=\"Au fil de la Yukon River, Carmacks-Dawson\">D\u00e9couvrir<\/a>\n                <\/div>\n                <div class=\"meta-details\">\n                    <div class=\"dates\"><img decoding=\"async\" src=\"\/wp-content\/uploads\/2021\/03\/ico-dates.svg\" alt=\"dates\"><p>20 au 31 juillet 2026 &#8211; 6 places restantes<\/p>\n<p>Autres dates nous contacter<\/p>\n<\/div>\n                    <div class=\"two-cols\" style=\"clear:both;\">\n                        <div class=\"col availability\"><img decoding=\"async\" src=\"\/wp-content\/uploads\/2021\/03\/ico-group-size.svg\" alt=\"availability\"><strong>Groupe <\/strong><br\/>3 \u00e0 8<\/div>\n                        <div class=\"col duration\"><img decoding=\"async\" src=\"\/wp-content\/uploads\/2021\/03\/ico-duration.svg\" alt=\"duration\"><strong>Dur\u00e9e <\/strong><br\/>11 jours<\/div>\n                    <\/div>\n                    <div class=\"two-cols\" style=\"clear:both;\">\n                        <div class=\"col difficulty\"><img decoding=\"async\" src=\"https:\/\/terreboreale.com\/wp-content\/uploads\/2021\/03\/ico-difficulty-2.svg\" alt=\"difficulty: Mod\u00e9r\u00e9\"><strong>Difficult\u00e9 <\/strong><br\/>Mod\u00e9r\u00e9<\/div>\n                        <div class=\"col price\"><img decoding=\"async\" src=\"\/wp-content\/uploads\/2021\/03\/ico-price.svg\" alt=\"price\"><strong>Prix <\/strong><br\/>$4880 CAD + 5% TPS<\/div>\n                    <\/div>\n                <\/div>\n            <\/div>\n            <div class=\"tour-wrap\">\n                <a href=\"https:\/\/terreboreale.com\/fr\/tour\/yukon-river-dans-le-sillage-des-chercheurs-dor\/\" class=\"cover-link\" title=\"Yukon river &#8211; Dans le sillage des chercheurs d\u2019or\">Yukon river &#8211; Dans le sillage des chercheurs d\u2019or<\/a>\n                <div class=\"image-wrap\" style=\"background:linear-gradient(to right, rgba(0,0,0,0.4) 0%, rgba(0,0,0,0) 40%), url(https:\/\/terreboreale.com\/wp-content\/uploads\/2021\/03\/Yukon-river-paddlers-canoeing.jpg);\"><\/div>\n                <div class=\"overlay\"><\/div>\n                <div class=\"titles\">\n                    <h2>Yukon river &#8211; Dans le sillage des chercheurs d\u2019or<\/h2>\n                    <p>Aussi bien historique que sauvage, la descente en cano\u00eb de la Yukon River entre le lac Laberge et Dawson City est un grand classique de l\u2019aventure yukonnaise. Laissez-vous transporter au c\u0153ur des paysages bor\u00e9als et d\u00e9couvrez les ruines encore pr\u00e9sentes de l\u2019\u00e9poque de la ru\u00e9e vers l\u2019or \u00e0 travers ce s\u00e9jour au fil de l&rsquo;eau.<\/p>\n\n                    <a href=\"https:\/\/terreboreale.com\/fr\/tour\/yukon-river-dans-le-sillage-des-chercheurs-dor\/\" class=\"button\" title=\"Yukon river &#8211; Dans le sillage des chercheurs d\u2019or\">D\u00e9couvrir<\/a>\n                <\/div>\n                <div class=\"meta-details\">\n                    <div class=\"dates\"><img decoding=\"async\" src=\"\/wp-content\/uploads\/2021\/03\/ico-dates.svg\" alt=\"dates\"><p>30 ao\u00fbt au 14 septembre 2026 &#8211; 6 places disponibles<\/p>\n<p>Autres dates, nous contacter<\/p>\n<p>&nbsp;<\/p>\n<\/div>\n                    <div class=\"two-cols\" style=\"clear:both;\">\n                        <div class=\"col availability\"><img decoding=\"async\" src=\"\/wp-content\/uploads\/2021\/03\/ico-group-size.svg\" alt=\"availability\"><strong>Groupe <\/strong><br\/>3 \u00e0 8<\/div>\n                        <div class=\"col duration\"><img decoding=\"async\" src=\"\/wp-content\/uploads\/2021\/03\/ico-duration.svg\" alt=\"duration\"><strong>Dur\u00e9e <\/strong><br\/>15 jours<\/div>\n                    <\/div>\n                    <div class=\"two-cols\" style=\"clear:both;\">\n                        <div class=\"col difficulty\"><img decoding=\"async\" src=\"https:\/\/terreboreale.com\/wp-content\/uploads\/2021\/03\/ico-difficulty-2.svg\" alt=\"difficulty: Mod\u00e9r\u00e9\"><strong>Difficult\u00e9 <\/strong><br\/>Mod\u00e9r\u00e9<\/div>\n                        <div class=\"col price\"><img decoding=\"async\" src=\"\/wp-content\/uploads\/2021\/03\/ico-price.svg\" alt=\"price\"><strong>Prix <\/strong><br\/>$5785 CAD + 5% TPS<\/div>\n                    <\/div>\n                <\/div>\n            <\/div>\n            <div class=\"tour-wrap\">\n                <a href=\"https:\/\/terreboreale.com\/fr\/tour\/riviere-upper-liard\/\" class=\"cover-link\" title=\"Rivi\u00e8re Upper Liard\">Rivi\u00e8re Upper Liard<\/a>\n                <div class=\"image-wrap\" style=\"background:linear-gradient(to right, rgba(0,0,0,0.4) 0%, rgba(0,0,0,0) 40%), url(https:\/\/terreboreale.com\/wp-content\/uploads\/2022\/09\/caribou-creek-voyage-canoe-yukon.jpg);\"><\/div>\n                <div class=\"overlay\"><\/div>\n                <div class=\"titles\">\n                    <h2>Rivi\u00e8re Upper Liard<\/h2>\n                    <p>Partez pour une exp\u00e9dition de 11 jours sur la rivi\u00e8re Upper Liard, entre lacs, ruisseaux sinueux et sections plus rapides. C&rsquo;est une aventure compl\u00e8te en cano\u00eb, avec campements sauvages, paysages uniques et une faune au rendez-vous.<\/p>\n\n                    <a href=\"https:\/\/terreboreale.com\/fr\/tour\/riviere-upper-liard\/\" class=\"button\" title=\"Rivi\u00e8re Upper Liard\">D\u00e9couvrir<\/a>\n                <\/div>\n                <div class=\"meta-details\">\n                    <div class=\"dates\"><img decoding=\"async\" src=\"\/wp-content\/uploads\/2021\/03\/ico-dates.svg\" alt=\"dates\"><p>18 au 30 juillet 2026 &#8211; 8 places restantes<\/p>\n<p>Autres dates, nous contacter<\/p>\n<\/div>\n                    <div class=\"two-cols\" style=\"clear:both;\">\n                        <div class=\"col availability\"><img decoding=\"async\" src=\"\/wp-content\/uploads\/2021\/03\/ico-group-size.svg\" alt=\"availability\"><strong>Groupe <\/strong><br\/>3 \u00e0 8<\/div>\n                        <div class=\"col duration\"><img decoding=\"async\" src=\"\/wp-content\/uploads\/2021\/03\/ico-duration.svg\" alt=\"duration\"><strong>Dur\u00e9e <\/strong><br\/>12 jours<\/div>\n                    <\/div>\n                    <div class=\"two-cols\" style=\"clear:both;\">\n                        <div class=\"col difficulty\"><img decoding=\"async\" src=\"https:\/\/terreboreale.com\/wp-content\/uploads\/2021\/03\/ico-difficulty-3.svg\" alt=\"difficulty: Difficile\"><strong>Difficult\u00e9 <\/strong><br\/>Difficile<\/div>\n                        <div class=\"col price\"><img decoding=\"async\" src=\"\/wp-content\/uploads\/2021\/03\/ico-price.svg\" alt=\"price\"><strong>Prix <\/strong><br\/>$6875 CAD + 5% TPS<\/div>\n                    <\/div>\n                <\/div>\n            <\/div><\/div><\/div>\n\t\t\t\t\t\t<\/div>\n\t\t\t\t<\/div>\n\t\t\t\t<div class=\"elementor-element elementor-element-b1b0016 elementor-widget elementor-widget-spacer\" data-id=\"b1b0016\" data-element_type=\"widget\" data-widget_type=\"spacer.default\">\n\t\t\t\t<div class=\"elementor-widget-container\">\n\t\t\t\t\t\t\t<div class=\"elementor-spacer\">\n\t\t\t<div class=\"elementor-spacer-inner\"><\/div>\n\t\t<\/div>\n\t\t\t\t\t\t<\/div>\n\t\t\t\t<\/div>\n\t\t\t\t\t<\/div>\n\t\t<\/div>\n\t\t\t\t\t<\/div>\n\t\t<\/section>\n\t\t\t\t<section class=\"elementor-section elementor-top-section elementor-element elementor-element-2fcf0cd1 elementor-section-boxed elementor-section-height-default elementor-section-height-default\" data-id=\"2fcf0cd1\" data-element_type=\"section\">\n\t\t\t\t\t\t<div class=\"elementor-container elementor-column-gap-default\">\n\t\t\t\t\t<div class=\"elementor-column elementor-col-33 elementor-top-column elementor-element elementor-element-2f39cf78\" data-id=\"2f39cf78\" data-element_type=\"column\">\n\t\t\t<div class=\"elementor-widget-wrap elementor-element-populated\">\n\t\t\t\t\t\t<div class=\"elementor-element elementor-element-582be7fb image-box-heading-over elementor-position-top elementor-widget elementor-widget-image-box\" data-id=\"582be7fb\" data-element_type=\"widget\" data-widget_type=\"image-box.default\">\n\t\t\t\t<div class=\"elementor-widget-container\">\n\t\t\t\t\t<div class=\"elementor-image-box-wrapper\"><figure class=\"elementor-image-box-img\"><a href=\"https:\/\/terreboreale.com\/fr\/conditions-de-ventes\/\" tabindex=\"-1\"><img fetchpriority=\"high\" decoding=\"async\" width=\"1500\" height=\"1001\" src=\"https:\/\/terreboreale.com\/wp-content\/uploads\/2021\/03\/Yukon-ruby-range-ptarmigan-fireweed-1500x1001.jpg\" class=\"attachment-medium size-medium wp-image-1800\" alt=\"Yukon-ruby-range-ptarmigan-fireweed\" srcset=\"https:\/\/terreboreale.com\/wp-content\/uploads\/2021\/03\/Yukon-ruby-range-ptarmigan-fireweed-1500x1001.jpg 1500w, https:\/\/terreboreale.com\/wp-content\/uploads\/2021\/03\/Yukon-ruby-range-ptarmigan-fireweed-768x512.jpg 768w, https:\/\/terreboreale.com\/wp-content\/uploads\/2021\/03\/Yukon-ruby-range-ptarmigan-fireweed-1536x1025.jpg 1536w, https:\/\/terreboreale.com\/wp-content\/uploads\/2021\/03\/Yukon-ruby-range-ptarmigan-fireweed.jpg 2000w\" sizes=\"(max-width: 1500px) 100vw, 1500px\" \/><\/a><\/figure><div class=\"elementor-image-box-content\"><h3 class=\"elementor-image-box-title\"><a href=\"https:\/\/terreboreale.com\/fr\/conditions-de-ventes\/\">CONDITIONS DE VENTE<\/a><\/h3><\/div><\/div>\t\t\t\t<\/div>\n\t\t\t\t<\/div>\n\t\t\t\t\t<\/div>\n\t\t<\/div>\n\t\t\t\t<div class=\"elementor-column elementor-col-33 elementor-top-column elementor-element elementor-element-2b1a8973\" data-id=\"2b1a8973\" data-element_type=\"column\">\n\t\t\t<div class=\"elementor-widget-wrap elementor-element-populated\">\n\t\t\t\t\t\t<div class=\"elementor-element elementor-element-69b72601 image-box-heading-over elementor-position-top elementor-widget elementor-widget-image-box\" data-id=\"69b72601\" data-element_type=\"widget\" data-widget_type=\"image-box.default\">\n\t\t\t\t<div class=\"elementor-widget-container\">\n\t\t\t\t\t<div class=\"elementor-image-box-wrapper\"><figure class=\"elementor-image-box-img\"><a href=\"https:\/\/terreboreale.com\/fr\/a-propos\/\" tabindex=\"-1\"><img decoding=\"async\" width=\"1500\" height=\"1001\" src=\"https:\/\/terreboreale.com\/wp-content\/uploads\/2021\/03\/Milena-Max-Bocks-Lake-Yukon-1500x1001.jpg\" class=\"attachment-medium size-medium wp-image-1844\" alt=\"Mil\u00e9na-Max-Bocks-Lake-Yukon\" srcset=\"https:\/\/terreboreale.com\/wp-content\/uploads\/2021\/03\/Milena-Max-Bocks-Lake-Yukon-1500x1001.jpg 1500w, https:\/\/terreboreale.com\/wp-content\/uploads\/2021\/03\/Milena-Max-Bocks-Lake-Yukon-768x512.jpg 768w, https:\/\/terreboreale.com\/wp-content\/uploads\/2021\/03\/Milena-Max-Bocks-Lake-Yukon-1536x1025.jpg 1536w, https:\/\/terreboreale.com\/wp-content\/uploads\/2021\/03\/Milena-Max-Bocks-Lake-Yukon.jpg 2000w\" sizes=\"(max-width: 1500px) 100vw, 1500px\" \/><\/a><\/figure><div class=\"elementor-image-box-content\"><h3 class=\"elementor-image-box-title\"><a href=\"https:\/\/terreboreale.com\/fr\/a-propos\/\">NOTRE \u00c9QUIPE<\/a><\/h3><\/div><\/div>\t\t\t\t<\/div>\n\t\t\t\t<\/div>\n\t\t\t\t\t<\/div>\n\t\t<\/div>\n\t\t\t\t<div class=\"elementor-column elementor-col-33 elementor-top-column elementor-element elementor-element-4df0a915\" data-id=\"4df0a915\" data-element_type=\"column\">\n\t\t\t<div class=\"elementor-widget-wrap elementor-element-populated\">\n\t\t\t\t\t\t<div class=\"elementor-element elementor-element-1cacadc4 image-box-heading-over elementor-position-top elementor-widget elementor-widget-image-box\" data-id=\"1cacadc4\" data-element_type=\"widget\" data-widget_type=\"image-box.default\">\n\t\t\t\t<div class=\"elementor-widget-container\">\n\t\t\t\t\t<div class=\"elementor-image-box-wrapper\"><figure class=\"elementor-image-box-img\"><a href=\"https:\/\/terreboreale.com\/fr\/securite-et-sensibilisation-aux-risques\/\" tabindex=\"-1\"><img decoding=\"async\" width=\"1500\" height=\"1000\" src=\"https:\/\/terreboreale.com\/wp-content\/uploads\/2021\/04\/Ogilvie-Mountains-Tombstone-Exploration-2017-3-1500x1000.jpg\" class=\"attachment-medium size-medium wp-image-3612\" alt=\"\" srcset=\"https:\/\/terreboreale.com\/wp-content\/uploads\/2021\/04\/Ogilvie-Mountains-Tombstone-Exploration-2017-3-1500x1000.jpg 1500w, https:\/\/terreboreale.com\/wp-content\/uploads\/2021\/04\/Ogilvie-Mountains-Tombstone-Exploration-2017-3-768x512.jpg 768w, https:\/\/terreboreale.com\/wp-content\/uploads\/2021\/04\/Ogilvie-Mountains-Tombstone-Exploration-2017-3-1536x1024.jpg 1536w, https:\/\/terreboreale.com\/wp-content\/uploads\/2021\/04\/Ogilvie-Mountains-Tombstone-Exploration-2017-3.jpg 2000w\" sizes=\"(max-width: 1500px) 100vw, 1500px\" \/><\/a><\/figure><div class=\"elementor-image-box-content\"><h3 class=\"elementor-image-box-title\"><a href=\"https:\/\/terreboreale.com\/fr\/securite-et-sensibilisation-aux-risques\/\">S\u00c9CURIT\u00c9<\/a><\/h3><\/div><\/div>\t\t\t\t<\/div>\n\t\t\t\t<\/div>\n\t\t\t\t\t<\/div>\n\t\t<\/div>\n\t\t\t\t\t<\/div>\n\t\t<\/section>\n\t\t\t\t<\/div>\n\t\t","protected":false},"excerpt":{"rendered":"<p>Cano\u00eb au Yukon \u2013 Circuits Guid\u00e9s &amp; Descentes en Rivi\u00e8re Terre Bor\u00e9ale propose des circuits guid\u00e9s en cano\u00eb au Yukon et des descentes en rivi\u00e8re qui vous emm\u00e8nent au c\u0153ur de la nature sauvage. Bas\u00e9s \u00e0 Whitehorse, nous organisons des aventures en cano\u00eb au Yukon en petit groupe sur des rivi\u00e8res embl\u00e9matiques comme la Yukon&hellip;<\/p>\n","protected":false},"author":1,"featured_media":1778,"parent":0,"menu_order":11,"comment_status":"closed","ping_status":"closed","template":"","meta":{"footnotes":""},"class_list":["post-2764","page","type-page","status-publish","has-post-thumbnail","hentry"],"_links":{"self":[{"href":"https:\/\/terreboreale.com\/fr\/wp-json\/wp\/v2\/pages\/2764","targetHints":{"allow":["GET"]}}],"collection":[{"href":"https:\/\/terreboreale.com\/fr\/wp-json\/wp\/v2\/pages"}],"about":[{"href":"https:\/\/terreboreale.com\/fr\/wp-json\/wp\/v2\/types\/page"}],"author":[{"embeddable":true,"href":"https:\/\/terreboreale.com\/fr\/wp-json\/wp\/v2\/users\/1"}],"replies":[{"embeddable":true,"href":"https:\/\/terreboreale.com\/fr\/wp-json\/wp\/v2\/comments?post=2764"}],"version-history":[{"count":30,"href":"https:\/\/terreboreale.com\/fr\/wp-json\/wp\/v2\/pages\/2764\/revisions"}],"predecessor-version":[{"id":10091,"href":"https:\/\/terreboreale.com\/fr\/wp-json\/wp\/v2\/pages\/2764\/revisions\/10091"}],"wp:featuredmedia":[{"embeddable":true,"href":"https:\/\/terreboreale.com\/fr\/wp-json\/wp\/v2\/media\/1778"}],"wp:attachment":[{"href":"https:\/\/terreboreale.com\/fr\/wp-json\/wp\/v2\/media?parent=2764"}],"curies":[{"name":"wp","href":"https:\/\/api.w.org\/{rel}","templated":true}]}}